{"id":811,"date":"2024-05-23T11:36:44","date_gmt":"2024-05-23T11:36:44","guid":{"rendered":"https:\/\/projekti.imi.hr\/humenhealth\/?page_id=811"},"modified":"2025-11-28T09:53:25","modified_gmt":"2025-11-28T09:53:25","slug":"popularizacija","status":"publish","type":"page","link":"https:\/\/projekti.imi.hr\/humenhealth\/popularizacija\/","title":{"rendered":"Popularizacija"},"content":{"rendered":"\n<p>Sudjelujemo u raznim edukacijskim i popularno-znanstvenim manifestacijama u organizaciji vrti\u0107a, \u0161kola, fakulteta i javnih ili privatnih kompanija. Tako\u0111er organiziramo dje\u010dje radionice i posje\u0107ujemo vrti\u0107e i \u0161kole. <br>U razdoblju od sije\u010dnja do lipnja 2024. godine sudjelovali smo u edukaciji nastavnika (podru\u010dja biologije, kemije, tjelesne i zdrastvene kulture, prehrane i veterine) u sklopu stru\u010dnih vije\u0107a nastavnika te na popularno-znanstvenim manifestacijama za u\u010denike, studenete i \u0161iru javnost. Odr\u017eali smo nekoliko radionica za djecu i priredili edukativni letak \u201ePrevarite svoje kradljivce spavanja\u02dd povodom Svjetskog dana spavanja. Detaljnije informacije o provedenim aktivnostima nalaze se u fotoizvje\u0161tajima u nastavku i tablici na <a href=\"http:\/\/projekti.imi.hr\/humenhealth\/wp-content\/uploads\/sites\/4\/2024\/06\/EVIDENCIJA_Popularizacijske-aktivnosti_ZMRO_1-dio-1.pdf\">poveznici<\/a>.<\/p>\n\n\n\n<figure class=\"wp-block-image size-large\"><img fetchpriority=\"high\" decoding=\"async\" width=\"1024\" height=\"576\" src=\"https:\/\/projekti.imi.hr\/humenhealth\/wp-content\/uploads\/sites\/4\/2024\/06\/Predavanja_ZMRO_1-1024x576.jpg\" alt=\"\" class=\"wp-image-834\" srcset=\"https:\/\/projekti.imi.hr\/humenhealth\/wp-content\/uploads\/sites\/4\/2024\/06\/Predavanja_ZMRO_1-1024x576.jpg 1024w, https:\/\/projekti.imi.hr\/humenhealth\/wp-content\/uploads\/sites\/4\/2024\/06\/Predavanja_ZMRO_1-300x169.jpg 300w, https:\/\/projekti.imi.hr\/humenhealth\/wp-content\/uploads\/sites\/4\/2024\/06\/Predavanja_ZMRO_1-768x432.jpg 768w, https:\/\/projekti.imi.hr\/humenhealth\/wp-content\/uploads\/sites\/4\/2024\/06\/Predavanja_ZMRO_1-800x450.jpg 800w, https:\/\/projekti.imi.hr\/humenhealth\/wp-content\/uploads\/sites\/4\/2024\/06\/Predavanja_ZMRO_1.jpg 1280w\" sizes=\"(max-width: 1024px) 100vw, 1024px\" \/><\/figure>\n\n\n\n<figure class=\"wp-block-image size-large\"><img decoding=\"async\" width=\"1024\" height=\"576\" src=\"https:\/\/projekti.imi.hr\/humenhealth\/wp-content\/uploads\/sites\/4\/2024\/06\/Radionice_ZMRO_1-1024x576.jpg\" alt=\"\" class=\"wp-image-835\" srcset=\"https:\/\/projekti.imi.hr\/humenhealth\/wp-content\/uploads\/sites\/4\/2024\/06\/Radionice_ZMRO_1-1024x576.jpg 1024w, https:\/\/projekti.imi.hr\/humenhealth\/wp-content\/uploads\/sites\/4\/2024\/06\/Radionice_ZMRO_1-300x169.jpg 300w, https:\/\/projekti.imi.hr\/humenhealth\/wp-content\/uploads\/sites\/4\/2024\/06\/Radionice_ZMRO_1-768x432.jpg 768w, https:\/\/projekti.imi.hr\/humenhealth\/wp-content\/uploads\/sites\/4\/2024\/06\/Radionice_ZMRO_1-800x450.jpg 800w, https:\/\/projekti.imi.hr\/humenhealth\/wp-content\/uploads\/sites\/4\/2024\/06\/Radionice_ZMRO_1.jpg 1280w\" sizes=\"(max-width: 1024px) 100vw, 1024px\" \/><\/figure>\n\n\n\n<p><strong>U 2025. godini<\/strong> aktivno smo nastavili promicati znanost u\u010dencima, studentima, nastavnicima i \u0161iroj javnosti. Odr\u017eali smo 20 popularnih predavanja iz podru\u010dja medicine rada i okoli\u0161a te demonstrirali metode rada\u00a0u laboratorijima\u00a0za analizu metala i sastav tijela u\u010denicima O\u0160 Cetingrad i Zdravstvenog u\u010dili\u0161ta u Zagrebu te studentima Sveu\u010dili\u0161ta Slavonski Brod. Vi\u0161e od 300 osoba poslu\u0161alo je na\u0161a predavanja i posjetilo laboratorije.<br>Detaljnije informacije o provedenim aktivnostima nalaze se u fotoizvje\u0161tajima u nastavku i tablici na <a href=\"http:\/\/projekti.imi.hr\/humenhealth\/wp-content\/uploads\/sites\/4\/2025\/11\/EVIDENCIJA_Popularizacijske-aktivnosti_ZMRO_2025-godina.pdf\">poveznici<\/a><em>.<\/em><\/p>\n\n\n\n<figure class=\"wp-block-image size-large\"><img decoding=\"async\" width=\"1024\" height=\"576\" src=\"https:\/\/projekti.imi.hr\/humenhealth\/wp-content\/uploads\/sites\/4\/2025\/11\/Predavanja_ZMRO_2025_300dpi-1-1024x576.jpg\" alt=\"\" class=\"wp-image-1228\" srcset=\"https:\/\/projekti.imi.hr\/humenhealth\/wp-content\/uploads\/sites\/4\/2025\/11\/Predavanja_ZMRO_2025_300dpi-1-1024x576.jpg 1024w, https:\/\/projekti.imi.hr\/humenhealth\/wp-content\/uploads\/sites\/4\/2025\/11\/Predavanja_ZMRO_2025_300dpi-1-300x169.jpg 300w, https:\/\/projekti.imi.hr\/humenhealth\/wp-content\/uploads\/sites\/4\/2025\/11\/Predavanja_ZMRO_2025_300dpi-1-768x432.jpg 768w, https:\/\/projekti.imi.hr\/humenhealth\/wp-content\/uploads\/sites\/4\/2025\/11\/Predavanja_ZMRO_2025_300dpi-1-800x450.jpg 800w, https:\/\/projekti.imi.hr\/humenhealth\/wp-content\/uploads\/sites\/4\/2025\/11\/Predavanja_ZMRO_2025_300dpi-1.jpg 1280w\" sizes=\"(max-width: 1024px) 100vw, 1024px\" \/><\/figure>\n\n\n\n<figure class=\"wp-block-image size-large\"><img loading=\"lazy\" decoding=\"async\" width=\"1024\" height=\"576\" src=\"https:\/\/projekti.imi.hr\/humenhealth\/wp-content\/uploads\/sites\/4\/2025\/11\/Obilasci-laboratorija_ZMRO_2025_300dpi-1-1024x576.jpg\" alt=\"\" class=\"wp-image-1227\" srcset=\"https:\/\/projekti.imi.hr\/humenhealth\/wp-content\/uploads\/sites\/4\/2025\/11\/Obilasci-laboratorija_ZMRO_2025_300dpi-1-1024x576.jpg 1024w, https:\/\/projekti.imi.hr\/humenhealth\/wp-content\/uploads\/sites\/4\/2025\/11\/Obilasci-laboratorija_ZMRO_2025_300dpi-1-300x169.jpg 300w, https:\/\/projekti.imi.hr\/humenhealth\/wp-content\/uploads\/sites\/4\/2025\/11\/Obilasci-laboratorija_ZMRO_2025_300dpi-1-768x432.jpg 768w, https:\/\/projekti.imi.hr\/humenhealth\/wp-content\/uploads\/sites\/4\/2025\/11\/Obilasci-laboratorija_ZMRO_2025_300dpi-1-800x450.jpg 800w, https:\/\/projekti.imi.hr\/humenhealth\/wp-content\/uploads\/sites\/4\/2025\/11\/Obilasci-laboratorija_ZMRO_2025_300dpi-1.jpg 1280w\" sizes=\"(max-width: 1024px) 100vw, 1024px\" \/><\/figure>\n","protected":false},"excerpt":{"rendered":"<p>Sudjelujemo u raznim edukacijskim i popularno-znanstvenim manifestacijama u organizaciji vrti\u0107a, \u0161kola, fakulteta i javnih ili privatnih kompanija. Tako\u0111er organiziramo dje\u010dje radionice i posje\u0107ujemo vrti\u0107e i \u0161kole. U razdoblju od sije\u010dnja do lipnja 2024. godine sudjelovali smo u edukaciji nastavnika (podru\u010dja biologije, kemije, tjelesne i zdrastvene kulture, prehrane i veterine) u sklopu stru\u010dnih vije\u0107a nastavnika te [&hellip;]<\/p>\n","protected":false},"author":11,"featured_media":0,"parent":0,"menu_order":0,"comment_status":"closed","ping_status":"closed","template":"","meta":{"footnotes":""},"class_list":["post-811","page","type-page","status-publish","hentry","entry"],"_links":{"self":[{"href":"https:\/\/projekti.imi.hr\/humenhealth\/wp-json\/wp\/v2\/pages\/811","targetHints":{"allow":["GET"]}}],"collection":[{"href":"https:\/\/projekti.imi.hr\/humenhealth\/wp-json\/wp\/v2\/pages"}],"about":[{"href":"https:\/\/projekti.imi.hr\/humenhealth\/wp-json\/wp\/v2\/types\/page"}],"author":[{"embeddable":true,"href":"https:\/\/projekti.imi.hr\/humenhealth\/wp-json\/wp\/v2\/users\/11"}],"replies":[{"embeddable":true,"href":"https:\/\/projekti.imi.hr\/humenhealth\/wp-json\/wp\/v2\/comments?post=811"}],"version-history":[{"count":10,"href":"https:\/\/projekti.imi.hr\/humenhealth\/wp-json\/wp\/v2\/pages\/811\/revisions"}],"predecessor-version":[{"id":1233,"href":"https:\/\/projekti.imi.hr\/humenhealth\/wp-json\/wp\/v2\/pages\/811\/revisions\/1233"}],"wp:attachment":[{"href":"https:\/\/projekti.imi.hr\/humenhealth\/wp-json\/wp\/v2\/media?parent=811"}],"curies":[{"name":"wp","href":"https:\/\/api.w.org\/{rel}","templated":true}]}}