{"id":799,"date":"2024-05-23T11:18:15","date_gmt":"2024-05-23T11:18:15","guid":{"rendered":"https:\/\/projekti.imi.hr\/humenhealth\/?page_id=799"},"modified":"2026-03-02T08:03:51","modified_gmt":"2026-03-02T08:03:51","slug":"skupovi","status":"publish","type":"page","link":"https:\/\/projekti.imi.hr\/humenhealth\/skupovi\/","title":{"rendered":"Ostale znanstveno-stru\u010dne aktivnosti"},"content":{"rendered":"\n<h2 class=\"wp-block-heading\">Sastanci<\/h2>\n\n\n\n<p>Varnai, V.M. Sastanak radne skupine Odbora za procjenu rizika za uskla\u0111eno razvrstavanje i ozna\u010davanje (RAC-68 CLH WG), Europska agencija za kemikalije, 23.-24.1.2024., online<br>Varnai V.M., Kova\u010di\u0107, J. 68. sastanak Odbora za procjenu rizika, Europska agencija za kemikalije, 11.-14.3.2024., Helsinki, Finska<br>Varnai V.M. Europska agencija za sigurnost hrane, Pesticides Peer Review TC 136 mammalian toxicology \u2013 Discussion on active substance Dimethachlor, 13., 16. i 17.5.2024., online<br>Varnai V.M. 69. sastanak Odbora za procjenu rizika, Europska agencija za kemikalije, 3.-6.6.2024., Helsinki, Finska<br>Lazarus, M. 3. sjednica Stru\u010dnog tijela za kemijske opasnosti u hrani i hrani za \u017eivotinje, 12. 3. 2024., on-line<br>Lazarus, M. 4. sjednica Stru\u010dnog tijela za kemijske opasnosti u hrani i hrani za \u017eivotinje, 15. 11. 2024., HAPIH, Zagreb<\/p>\n\n\n\n<h2 class=\"wp-block-heading\"><strong>Znanstveno-stru\u010dna usavr\u0161avanja<\/strong><\/h2>\n\n\n\n<p>Sekovani\u0107 A. \u201cMikroplastika-Makroproblem dana\u0161njice\u201d, 6. 3. 2024., Zagreb, Hvatska<br>Orct, T., Sekovani\u0107, A. Validacija i verifikacija analiti\u010dkih metoda. Hrvatsko mjeriteljsko dru\u0161tvo, Zagreb, Hrvatska<br>Kljakovi\u0107-Ga\u0161pi\u0107, Z., Orct, T., Sekovani\u0107, A., Sulimanec, A. Tjedan \u017eive u Altiumu, 23. 4. 2024., Zagreb, Hrvatska<br>Cvijeti\u0107 Avdagi\u0107, S. &#8220;Physical activity in older age across Europe&#8221;, 8. 5. 2024., webinar, u organizaciji PROGRAMMING CA21122, DE-PASS CA19101, PhysAgeNet CA 2010<br>Kljakovi\u0107-Ga\u0161pi\u0107, Z. &#8221;12th BfR Summer Academy&#8221;, 24.-28. lipnja 2024., webinar, u organizaciji BfR Instituta (German Federal Institute for Risk Assessment)<br>Kljakovi\u0107-Ga\u0161pi\u0107 Z. \u201eMikroplastika za doru\u010dak: Prvi susret istra\u017eiva\u010da nano i mikroplastike Hrvatske\u201c, 29.5.2024., IMI, u organizaciji A. Palatinus i Z. Kljakovi\u0107-Ga\u0161pi\u0107<br>Lazarus M, Pizent A, Kljakovi\u0107-Ga\u0161pi\u0107 Z. \u201eZebrica (<em>Danio rerio<\/em>) kao modelni organizam u biolo\u0161kim, biomedicinskim i okoli\u0161nim istra\u017eivanjima\u201c, 5. 6. 2024., Zagreb, u organizaciji IRB &amp; IMI<br>Lazarus M. \u201eThe Art of Scientific Presenting: The new format of posters\u201c, 14. 6. 2024., webinar, u organizaciji RALDE Erasmus+ project<br>Tomac P. Utrecht Summer School, radionica \u2013 &#8220;Introduction to Structural Equation Modeling using Mplus&#8221;, 12.-16. 8. 2024., Utrecht, Nizozemska<br>Lazarus M. &#8220;Continuing Education Course &#8211; CEC04 &#8211; Toxicology \u2013 Environmental Pollutants&#8221;, 8. 9. 2024., Copenhagen, Danska<br>Kljakovi\u0107-Ga\u0161pi\u0107 Z. Serija webinara \u201eHPLC Beginner Webinar Series\u201c, 10.9. &#8211; 26.11. 2024., u organizaciji Altium International<br>Lazarus M. \u201eBlinding and randomisation for proper experimental design\u201c, 1.10.2024., webinar, u organizaciji SLAS, CroLASA &amp; Balt-LASA<br>Lazarus M. \u201e5. Znanstvena \u0161kola o okoli\u0161u\u201c, 25.-27.11.2024., IRB, Zagreb<\/p>\n\n\n\n<h2 class=\"wp-block-heading\"><strong>Dokumenti<\/strong><\/h2>\n\n\n\n<p>U sklopu radnog paketa 5: Sigurnost i zdravlje na radu HumEnHealth projekta izra\u0111ena je<strong> SMJERNICA ZA PROCJENU RIZIKA RADNIH MJESTA TRUDNIH RADNICA<\/strong> (autori:Tea Samard\u017ei\u0107, Roko \u017daja, \u017deljka Babi\u0107, Jelena Macan) koja se mo\u017ee preuzeti putem sljede\u0107e poveznice:<strong> <\/strong><br><a href=\"https:\/\/www.hdmr.hr\/DesktopModules\/EasyDNNNews\/DocumentDownload.ashx?portalid=0&amp;moduleid=404&amp;articleid=93&amp;documentid=57\"><strong>https:\/\/www.hdmr.hr\/DesktopModules\/EasyDNNNews\/DocumentDownload.ashx?portalid=0&amp;moduleid=404&amp;articleid=93&amp;documentid=57<\/strong><\/a><br>Prema \u010dl. 24. i 25. Zakona o rodiljnim i roditeljskim potporama (NN 152\/2022, 34\/2025), procjenu rizika radnih mjesta trudnih radnica provodi nadle\u017eni specijalist medicine rada i sporta (SMRIS). Svrha ove smjernice jest uskla\u0111ivanje pristupa SMRIS-ova u procjeni rizika radnih mjesta trudnica primjenom kriterija za prihvatljivost rizika s obzirom na izlo\u017eenost reprotoksi\u010dnim kemikalijama, biolo\u0161kim \u0161tetnostima i fizi\u010dkom naporu. Smjernica je izra\u0111ena na temelju pravne i medicinske literature, te mi\u0161ljenja SMRIS-ova \u2013 koja su bila prikupljena tijekom radionice stru\u010dnog sastanka Hrvatskog dru\u0161tva za medicinu rada Hrvatskog lije\u010dni\u010dkog zbora (29. o\u017eujka 2025., Vodice). Literaturni podaci i analiza mi\u0161ljenja SMRIS-a prikazani su u \u010dlanku Samard\u017ei\u0107 T, \u017daja R, Babi\u0107 \u017d, Macan J. Workplace risk assessment criteria for pregnant workers exposed to physical exertion, biological and chemical hazards. Arh Hig rada Toksikol 2025;76(2). \u010clanak je dostupan na: <a href=\"https:\/\/hrcak.srce.hr\/en\/file\/480693\">https:\/\/hrcak.srce.hr\/en\/file\/480693<\/a>. Smjernica je podr\u017eana od strane Hrvatskog dru\u0161tva za medicinu rada Hrvatskog lije\u010dni\u010dkog zbora. Planira se predstavljanje smjernice na znanstvenim i stru\u010dnim skupovima u podru\u010dju sigurnosti i zdravlja na radu.<\/p>\n\n\n\n<figure class=\"wp-block-image size-full\"><img fetchpriority=\"high\" decoding=\"async\" width=\"945\" height=\"408\" src=\"https:\/\/projekti.imi.hr\/humenhealth\/wp-content\/uploads\/sites\/4\/2025\/07\/image-1.png\" alt=\"\" class=\"wp-image-1150\" srcset=\"https:\/\/projekti.imi.hr\/humenhealth\/wp-content\/uploads\/sites\/4\/2025\/07\/image-1.png 945w, https:\/\/projekti.imi.hr\/humenhealth\/wp-content\/uploads\/sites\/4\/2025\/07\/image-1-300x130.png 300w, https:\/\/projekti.imi.hr\/humenhealth\/wp-content\/uploads\/sites\/4\/2025\/07\/image-1-768x332.png 768w\" sizes=\"(max-width: 945px) 100vw, 945px\" \/><\/figure>\n\n\n\n<p><strong>Kolokvij Instituta za medicinska istra\u017eivanja i medicinu rada<\/strong><br>Jasmina Sabolovi\u0107 \u201eIstra\u017eivanja bis(amino acidato)bakra(II) metodama molekulskog modeliranja: strukturna svojstva i afiniteti vezanja aminokiselina s Cu<sup>2+\u201c<\/sup>, 14.10.2024.<\/p>\n\n\n\n<p><strong><strong>Preporuke za zdravo spavanje adolescenata<\/strong><\/strong><\/p>\n\n\n\n<div data-wp-interactive=\"core\/file\" class=\"wp-block-file\"><object data-wp-bind--hidden=\"!state.hasPdfPreview\" hidden class=\"wp-block-file__embed\" data=\"https:\/\/projekti.imi.hr\/humenhealth\/wp-content\/uploads\/sites\/4\/2026\/02\/FINAL_PRINT_Recept-za-spavanje-adolescenata_PyrOPECH_2026.pdf\" type=\"application\/pdf\" style=\"width:100%;height:600px\" aria-label=\"Embed of FINAL_PRINT_Recept za spavanje adolescenata_PyrOPECH_2026.\"><\/object><a id=\"wp-block-file--media-686bd0cb-4337-4438-aee2-cd4d533c6400\" href=\"https:\/\/projekti.imi.hr\/humenhealth\/wp-content\/uploads\/sites\/4\/2026\/02\/FINAL_PRINT_Recept-za-spavanje-adolescenata_PyrOPECH_2026.pdf\">FINAL_PRINT_Recept za spavanje adolescenata_PyrOPECH_2026<\/a><a href=\"https:\/\/projekti.imi.hr\/humenhealth\/wp-content\/uploads\/sites\/4\/2026\/02\/FINAL_PRINT_Recept-za-spavanje-adolescenata_PyrOPECH_2026.pdf\" class=\"wp-block-file__button wp-element-button\" download aria-describedby=\"wp-block-file--media-686bd0cb-4337-4438-aee2-cd4d533c6400\">Download<\/a><\/div>\n\n\n\n<p><strong>Ulazna mobilnost znanstvenika<\/strong><br>Joanna Macur, doktorandica s Institute of Nature Conservation of Polish Academy of Sciences, Krakow, Poljska; od 17. do 25. listopada 2024.<\/p>\n\n\n\n<p><strong>Izlazna mobilnost znanstvenika<\/strong><\/p>\n\n\n\n<p><\/p>\n\n\n\n<p><\/p>\n\n\n\n<p><\/p>\n","protected":false},"excerpt":{"rendered":"<p>Sastanci Varnai, V.M. Sastanak radne skupine Odbora za procjenu rizika za uskla\u0111eno razvrstavanje i ozna\u010davanje (RAC-68 CLH WG), Europska agencija za kemikalije, 23.-24.1.2024., onlineVarnai V.M., Kova\u010di\u0107, J. 68. sastanak Odbora za procjenu rizika, Europska agencija za kemikalije, 11.-14.3.2024., Helsinki, FinskaVarnai V.M. Europska agencija za sigurnost hrane, Pesticides Peer Review TC 136 mammalian toxicology \u2013 Discussion [&hellip;]<\/p>\n","protected":false},"author":11,"featured_media":0,"parent":0,"menu_order":0,"comment_status":"closed","ping_status":"closed","template":"","meta":{"footnotes":""},"class_list":["post-799","page","type-page","status-publish","hentry","entry"],"_links":{"self":[{"href":"https:\/\/projekti.imi.hr\/humenhealth\/wp-json\/wp\/v2\/pages\/799","targetHints":{"allow":["GET"]}}],"collection":[{"href":"https:\/\/projekti.imi.hr\/humenhealth\/wp-json\/wp\/v2\/pages"}],"about":[{"href":"https:\/\/projekti.imi.hr\/humenhealth\/wp-json\/wp\/v2\/types\/page"}],"author":[{"embeddable":true,"href":"https:\/\/projekti.imi.hr\/humenhealth\/wp-json\/wp\/v2\/users\/11"}],"replies":[{"embeddable":true,"href":"https:\/\/projekti.imi.hr\/humenhealth\/wp-json\/wp\/v2\/comments?post=799"}],"version-history":[{"count":13,"href":"https:\/\/projekti.imi.hr\/humenhealth\/wp-json\/wp\/v2\/pages\/799\/revisions"}],"predecessor-version":[{"id":1271,"href":"https:\/\/projekti.imi.hr\/humenhealth\/wp-json\/wp\/v2\/pages\/799\/revisions\/1271"}],"wp:attachment":[{"href":"https:\/\/projekti.imi.hr\/humenhealth\/wp-json\/wp\/v2\/media?parent=799"}],"curies":[{"name":"wp","href":"https:\/\/api.w.org\/{rel}","templated":true}]}}