{"id":786,"date":"2024-05-23T10:59:38","date_gmt":"2024-05-23T10:59:38","guid":{"rendered":"https:\/\/projekti.imi.hr\/humenhealth\/?page_id=786"},"modified":"2026-03-02T08:05:26","modified_gmt":"2026-03-02T08:05:26","slug":"meetings","status":"publish","type":"page","link":"https:\/\/projekti.imi.hr\/humenhealth\/en\/meetings\/","title":{"rendered":"Other scientific and professional activities"},"content":{"rendered":"\n<h2 class=\"wp-block-heading\">Meetings<\/h2>\n\n\n\n<p>Varnai, V.M. Sastanak radne skupine Odbora za procjenu rizika za uskla\u0111eno razvrstavanje i ozna\u010davanje (RAC-68 CLH WG), Europska agencija za kemikalije, 23.-24.1.2024., online<br>Varnai V.M., Kova\u010di\u0107, J. 68. sastanak Odbora za procjenu rizika, Europska agencija za kemikalije, 11.-14.3.2024., Helsinki, Finska<br>Varnai V.M. Europska agencija za sigurnost hrane, Pesticides Peer Review TC 136 mammalian toxicology \u2013 Discussion on active substance Dimethachlor, 13., 16. i 17.5.2024., online<br>Varnai V.M. 69. sastanak Odbora za procjenu rizika, Europska agencija za kemikalije, 3.-6.6.2024., Helsinki, Finska<br>Lazarus, M. 3. sjednica Stru\u010dnog tijela za kemijske opasnosti u hrani i hrani za \u017eivotinje, 12. 3. 2024., on-line<br>Lazarus, M. 4. sjednica Stru\u010dnog tijela za kemijske opasnosti u hrani i hrani za \u017eivotinje, 15. 11. 2024., HAPIH, Zagreb<\/p>\n\n\n\n<h2 class=\"wp-block-heading\"><strong>Scientific and professional trainings<\/strong><\/h2>\n\n\n\n<p>Sekovani\u0107 A. \u201cMikroplastika-Makroproblem dana\u0161njice\u201d, 6. 3. 2024., Zagreb, Hvatska<br>Orct, T., Sekovani\u0107, A. Validacija i verifikacija analiti\u010dkih metoda. Hrvatsko mjeriteljsko dru\u0161tvo, Zagreb, Hrvatska<br>Kljakovi\u0107-Ga\u0161pi\u0107, Z., Orct, T., Sekovani\u0107, A., Sulimanec, A. Tjedan \u017eive u Altiumu, 23. 4. 2024., Zagreb, Hrvatska<br>Kljakovi\u0107-Ga\u0161pi\u0107 Z. \u201eMikroplastika za doru\u010dak: Prvi susret istra\u017eiva\u010da nano i mikroplastike Hrvatske\u201c, 29.5.2024., IMI, organized by A. Palatinus i Z. Kljakovi\u0107-Ga\u0161pi\u0107<br>Lazarus M, Pizent A, Kljakovi\u0107-Ga\u0161pi\u0107 Z. \u201eZebrica (<em>Danio rerio<\/em>) kao modelni organizam u biolo\u0161kim, biomedicinskim i okoli\u0161nim istra\u017eivanjima\u201c, 5. 6. 2024., Zagreb, organized by IRB &amp; IMI<br>Lazarus M. \u201eThe Art of Scientific Presenting: The new format of posters\u201c, 14. 6. 2024., webinar, organized by RALDE Erasmus+ project<br>Tomac P. Utrecht Summer School, radionica \u2013 &#8220;Introduction to Structural Equation Modeling using Mplus&#8221;, 12.-16. 8. 2024., Utrecht, Nizozemska<br>Lazarus M. &#8220;Continuing Education Course &#8211; CEC04 &#8211; Toxicology \u2013 Environmental Pollutants&#8221;, 8. 9. 2024., Copenhagen, Danska<br>Kljakovi\u0107-Ga\u0161pi\u0107 Z. Serija webinara \u201eHPLC Beginner Webinar Series\u201c, 10.9. &#8211; 26.11. 2024., organized by Altium International<br>Lazarus M. \u201eBlinding and randomisation for proper experimental design\u201c, 1.10.2024., webinar, organized by SLAS, CroLASA &amp; Balt-LASA<br>Lazarus M. \u201e5. Znanstvena \u0161kola o okoli\u0161u\u201c, 25.-27.11.2024., IRB, Zagreb<\/p>\n\n\n\n<h2 class=\"wp-block-heading\">Documents<\/h2>\n\n\n\n<p>As part of the work package 5: Occupational Safety and Health of the HumEnHealth project, a <strong>GUIDELINE FOR RISK ASSESSMENT OF PREGNANT WORKERS&#8217; WORKPLACES<\/strong> (authors: Tea Samard\u017ei\u0107, Roko \u017daja, \u017deljka Babi\u0107, Jelena Macan) has been developed, which can be downloaded via the following link: <br><a href=\"https:\/\/www.hdmr.hr\/DesktopModules\/EasyDNNNews\/DocumentDownload.ashx?portalid=0&amp;moduleid=404&amp;articleid=93&amp;documentid=57\"><strong>https:\/\/www.hdmr.hr\/DesktopModules\/EasyDNNNews\/DocumentDownload.ashx?portalid=0&amp;moduleid=404&amp;articleid=93&amp;documentid=57<\/strong><\/a><br>According to Articles 24 and 25 of the Maternity and Parental Benefits Act (OG 152\/2022, 34\/2025), the risk assessment of pregnant workers&#8217; workplaces is carried out by the competent occupational health physicians (OHPs). The purpose of this guideline is to harmonize the approach of OHPs in assessing the risk of pregnant workers&#8217; workplaces by applying risk acceptability criteria with regard to exposure to reprotoxic chemicals, biological hazards and physical exertion. The guideline was developed based on legal and medical literature, and opinions of OHPs \u2013 which were collected during the workshop of the expert meeting of the Croatian Society for Occupational Medicine (March 29, 2025, Vodice). Literature data and analysis of SMRIS opinions are presented in the article Samard\u017ei\u0107 T, \u017daja R, Babi\u0107 \u017d, Macan J. Workplace risk assessment criteria for pregnant workers exposed to physical exertion, biological and chemical hazards. Arh Hig rada Toksikol 2025;76(2). The article is available at: <a href=\"https:\/\/hrcak.srce.hr\/en\/file\/480693\">https:\/\/hrcak.srce.hr\/en\/file\/480693<\/a> . The guideline is supported by the Croatian Society for Occupational Medicine. It is planned to present the guideline at scientific and professional conferences in the field of occupational safety and health.<\/p>\n\n\n\n<figure class=\"wp-block-image size-full\"><img fetchpriority=\"high\" decoding=\"async\" width=\"945\" height=\"408\" src=\"https:\/\/projekti.imi.hr\/humenhealth\/wp-content\/uploads\/sites\/4\/2025\/07\/image.png\" alt=\"\" class=\"wp-image-1147\" srcset=\"https:\/\/projekti.imi.hr\/humenhealth\/wp-content\/uploads\/sites\/4\/2025\/07\/image.png 945w, https:\/\/projekti.imi.hr\/humenhealth\/wp-content\/uploads\/sites\/4\/2025\/07\/image-300x130.png 300w, https:\/\/projekti.imi.hr\/humenhealth\/wp-content\/uploads\/sites\/4\/2025\/07\/image-768x332.png 768w\" sizes=\"(max-width: 945px) 100vw, 945px\" \/><\/figure>\n\n\n\n<p><strong>Colloquium of the Institute for medical research and occupational health<\/strong><br>Jasmina Sabolovi\u0107, Research on bis(amino acidat)copper(II) using molecular modeling methods: Structural properties and binding affinities of amino acids with Cu<sup>2+<\/sup>, 2024, October 14<\/p>\n\n\n\n<p><strong>Recommendations for healthy sleep of adolescents<\/strong><\/p>\n\n\n\n<div data-wp-interactive=\"core\/file\" class=\"wp-block-file\"><object data-wp-bind--hidden=\"!state.hasPdfPreview\" hidden class=\"wp-block-file__embed\" data=\"https:\/\/projekti.imi.hr\/humenhealth\/wp-content\/uploads\/sites\/4\/2026\/02\/FINAL_PRINT_Recept-za-spavanje-adolescenata_PyrOPECH_2026-1.pdf\" type=\"application\/pdf\" style=\"width:100%;height:600px\" aria-label=\"Embed of FINAL_PRINT_Recept za spavanje adolescenata_PyrOPECH_2026.\"><\/object><a id=\"wp-block-file--media-0aa57af0-6f09-4928-bc0b-e6b1843fa6f0\" href=\"https:\/\/projekti.imi.hr\/humenhealth\/wp-content\/uploads\/sites\/4\/2026\/02\/FINAL_PRINT_Recept-za-spavanje-adolescenata_PyrOPECH_2026-1.pdf\">FINAL_PRINT_Recept za spavanje adolescenata_PyrOPECH_2026<\/a><a href=\"https:\/\/projekti.imi.hr\/humenhealth\/wp-content\/uploads\/sites\/4\/2026\/02\/FINAL_PRINT_Recept-za-spavanje-adolescenata_PyrOPECH_2026-1.pdf\" class=\"wp-block-file__button wp-element-button\" download aria-describedby=\"wp-block-file--media-0aa57af0-6f09-4928-bc0b-e6b1843fa6f0\">Download<\/a><\/div>\n\n\n\n<p><strong>Incoming mobility of scientists<\/strong><br>Joanna Macur, PhD student on Institute of Nature Conservation of Polish Academy of Sciences, Krakow, Poljska; October 17 &#8211; 25, 2024.<\/p>\n\n\n\n<p><strong>Outgoing mobility of scientists<\/strong><br><\/p>\n\n\n\n<p><\/p>\n","protected":false},"excerpt":{"rendered":"<p>Meetings Varnai, V.M. Sastanak radne skupine Odbora za procjenu rizika za uskla\u0111eno razvrstavanje i ozna\u010davanje (RAC-68 CLH WG), Europska agencija za kemikalije, 23.-24.1.2024., onlineVarnai V.M., Kova\u010di\u0107, J. 68. sastanak Odbora za procjenu rizika, Europska agencija za kemikalije, 11.-14.3.2024., Helsinki, FinskaVarnai V.M. Europska agencija za sigurnost hrane, Pesticides Peer Review TC 136 mammalian toxicology \u2013 Discussion [&hellip;]<\/p>\n","protected":false},"author":11,"featured_media":0,"parent":0,"menu_order":0,"comment_status":"closed","ping_status":"closed","template":"","meta":{"footnotes":""},"class_list":["post-786","page","type-page","status-publish","hentry","entry"],"_links":{"self":[{"href":"https:\/\/projekti.imi.hr\/humenhealth\/wp-json\/wp\/v2\/pages\/786","targetHints":{"allow":["GET"]}}],"collection":[{"href":"https:\/\/projekti.imi.hr\/humenhealth\/wp-json\/wp\/v2\/pages"}],"about":[{"href":"https:\/\/projekti.imi.hr\/humenhealth\/wp-json\/wp\/v2\/types\/page"}],"author":[{"embeddable":true,"href":"https:\/\/projekti.imi.hr\/humenhealth\/wp-json\/wp\/v2\/users\/11"}],"replies":[{"embeddable":true,"href":"https:\/\/projekti.imi.hr\/humenhealth\/wp-json\/wp\/v2\/comments?post=786"}],"version-history":[{"count":11,"href":"https:\/\/projekti.imi.hr\/humenhealth\/wp-json\/wp\/v2\/pages\/786\/revisions"}],"predecessor-version":[{"id":1272,"href":"https:\/\/projekti.imi.hr\/humenhealth\/wp-json\/wp\/v2\/pages\/786\/revisions\/1272"}],"wp:attachment":[{"href":"https:\/\/projekti.imi.hr\/humenhealth\/wp-json\/wp\/v2\/media?parent=786"}],"curies":[{"name":"wp","href":"https:\/\/api.w.org\/{rel}","templated":true}]}}