{"id":685,"date":"2024-03-15T11:55:32","date_gmt":"2024-03-15T11:55:32","guid":{"rendered":"https:\/\/projekti.imi.hr\/humenhealth\/?page_id=685"},"modified":"2025-10-21T07:20:03","modified_gmt":"2025-10-21T07:20:03","slug":"novosti","status":"publish","type":"page","link":"https:\/\/projekti.imi.hr\/humenhealth\/novosti\/","title":{"rendered":"Galerija"},"content":{"rendered":"\n<p class=\"has-medium-font-size\"><strong>8. hrvatski kongres medicine rada, 7. &#8211; 10. studenoga, 2024.<\/strong>, <strong>Split, Hrvatska <\/strong><\/p>\n\n\n\n<div class=\"wp-block-file\"><a id=\"wp-block-file--media-71d13485-dd4d-437a-8629-f6635e1d5150\" href=\"http:\/\/projekti.imi.hr\/humenhealth\/wp-content\/uploads\/sites\/4\/2024\/12\/Izvjestaj_ZV_kongres-medicine-rada-1.docx\">Izvje\u0161taj_ZV_kongres medicine rada<\/a><a href=\"http:\/\/projekti.imi.hr\/humenhealth\/wp-content\/uploads\/sites\/4\/2024\/12\/Izvjestaj_ZV_kongres-medicine-rada-1.docx\" class=\"wp-block-file__button wp-element-button\" download aria-describedby=\"wp-block-file--media-71d13485-dd4d-437a-8629-f6635e1d5150\">Download<\/a><\/div>\n\n\n<div class=\"wp-block-image is-style-default\">\n<figure class=\"aligncenter size-full is-resized\"><a href=\"https:\/\/projekti.imi.hr\/humenhealth\/wp-content\/uploads\/sites\/4\/2024\/12\/slika1.jpeg\"><img fetchpriority=\"high\" decoding=\"async\" width=\"1000\" height=\"1000\" src=\"https:\/\/projekti.imi.hr\/humenhealth\/wp-content\/uploads\/sites\/4\/2024\/12\/slika1.jpeg\" alt=\"\" class=\"wp-image-1035\" style=\"width:662px;height:auto\" srcset=\"https:\/\/projekti.imi.hr\/humenhealth\/wp-content\/uploads\/sites\/4\/2024\/12\/slika1.jpeg 1000w, https:\/\/projekti.imi.hr\/humenhealth\/wp-content\/uploads\/sites\/4\/2024\/12\/slika1-300x300.jpeg 300w, https:\/\/projekti.imi.hr\/humenhealth\/wp-content\/uploads\/sites\/4\/2024\/12\/slika1-150x150.jpeg 150w, https:\/\/projekti.imi.hr\/humenhealth\/wp-content\/uploads\/sites\/4\/2024\/12\/slika1-768x768.jpeg 768w, https:\/\/projekti.imi.hr\/humenhealth\/wp-content\/uploads\/sites\/4\/2024\/12\/slika1-600x600.jpeg 600w\" sizes=\"(max-width: 1000px) 100vw, 1000px\" \/><\/a><\/figure>\n<\/div>\n\n<div class=\"wp-block-image\">\n<figure class=\"aligncenter size-full is-resized\"><img decoding=\"async\" width=\"1000\" height=\"1000\" src=\"https:\/\/projekti.imi.hr\/humenhealth\/wp-content\/uploads\/sites\/4\/2024\/12\/slika2.jpeg\" alt=\"\" class=\"wp-image-1064\" style=\"width:662px;height:auto\" srcset=\"https:\/\/projekti.imi.hr\/humenhealth\/wp-content\/uploads\/sites\/4\/2024\/12\/slika2.jpeg 1000w, https:\/\/projekti.imi.hr\/humenhealth\/wp-content\/uploads\/sites\/4\/2024\/12\/slika2-300x300.jpeg 300w, https:\/\/projekti.imi.hr\/humenhealth\/wp-content\/uploads\/sites\/4\/2024\/12\/slika2-150x150.jpeg 150w, https:\/\/projekti.imi.hr\/humenhealth\/wp-content\/uploads\/sites\/4\/2024\/12\/slika2-768x768.jpeg 768w, https:\/\/projekti.imi.hr\/humenhealth\/wp-content\/uploads\/sites\/4\/2024\/12\/slika2-600x600.jpeg 600w\" sizes=\"(max-width: 1000px) 100vw, 1000px\" \/><\/figure>\n<\/div>\n\n<div class=\"wp-block-image\">\n<figure class=\"aligncenter size-full is-resized\"><img decoding=\"async\" width=\"1000\" height=\"1000\" src=\"https:\/\/projekti.imi.hr\/humenhealth\/wp-content\/uploads\/sites\/4\/2024\/12\/slika3.jpeg\" alt=\"\" class=\"wp-image-1065\" style=\"width:664px;height:auto\" srcset=\"https:\/\/projekti.imi.hr\/humenhealth\/wp-content\/uploads\/sites\/4\/2024\/12\/slika3.jpeg 1000w, https:\/\/projekti.imi.hr\/humenhealth\/wp-content\/uploads\/sites\/4\/2024\/12\/slika3-300x300.jpeg 300w, https:\/\/projekti.imi.hr\/humenhealth\/wp-content\/uploads\/sites\/4\/2024\/12\/slika3-150x150.jpeg 150w, https:\/\/projekti.imi.hr\/humenhealth\/wp-content\/uploads\/sites\/4\/2024\/12\/slika3-768x768.jpeg 768w, https:\/\/projekti.imi.hr\/humenhealth\/wp-content\/uploads\/sites\/4\/2024\/12\/slika3-600x600.jpeg 600w\" sizes=\"(max-width: 1000px) 100vw, 1000px\" \/><\/figure>\n<\/div>\n\n<div class=\"wp-block-image\">\n<figure class=\"aligncenter size-full is-resized\"><a href=\"https:\/\/projekti.imi.hr\/humenhealth\/wp-content\/uploads\/sites\/4\/2024\/12\/slika4.jpeg\"><img loading=\"lazy\" decoding=\"async\" width=\"1000\" height=\"1000\" src=\"https:\/\/projekti.imi.hr\/humenhealth\/wp-content\/uploads\/sites\/4\/2024\/12\/slika4.jpeg\" alt=\"\" class=\"wp-image-1037\" style=\"width:663px;height:auto\" srcset=\"https:\/\/projekti.imi.hr\/humenhealth\/wp-content\/uploads\/sites\/4\/2024\/12\/slika4.jpeg 1000w, https:\/\/projekti.imi.hr\/humenhealth\/wp-content\/uploads\/sites\/4\/2024\/12\/slika4-300x300.jpeg 300w, https:\/\/projekti.imi.hr\/humenhealth\/wp-content\/uploads\/sites\/4\/2024\/12\/slika4-150x150.jpeg 150w, https:\/\/projekti.imi.hr\/humenhealth\/wp-content\/uploads\/sites\/4\/2024\/12\/slika4-768x768.jpeg 768w, https:\/\/projekti.imi.hr\/humenhealth\/wp-content\/uploads\/sites\/4\/2024\/12\/slika4-600x600.jpeg 600w\" sizes=\"(max-width: 1000px) 100vw, 1000px\" \/><\/a><\/figure>\n<\/div>\n\n\n<p class=\"has-medium-font-size\"><\/p>\n\n\n\n<h2 class=\"wp-block-heading\">15th International Society for Trace Element Research in Human (15ISTERH), 6. &#8211; 10. listopada 2024., Murcia, \u0160panjolska <\/h2>\n\n\n<div class=\"wp-block-image\">\n<figure class=\"aligncenter size-large is-resized\"><img loading=\"lazy\" decoding=\"async\" width=\"1024\" height=\"1024\" src=\"https:\/\/projekti.imi.hr\/humenhealth\/wp-content\/uploads\/sites\/4\/2024\/12\/20241204_080612111-1-1024x1024.jpg\" alt=\"\" class=\"wp-image-1083\" style=\"width:683px;height:auto\" srcset=\"https:\/\/projekti.imi.hr\/humenhealth\/wp-content\/uploads\/sites\/4\/2024\/12\/20241204_080612111-1-1024x1024.jpg 1024w, https:\/\/projekti.imi.hr\/humenhealth\/wp-content\/uploads\/sites\/4\/2024\/12\/20241204_080612111-1-300x300.jpg 300w, https:\/\/projekti.imi.hr\/humenhealth\/wp-content\/uploads\/sites\/4\/2024\/12\/20241204_080612111-1-150x150.jpg 150w, https:\/\/projekti.imi.hr\/humenhealth\/wp-content\/uploads\/sites\/4\/2024\/12\/20241204_080612111-1-768x768.jpg 768w, https:\/\/projekti.imi.hr\/humenhealth\/wp-content\/uploads\/sites\/4\/2024\/12\/20241204_080612111-1-600x600.jpg 600w, https:\/\/projekti.imi.hr\/humenhealth\/wp-content\/uploads\/sites\/4\/2024\/12\/20241204_080612111-1.jpg 1414w\" sizes=\"(max-width: 1024px) 100vw, 1024px\" \/><\/figure>\n<\/div>\n\n\n<h2 class=\"wp-block-heading\"><strong>Tjedan karijera Sveu\u010dili\u0161ta u Osijeku, 8. svibnja 2025. i stru\u010dna vije\u0107a nastavnika osnovnih \u0161kola iz biologije i kemije (Institut za medicinska istra\u017eivanja i medicinu rada, Zagreb, 7. svibnja 2025. i O\u0160 \u0110uro Ester, Koprivnica, 20. velja\u010de 2025.)<\/strong><\/h2>\n\n\n\n<figure class=\"wp-block-image size-large\"><img loading=\"lazy\" decoding=\"async\" width=\"1024\" height=\"1024\" src=\"http:\/\/projekti.imi.hr\/humenhealth\/wp-content\/uploads\/sites\/4\/2025\/08\/DOV-IMI-202411-1024x1024.jpg\" alt=\"\" class=\"wp-image-1160\" srcset=\"https:\/\/projekti.imi.hr\/humenhealth\/wp-content\/uploads\/sites\/4\/2025\/08\/DOV-IMI-202411-1024x1024.jpg 1024w, https:\/\/projekti.imi.hr\/humenhealth\/wp-content\/uploads\/sites\/4\/2025\/08\/DOV-IMI-202411-300x300.jpg 300w, https:\/\/projekti.imi.hr\/humenhealth\/wp-content\/uploads\/sites\/4\/2025\/08\/DOV-IMI-202411-150x150.jpg 150w, https:\/\/projekti.imi.hr\/humenhealth\/wp-content\/uploads\/sites\/4\/2025\/08\/DOV-IMI-202411-768x768.jpg 768w, https:\/\/projekti.imi.hr\/humenhealth\/wp-content\/uploads\/sites\/4\/2025\/08\/DOV-IMI-202411-600x600.jpg 600w, https:\/\/projekti.imi.hr\/humenhealth\/wp-content\/uploads\/sites\/4\/2025\/08\/DOV-IMI-202411.jpg 1414w\" sizes=\"(max-width: 1024px) 100vw, 1024px\" \/><\/figure>\n\n\n\n<h2 class=\"wp-block-heading\"><strong>Obilasci laboratorija uz prezentaciju metoda istra\u017eivanja za u\u010denike i studente (posjet u\u010denika Zdravstvenog u\u010dili\u0161ta, Zagreb, 20. i 23. o\u017eujka 2025., posjet studenata Sveu\u010dili\u0161ta Slavonski Brod, 26. svibnja 2025.)<\/strong><\/h2>\n\n\n\n<figure class=\"wp-block-image size-large\"><img loading=\"lazy\" decoding=\"async\" width=\"1024\" height=\"1024\" src=\"http:\/\/projekti.imi.hr\/humenhealth\/wp-content\/uploads\/sites\/4\/2025\/08\/Obilasci-laboratorija-202511-1024x1024.jpg\" alt=\"\" class=\"wp-image-1161\" srcset=\"https:\/\/projekti.imi.hr\/humenhealth\/wp-content\/uploads\/sites\/4\/2025\/08\/Obilasci-laboratorija-202511-1024x1024.jpg 1024w, https:\/\/projekti.imi.hr\/humenhealth\/wp-content\/uploads\/sites\/4\/2025\/08\/Obilasci-laboratorija-202511-300x300.jpg 300w, https:\/\/projekti.imi.hr\/humenhealth\/wp-content\/uploads\/sites\/4\/2025\/08\/Obilasci-laboratorija-202511-150x150.jpg 150w, https:\/\/projekti.imi.hr\/humenhealth\/wp-content\/uploads\/sites\/4\/2025\/08\/Obilasci-laboratorija-202511-768x768.jpg 768w, https:\/\/projekti.imi.hr\/humenhealth\/wp-content\/uploads\/sites\/4\/2025\/08\/Obilasci-laboratorija-202511-600x600.jpg 600w, https:\/\/projekti.imi.hr\/humenhealth\/wp-content\/uploads\/sites\/4\/2025\/08\/Obilasci-laboratorija-202511.jpg 1414w\" sizes=\"(max-width: 1024px) 100vw, 1024px\" \/><\/figure>\n\n\n\n<h2 class=\"wp-block-heading\"><strong>Dan otvorenih vrata, Institut za medicinska istra\u017eivanja i medicinu rada, Zagreb, 22. studeni 2024.<\/strong><\/h2>\n\n\n\n<figure class=\"wp-block-image size-large\"><img loading=\"lazy\" decoding=\"async\" width=\"1024\" height=\"1024\" src=\"http:\/\/projekti.imi.hr\/humenhealth\/wp-content\/uploads\/sites\/4\/2025\/08\/DOV-IMI-202411-3-1024x1024.jpg\" alt=\"\" class=\"wp-image-1164\" srcset=\"https:\/\/projekti.imi.hr\/humenhealth\/wp-content\/uploads\/sites\/4\/2025\/08\/DOV-IMI-202411-3-1024x1024.jpg 1024w, https:\/\/projekti.imi.hr\/humenhealth\/wp-content\/uploads\/sites\/4\/2025\/08\/DOV-IMI-202411-3-300x300.jpg 300w, https:\/\/projekti.imi.hr\/humenhealth\/wp-content\/uploads\/sites\/4\/2025\/08\/DOV-IMI-202411-3-150x150.jpg 150w, https:\/\/projekti.imi.hr\/humenhealth\/wp-content\/uploads\/sites\/4\/2025\/08\/DOV-IMI-202411-3-768x768.jpg 768w, https:\/\/projekti.imi.hr\/humenhealth\/wp-content\/uploads\/sites\/4\/2025\/08\/DOV-IMI-202411-3-600x600.jpg 600w, https:\/\/projekti.imi.hr\/humenhealth\/wp-content\/uploads\/sites\/4\/2025\/08\/DOV-IMI-202411-3.jpg 1414w\" sizes=\"(max-width: 1024px) 100vw, 1024px\" \/><\/figure>\n\n\n\n<h2 class=\"wp-block-heading\">7. me\u0111unarodni kongres Hrvatskog toksikolo\u0161kog dru\u0161tva, CROTOX 2025, 5.-8. 10. 2025., Rab, Hrvatska<\/h2>\n\n\n\n<figure class=\"wp-block-image size-large\"><img loading=\"lazy\" decoding=\"async\" width=\"768\" height=\"1024\" src=\"http:\/\/projekti.imi.hr\/humenhealth\/wp-content\/uploads\/sites\/4\/2025\/10\/1-768x1024.jpg\" alt=\"\" class=\"wp-image-1197\" srcset=\"https:\/\/projekti.imi.hr\/humenhealth\/wp-content\/uploads\/sites\/4\/2025\/10\/1-768x1024.jpg 768w, https:\/\/projekti.imi.hr\/humenhealth\/wp-content\/uploads\/sites\/4\/2025\/10\/1-225x300.jpg 225w, https:\/\/projekti.imi.hr\/humenhealth\/wp-content\/uploads\/sites\/4\/2025\/10\/1-1152x1536.jpg 1152w, https:\/\/projekti.imi.hr\/humenhealth\/wp-content\/uploads\/sites\/4\/2025\/10\/1-1536x2048.jpg 1536w, https:\/\/projekti.imi.hr\/humenhealth\/wp-content\/uploads\/sites\/4\/2025\/10\/1-scaled.jpg 1920w\" sizes=\"(max-width: 768px) 100vw, 768px\" \/><\/figure>\n\n\n\n<figure class=\"wp-block-image size-large is-resized\"><img loading=\"lazy\" decoding=\"async\" width=\"768\" height=\"1024\" src=\"http:\/\/projekti.imi.hr\/humenhealth\/wp-content\/uploads\/sites\/4\/2025\/10\/2-768x1024.jpg\" alt=\"\" class=\"wp-image-1198\" style=\"width:840px;height:auto\" srcset=\"https:\/\/projekti.imi.hr\/humenhealth\/wp-content\/uploads\/sites\/4\/2025\/10\/2-768x1024.jpg 768w, https:\/\/projekti.imi.hr\/humenhealth\/wp-content\/uploads\/sites\/4\/2025\/10\/2-225x300.jpg 225w, https:\/\/projekti.imi.hr\/humenhealth\/wp-content\/uploads\/sites\/4\/2025\/10\/2-1152x1536.jpg 1152w, https:\/\/projekti.imi.hr\/humenhealth\/wp-content\/uploads\/sites\/4\/2025\/10\/2-1536x2048.jpg 1536w, https:\/\/projekti.imi.hr\/humenhealth\/wp-content\/uploads\/sites\/4\/2025\/10\/2-scaled.jpg 1920w\" sizes=\"(max-width: 768px) 100vw, 768px\" \/><\/figure>\n\n\n\n<figure class=\"wp-block-image size-large\"><img loading=\"lazy\" decoding=\"async\" width=\"768\" height=\"1024\" src=\"http:\/\/projekti.imi.hr\/humenhealth\/wp-content\/uploads\/sites\/4\/2025\/10\/3-768x1024.jpg\" alt=\"\" class=\"wp-image-1199\" srcset=\"https:\/\/projekti.imi.hr\/humenhealth\/wp-content\/uploads\/sites\/4\/2025\/10\/3-768x1024.jpg 768w, https:\/\/projekti.imi.hr\/humenhealth\/wp-content\/uploads\/sites\/4\/2025\/10\/3-225x300.jpg 225w, https:\/\/projekti.imi.hr\/humenhealth\/wp-content\/uploads\/sites\/4\/2025\/10\/3-1152x1536.jpg 1152w, https:\/\/projekti.imi.hr\/humenhealth\/wp-content\/uploads\/sites\/4\/2025\/10\/3-1536x2048.jpg 1536w, https:\/\/projekti.imi.hr\/humenhealth\/wp-content\/uploads\/sites\/4\/2025\/10\/3-scaled.jpg 1920w\" sizes=\"(max-width: 768px) 100vw, 768px\" \/><\/figure>\n","protected":false},"excerpt":{"rendered":"<p>8. hrvatski kongres medicine rada, 7. &#8211; 10. studenoga, 2024., Split, Hrvatska 15th International Society for Trace Element Research in Human (15ISTERH), 6. &#8211; 10. listopada 2024., Murcia, \u0160panjolska Tjedan karijera Sveu\u010dili\u0161ta u Osijeku, 8. svibnja 2025. i stru\u010dna vije\u0107a nastavnika osnovnih \u0161kola iz biologije i kemije (Institut za medicinska istra\u017eivanja i medicinu rada, Zagreb, [&hellip;]<\/p>\n","protected":false},"author":11,"featured_media":0,"parent":0,"menu_order":0,"comment_status":"closed","ping_status":"closed","template":"","meta":{"footnotes":""},"class_list":["post-685","page","type-page","status-publish","hentry","entry"],"_links":{"self":[{"href":"https:\/\/projekti.imi.hr\/humenhealth\/wp-json\/wp\/v2\/pages\/685","targetHints":{"allow":["GET"]}}],"collection":[{"href":"https:\/\/projekti.imi.hr\/humenhealth\/wp-json\/wp\/v2\/pages"}],"about":[{"href":"https:\/\/projekti.imi.hr\/humenhealth\/wp-json\/wp\/v2\/types\/page"}],"author":[{"embeddable":true,"href":"https:\/\/projekti.imi.hr\/humenhealth\/wp-json\/wp\/v2\/users\/11"}],"replies":[{"embeddable":true,"href":"https:\/\/projekti.imi.hr\/humenhealth\/wp-json\/wp\/v2\/comments?post=685"}],"version-history":[{"count":39,"href":"https:\/\/projekti.imi.hr\/humenhealth\/wp-json\/wp\/v2\/pages\/685\/revisions"}],"predecessor-version":[{"id":1200,"href":"https:\/\/projekti.imi.hr\/humenhealth\/wp-json\/wp\/v2\/pages\/685\/revisions\/1200"}],"wp:attachment":[{"href":"https:\/\/projekti.imi.hr\/humenhealth\/wp-json\/wp\/v2\/media?parent=685"}],"curies":[{"name":"wp","href":"https:\/\/api.w.org\/{rel}","templated":true}]}}