{"id":33,"date":"2024-01-18T10:28:12","date_gmt":"2024-01-18T10:28:12","guid":{"rendered":"https:\/\/projekti.imi.hr\/humenhealth\/?page_id=33"},"modified":"2025-07-16T09:15:57","modified_gmt":"2025-07-16T09:15:57","slug":"o-nama","status":"publish","type":"page","link":"https:\/\/projekti.imi.hr\/humenhealth\/o-nama\/","title":{"rendered":"O nama"},"content":{"rendered":"\n<div class=\"wp-block-columns is-layout-flex wp-container-core-columns-is-layout-9d6595d7 wp-block-columns-is-layout-flex\">\n<div class=\"wp-block-column is-layout-flow wp-block-column-is-layout-flow\" style=\"flex-basis:100%\">\n<p>Istra\u017eivanje \u0107e provoditi multidisciplinarni tim znanstvenika Zavoda za medicinu rada i okoli\u0161a s Instituta za medicinska istra\u017eivanja i medicinu rada,  koji uklju\u010duje:<\/p>\n\n\n\n<p>1) <strong>Kemi\u010dari i fizi\u010dar sa kompetencijama u procjeni zaga\u0111enosti okoli\u0161a i izlo\u017eenosti ljudi primjenom metoda biolo\u0161kog monitoringa, u razvoju i primjeni analiti\u010dkih metoda te u <em>in silico<\/em> istra\u017eivanjima<\/strong><br>dr. sc. <a href=\"https:\/\/www.imi.hr\/hr\/djelatnik\/jurasovic-jasna\/\">Jasna Jurasovi\u0107<\/a>, dipl. ing. kemije, znanstvena savjetnica u trajnom zvanju<br>dr. sc. <a href=\"https:\/\/www.imi.hr\/hr\/djelatnik\/kljakovic-gaspic-zorana\/\">Zorana Kljakovi\u0107-Ga\u0161pi\u0107<\/a>, dipl. ing. kem. tehn., znanstvena savjetnica u trajnom zvanju<br>dr. sc. <a href=\"https:\/\/www.imi.hr\/hr\/djelatnik\/milicevic-ante\">Ante Mili\u010devi\u0107<\/a>, dipl. ing. kemije, znanstveni savjetnik u trajnom zvanju<br>dr. sc. <a href=\"https:\/\/www.imi.hr\/hr\/djelatnik\/pizent-alica\">Alica Pizent<\/a>, dipl. ing. kemije, znanstvena savjetnica u trajnom zvanju<br>dr. sc. <a href=\"https:\/\/www.imi.hr\/hr\/djelatnik\/lazarus-maja\">Maja Lazarus<\/a>, dipl. ing. preh. tehn., znanstvena savjetnica<br>dr. sc. <a href=\"https:\/\/www.imi.hr\/hr\/djelatnik\/sabolovic-jasmina\">Jasmina Sabolovi\u0107<\/a>, dipl. ing. fizike, znanstvena savjetnica u trajnom zvanju<br>dr. sc. <a href=\"https:\/\/www.imi.hr\/hr\/djelatnik\/brajenovic-natasa\">Nata\u0161a Brajenovi\u0107<\/a>, dipl. ing. kemije, vi\u0161a znanstvena suradnica<br>dr. sc. <a href=\"https:\/\/www.imi.hr\/hr\/djelatnik\/orct-tatjana\">Tatjana Orct<\/a>, dipl. ing. kemije, vi\u0161a znanstvena suradnica<br>dr. sc. <a href=\"https:\/\/www.imi.hr\/hr\/djelatnik\/ankica-sekovanic\">Ankica Sekovani\u0107<\/a>, dipl. ing. kem. tehn., znanstvena suradnica<br><a href=\"https:\/\/www.imi.hr\/hr\/djelatnik\/budimcic-jelena\">Jelena Peji\u0107<\/a>, mag. edu. kem., asistent-doktorand<br><a href=\"https:\/\/www.imi.hr\/hr\/djelatnik\/matausic-snjezana\">Snje\u017eana Matau\u0161i\u0107<\/a>, farm. tehn., tehni\u010dka suradnica<br><a href=\"https:\/\/www.imi.hr\/hr\/djelatnik\/nekic-kresimir\">Kre\u0161imir Neki\u0107<\/a>, kem. tehn., tehni\u010dki suradnik<\/p>\n\n\n\n<p>2) <strong>Lije\u010dnici, farmaceut, medicinski biokemi\u010dari i medicinske sestre sa kompetencijama u provedbi epidemiolo\u0161kih studija, klini\u010dkih medicinskih pretraga i biokemijskih laboratorijskih analiza<\/strong><br>prim. dr. sc. <a href=\"https:\/\/www.imi.hr\/hr\/djelatnik\/macan-jelena\">Jelena Macan<\/a>, dr. med., spec. med. rada i sporta, znanstvena savjetnica u trajnom zvanju<br>nasl. prof. dr. sc. <a href=\"https:\/\/www.imi.hr\/hr\/djelatnik\/cvijetic-avdagic-selma\">Selma Cvijeti\u0107 Avdagi\u0107<\/a>, dr. med., spec. epidemiologije,&nbsp;&nbsp; znanstvena savjetnica u trajnom zvanju<br>dr. sc. <a href=\"https:\/\/www.imi.hr\/hr\/djelatnik\/varnai-veda-marija\">Veda Marija Varnai<\/a>, dr. med., spec. med. rada, znanstvena savjetnica u trajnom zvanju <br>dr. sc. <a href=\"https:\/\/www.imi.hr\/hr\/djelatnik\/babic-zeljka\">\u017deljka Babi\u0107<\/a>, mag. farmacije, znanstvena suradnica<br>dr. sc. <a href=\"https:\/\/www.imi.hr\/hr\/djelatnik\/franic-zrinka\">Zrinka Frani\u0107<\/a>, dr. med., poslijedoktorand<br><a href=\"https:\/\/www.imi.hr\/hr\/djelatnik\/marija-macan\">Marija Macan<\/a>, mag. med. lab. dijag., asistent-doktorand<br><a href=\"https:\/\/www.imi.hr\/hr\/djelatnik\/sakic-franka\">Franka \u0160aki\u0107<\/a>, mag. med. tehn., stru\u010dna suradnica u sustavu znanosti<br><a href=\"https:\/\/www.imi.hr\/hr\/djelatnik\/gustovarac-adrijana\">Adrijana Gustovarac<\/a>,&nbsp; mag. med. lab. dijag., vi\u0161a tehni\u010darka<br><a href=\"https:\/\/www.imi.hr\/hr\/djelatnik\/monika-vuletic\">Monika Vuleti\u0107<\/a>, mag. med. lab. dijag., vi\u0161a tehni\u010darka<br><a href=\"https:\/\/www.imi.hr\/hr\/djelatnik\/silvija-boskovic-2\">Silvija Bo\u0161kovi\u0107<\/a>, bacc. med. tehn., vi\u0161a tehni\u010darka<br><a href=\"https:\/\/www.imi.hr\/hr\/djelatnik\/jagoda-mandic\">Jagoda Mandi\u0107<\/a>, med. sestra, tehni\u010dka suradnica<\/p>\n\n\n\n<p>3) <strong><strong>Nutricionist s kompetencijama u provedbi istra\u017eivanja hrane i primjeni analiti\u010dkih laboratorijskih metoda<\/strong>&nbsp;<\/strong>&nbsp;&nbsp;&nbsp;&nbsp;&nbsp;&nbsp;&nbsp;&nbsp;&nbsp;&nbsp;&nbsp;&nbsp;&nbsp;&nbsp;<br>dr. sc. <a href=\"https:\/\/www.imi.hr\/hr\/djelatnik\/sulimanec-antonija\">Antonija Sulimanec<\/a>, mag. nutricionizma, znanstvena suradnica<\/p>\n\n\n\n<p>4) <strong>Psiholozi s kompetencijama u provedbi epidemiolo\u0161kih studija i primjeni psihologijskih dijagnosti\u010dkih metoda<\/strong><br>nasl. izv. prof. dr. sc. <a href=\"https:\/\/www.imi.hr\/hr\/djelatnik\/adrijana-bjelajac\">Adrijana Bjelajac<\/a>, prof. psihologije, psihoterapeut,&nbsp; vi\u0161a znanstvena suradnica<br><a href=\"https:\/\/www.imi.hr\/hr\/djelatnik\/patricia-tomac-2\">Patricia Tomac<\/a>, mag. psih., asistent-doktorand<\/p>\n\n\n\n<p>5) <strong>Biostatisti\u010dar s kompetencijama u provo\u0111enju slo\u017eenih biostatisti\u010dkih metoda<\/strong><br>dr. sc. <a href=\"https:\/\/www.imi.hr\/hr\/djelatnik\/kovacic-jelena\">Jelena Kova\u010di\u0107<\/a>, mag. matematike, znanstvena suradnica<\/p>\n\n\n\n<p>6) <strong>Stru\u010dnjaci za\u0161tite na radu s kompetencijama u procjeni i provedbi mjera za\u0161tite na radu<\/strong><br><a href=\"https:\/\/www.imi.hr\/hr\/djelatnik\/kujundzic-marija\">Marija Kujund\u017ei\u0107<\/a>, mag. ing. sec., stru\u010dna suradnica u sustavu znanosti<\/p>\n\n\n\n<p><\/p>\n\n\n\n<h1 class=\"wp-block-heading has-text-align-center\">Suradne ustanove<\/h1>\n\n\n\n<p class=\"has-text-align-center\"><strong>Prehrambeno-biotehnolo\u0161ki fakultet, Sveu\u010dili\u0161te u Zagrebu<\/strong>; izv. prof. dr. sc. <strong>Irena Keser<\/strong><br><strong>Prehrambeno-biotehnolo\u0161ki fakultet, Sveu\u010dili\u0161te u Zagrebu<\/strong>; izv. prof. dr. sc. <strong>Martina Bituh<\/strong><br><strong>Fakultet elektrotehnike i ra\u010dunarstva, Sveu\u010dili\u0161te u Zagrebu<\/strong>; prof. dr. sc. <strong>Sini\u0161a Fajt<\/strong><br><strong>Klini\u010dka bolnica \u201e<\/strong>S<strong>veti Duh\u201d<\/strong>, Zavod za medicinsko laboratorijsku dijagnostiku; <strong>Adrijana Doroti\u0107<\/strong>, spec. med. biokem. i lab. med.<br><strong>Medicinski fakultet Sveu\u010dili\u0161ta u Zagrebu<\/strong>, Katedra za medicinsku kemiju, biokemiju i klini\u010dku kemiju; prof. dr. sc. <strong>Daria Pa\u0161ali\u0107<\/strong><br><strong>Klinika za \u017eenske bolesti i porode KBC-a i Medicinskog fakulteta Sveu\u010dili\u0161ta u Zagrebu<\/strong>,Zavod za humanu reprodukciju; izv. prof. dr. sc. <strong>Lana \u0160krgati\u0107<\/strong><br><strong>Friedrich Alexander University Erlangen-N\u00fcrnberg<\/strong>, Njema\u010dka, Department of Chemistry and Pharmacy; <strong>Astrid Sarapa<\/strong>, dipl. ing. agr., doktorand<br><strong>Institut za oceanografiju i ribarstvo iz Splita<\/strong>, Laboratorij za ribarstvenu biologiju, izv. prof. dr. sc. <strong>Vjekoslav Ti\u010dina<\/strong><br><strong>Institute of Nature Conservation of Polish Academy of Sciences<\/strong>, Krakow, Poljska, Department of Wildlife Conservation; izv. prof. dr. sc. <strong>Agnieszka Sergiel<\/strong> i<strong> <\/strong>prof. emer. dr. sc.<strong> \u0110uro Huber<\/strong><br><strong>Prirodoslovno-matemati\u010dki fakultet Sveu\u010dili\u0161ta u Zagrebu<\/strong>, Biolo\u0161ki odsjek; prof. dr. sc. <strong>Davor Zanella<\/strong><br><strong>Sveu\u010dili\u0161te Sjever<\/strong>, Sveu\u010dili\u0161ni centar Koprivnica, Odjel za prehrambenu tehnologiju; izv. prof. dr. sc. <strong>Dunja \u0160amec<\/strong><br><strong>Sveu\u010dili\u0161te u Zagrebu Agronomski fakultet<\/strong>, Zavod za ribarstvo, p\u010delarstvo, lovstvo i specijalnu zoologiju;<strong> <\/strong>izv. prof. dr. sc. <strong>Sa\u0161a Pr\u0111un<\/strong> i prof. dr. sc. <strong>Nikica \u0160prem<\/strong><br><strong>Sveu\u010dili\u0161te u Zagrebu Agronomski fakultet<\/strong>, Zavod za specijalno sto\u010darstvo; izv. prof. dr. sc. <strong>Ivan \u0160iri\u0107<\/strong><br><strong>Udruga BIOM<\/strong>; <strong>Dubravko Dender<\/strong>, dipl. ing. biol.<br><strong>University of Saskatchewan<\/strong>, Saskatoon, Canada, Department of Veterinary Biomedical Sciences, Toxicology Centre; prof. dr. sc. <strong>David M. Janz<\/strong><br><strong>Veterinarski fakultet Sveu\u010dili\u0161ta u Zagrebu<\/strong>, Zavod za biologiju; prof. dr. sc. <strong>\u0110uro Huber<\/strong><br><strong>Veterinarski fakultet Sveu\u010dili\u0161ta u Zagrebu<\/strong>, Zavod za farmakologiju i toksikologiju; prof. dr. sc. <strong>Andreja Prevendar Crni\u0107<\/strong> i <strong>Ena Oster<\/strong>, dr. vet. med., doktorand<br><strong>Veterinarski fakultet Sveu\u010dili\u0161ta u Zagrebu<\/strong>, Zavod za sudsko i upravno veterinarstvo; dr. sc. <strong>Slaven Relji\u0107<\/strong><br><strong>Veterinarski fakultet Sveu\u010dili\u0161ta u Zagrebu<\/strong>, Zavod za lovstvo i divlje \u017eivotinje; izv. prof. dr. sc. <strong>Magda Sindi\u010di\u0107<\/strong><br><strong>Hrvatski zavod za javno zdravstvo<\/strong>, Zagreb, Odjel za zdravstvenu ispravnost hrane, Odsjek za metale i metaloide; dr. sc. <strong>Anica Benuti\u0107<\/strong>, voditeljica odsjeka <br><strong>Prehrambeno-biotehnolo\u0161ki fakultet, Sveu\u010dili\u0161te u Zagrebu<\/strong>, Laboratorij&nbsp; za kemiju i biokemiju hrane; izv. prof. dr. sc. <strong>Ivana Rumora Samarin,<\/strong> mag. nutr. <br><strong>Klini\u010dka bolnica Dubrava<\/strong>, Zagreb, Zavod za endokrinologiju; dr. <strong>Mirjana Kardum <\/strong><br><strong>Florida State University, <\/strong>SAD; prof. dr. sc. <strong>Jasminka Ilich<\/strong>, mag.nutr. <br><strong>UCD Institute of Food &amp; Health, <\/strong>School of Agriculture and Food Science, Science Centre South, University College Dublin, Dublin,&nbsp;Irska; izv. prof. dr. sc. <strong>Breige McNulty <\/strong><br><strong>UCD Institute of Food &amp; Health, <\/strong>School of Agriculture and Food Science, Science Centre South, University College Dublin, Dublin. Irska; <strong>Institute for Global Food Security<\/strong>, School of Biological Sciences, Queen\u2019s University of Belfast, Belfast, Sjeverna Irska; dr. sc. <strong>Anne Nugent <\/strong><br><strong>Food and the Marine-Backweston Laboratory Complex<\/strong>,<strong> <\/strong>Food Chemistry Division, Department of Agriculture, Stacumny Lane, Celbridge, Co. Kildare, Irska;<strong> Jim Garvey<\/strong>, voditelj odsjeka<br><strong>Odjel za zdravstvene studije, Sveu\u010dili\u0161te u Zadru<\/strong>; prof.dr.sc. <strong>Marijana Matek Sari\u0107<\/strong><br><strong> Laboratory of Computational Biochemistry and Drug Design, National Institute of Chemistry, Ljubljana, Slovenija<\/strong>; prof. dr. sc. <strong>Janez Mavri<\/strong><br><strong>NMR laboratory<\/strong>, <strong>University of Pannonia, H-8200 Veszpr\u00e9m, Hungary<\/strong>; prof. dr. sc. <strong>G\u00e1bor Szalontai <\/strong><\/p>\n<\/div>\n<\/div>\n\n\n\n<div class=\"wp-block-query is-layout-flow wp-block-query-is-layout-flow\"><\/div>\n","protected":false},"excerpt":{"rendered":"<p>Istra\u017eivanje \u0107e provoditi multidisciplinarni tim znanstvenika Zavoda za medicinu rada i okoli\u0161a s Instituta za medicinska istra\u017eivanja i medicinu rada, koji uklju\u010duje: 1) Kemi\u010dari i fizi\u010dar sa kompetencijama u procjeni zaga\u0111enosti okoli\u0161a i izlo\u017eenosti ljudi primjenom metoda biolo\u0161kog monitoringa, u razvoju i primjeni analiti\u010dkih metoda te u in silico istra\u017eivanjimadr. sc. Jasna Jurasovi\u0107, dipl. ing. [&hellip;]<\/p>\n","protected":false},"author":11,"featured_media":0,"parent":0,"menu_order":0,"comment_status":"closed","ping_status":"closed","template":"","meta":{"footnotes":""},"class_list":["post-33","page","type-page","status-publish","hentry","entry"],"_links":{"self":[{"href":"https:\/\/projekti.imi.hr\/humenhealth\/wp-json\/wp\/v2\/pages\/33","targetHints":{"allow":["GET"]}}],"collection":[{"href":"https:\/\/projekti.imi.hr\/humenhealth\/wp-json\/wp\/v2\/pages"}],"about":[{"href":"https:\/\/projekti.imi.hr\/humenhealth\/wp-json\/wp\/v2\/types\/page"}],"author":[{"embeddable":true,"href":"https:\/\/projekti.imi.hr\/humenhealth\/wp-json\/wp\/v2\/users\/11"}],"replies":[{"embeddable":true,"href":"https:\/\/projekti.imi.hr\/humenhealth\/wp-json\/wp\/v2\/comments?post=33"}],"version-history":[{"count":47,"href":"https:\/\/projekti.imi.hr\/humenhealth\/wp-json\/wp\/v2\/pages\/33\/revisions"}],"predecessor-version":[{"id":1154,"href":"https:\/\/projekti.imi.hr\/humenhealth\/wp-json\/wp\/v2\/pages\/33\/revisions\/1154"}],"wp:attachment":[{"href":"https:\/\/projekti.imi.hr\/humenhealth\/wp-json\/wp\/v2\/media?parent=33"}],"curies":[{"name":"wp","href":"https:\/\/api.w.org\/{rel}","templated":true}]}}