{"id":173,"date":"2024-01-26T13:19:36","date_gmt":"2024-01-26T13:19:36","guid":{"rendered":"https:\/\/projekti.imi.hr\/humenhealth\/?page_id=173"},"modified":"2024-02-08T10:58:43","modified_gmt":"2024-02-08T10:58:43","slug":"medudjelovanje-zdravlja-ljudi-i-okolisa-odrednice-ocuvanja-zdravlja","status":"publish","type":"page","link":"https:\/\/projekti.imi.hr\/humenhealth\/","title":{"rendered":"Me\u0111udjelovanje zdravlja ljudi i okoli\u0161a: odrednice o\u010duvanja zdravlja"},"content":{"rendered":"\t\t<div data-elementor-type=\"wp-page\" data-elementor-id=\"173\" class=\"elementor elementor-173\">\n\t\t\t\t<div class=\"elementor-element elementor-element-5a85c7fa e-flex e-con-boxed e-con e-parent\" data-id=\"5a85c7fa\" data-element_type=\"container\" data-e-type=\"container\">\n\t\t\t\t\t<div class=\"e-con-inner\">\n\t\t\t\t<div class=\"elementor-element elementor-element-223ba6d4 elementor-widget elementor-widget-text-editor\" data-id=\"223ba6d4\" data-element_type=\"widget\" data-e-type=\"widget\" data-widget_type=\"text-editor.default\">\n\t\t\t\t<div class=\"elementor-widget-container\">\n\t\t\t\t\t\t\t\t\t\n<div class=\"wp-block-group is-content-justification-left is-nowrap is-layout-flex wp-container-core-group-is-layout-f56a869c wp-block-group-is-layout-flex\">\n<figure class=\"wp-block-image size-full is-resized wp-container-content-9cfa9a5a\"><img fetchpriority=\"high\" decoding=\"async\" width=\"842\" height=\"595\" class=\"wp-image-371\" style=\"width: 735px;height: auto\" src=\"https:\/\/projekti.imi.hr\/humenhealth\/wp-content\/uploads\/sites\/4\/2024\/01\/HumEnHealth-HR.png\" alt=\"\" srcset=\"https:\/\/projekti.imi.hr\/humenhealth\/wp-content\/uploads\/sites\/4\/2024\/01\/HumEnHealth-HR.png 842w, https:\/\/projekti.imi.hr\/humenhealth\/wp-content\/uploads\/sites\/4\/2024\/01\/HumEnHealth-HR-300x212.png 300w, https:\/\/projekti.imi.hr\/humenhealth\/wp-content\/uploads\/sites\/4\/2024\/01\/HumEnHealth-HR-768x543.png 768w\" sizes=\"(max-width: 842px) 100vw, 842px\" \/><\/figure>\n<\/div>\n\n<p>\u00a0<\/p>\n\n<h6 class=\"wp-block-heading has-text-align-center\"><em>Vodite ra\u010duna o svome tijelu. To je jedino mjesto gdje mo\u017eete \u017eivjeti.<\/em> (Jim Rohn)<\/h6>\n\t\t\t\t\t\t\t\t<\/div>\n\t\t\t\t<\/div>\n\t\t\t\t\t<\/div>\n\t\t\t\t<\/div>\n\t\t<div class=\"elementor-element elementor-element-57d5f34 e-flex e-con-boxed e-con e-parent\" data-id=\"57d5f34\" data-element_type=\"container\" data-e-type=\"container\">\n\t\t\t\t\t<div class=\"e-con-inner\">\n\t\t\t\t<div class=\"elementor-element elementor-element-58dcd13 elementor-widget-divider--view-line elementor-widget elementor-widget-divider\" data-id=\"58dcd13\" data-element_type=\"widget\" data-e-type=\"widget\" data-widget_type=\"divider.default\">\n\t\t\t\t<div class=\"elementor-widget-container\">\n\t\t\t\t\t\t\t<div class=\"elementor-divider\">\n\t\t\t<span class=\"elementor-divider-separator\">\n\t\t\t\t\t\t<\/span>\n\t\t<\/div>\n\t\t\t\t\t\t<\/div>\n\t\t\t\t<\/div>\n\t\t\t\t\t<\/div>\n\t\t\t\t<\/div>\n\t\t<div class=\"elementor-element elementor-element-2e14231 e-flex e-con-boxed e-con e-parent\" data-id=\"2e14231\" data-element_type=\"container\" data-e-type=\"container\">\n\t\t\t\t\t<div class=\"e-con-inner\">\n\t\t<div class=\"elementor-element elementor-element-321be1b e-con-full e-flex e-con e-child\" data-id=\"321be1b\" data-element_type=\"container\" data-e-type=\"container\">\n\t\t\t\t<div class=\"elementor-element elementor-element-cddf088 elementor-widget elementor-widget-image\" data-id=\"cddf088\" data-element_type=\"widget\" data-e-type=\"widget\" data-widget_type=\"image.default\">\n\t\t\t\t<div class=\"elementor-widget-container\">\n\t\t\t\t\t\t\t\t\t\t\t\t\t\t\t<img decoding=\"async\" width=\"150\" height=\"150\" src=\"https:\/\/projekti.imi.hr\/humenhealth\/wp-content\/uploads\/sites\/4\/2024\/01\/image2-1-150x150.jpg\" class=\"attachment-thumbnail size-thumbnail wp-image-266\" alt=\"eu\" srcset=\"https:\/\/projekti.imi.hr\/humenhealth\/wp-content\/uploads\/sites\/4\/2024\/01\/image2-1-150x150.jpg 150w, https:\/\/projekti.imi.hr\/humenhealth\/wp-content\/uploads\/sites\/4\/2024\/01\/image2-1.jpg 269w\" sizes=\"(max-width: 150px) 100vw, 150px\" \/>\t\t\t\t\t\t\t\t\t\t\t\t\t\t\t<\/div>\n\t\t\t\t<\/div>\n\t\t\t\t<\/div>\n\t\t<div class=\"elementor-element elementor-element-909abb1 e-con-full e-flex e-con e-child\" data-id=\"909abb1\" data-element_type=\"container\" data-e-type=\"container\">\n\t\t\t\t<div class=\"elementor-element elementor-element-6919482 elementor-widget elementor-widget-text-editor\" data-id=\"6919482\" data-element_type=\"widget\" data-e-type=\"widget\" data-widget_type=\"text-editor.default\">\n\t\t\t\t<div class=\"elementor-widget-container\">\n\t\t\t\t\t\t\t\t\t<p>Financira Europska unija \u2013 NextGenerationEU.<br \/>Izneseni stavovi i mi\u0161ljenja samo su autorova i ne odra\u017eavaju nu\u017eno slu\u017ebena stajali\u0161ta Europske unije<br \/>ili Europske komisije. Ni Europska unija ni Europska komisija ne mogu se smatrati odgovornima za njih.<\/p>\t\t\t\t\t\t\t\t<\/div>\n\t\t\t\t<\/div>\n\t\t\t\t<\/div>\n\t\t\t\t\t<\/div>\n\t\t\t\t<\/div>\n\t\t<div class=\"elementor-element elementor-element-a316b6b e-flex e-con-boxed e-con e-parent\" data-id=\"a316b6b\" data-element_type=\"container\" data-e-type=\"container\">\n\t\t\t\t\t<div class=\"e-con-inner\">\n\t\t\t\t<div class=\"elementor-element elementor-element-a7967c8 elementor-widget-divider--view-line elementor-widget elementor-widget-divider\" data-id=\"a7967c8\" data-element_type=\"widget\" data-e-type=\"widget\" data-widget_type=\"divider.default\">\n\t\t\t\t<div class=\"elementor-widget-container\">\n\t\t\t\t\t\t\t<div class=\"elementor-divider\">\n\t\t\t<span class=\"elementor-divider-separator\">\n\t\t\t\t\t\t<\/span>\n\t\t<\/div>\n\t\t\t\t\t\t<\/div>\n\t\t\t\t<\/div>\n\t\t\t\t\t<\/div>\n\t\t\t\t<\/div>\n\t\t<div class=\"elementor-element elementor-element-4126e03 e-flex e-con-boxed e-con e-parent\" data-id=\"4126e03\" data-element_type=\"container\" data-e-type=\"container\">\n\t\t\t\t\t<div class=\"e-con-inner\">\n\t\t<div class=\"elementor-element elementor-element-7c9e80f e-flex e-con-boxed e-con e-child\" data-id=\"7c9e80f\" data-element_type=\"container\" data-e-type=\"container\">\n\t\t\t\t\t<div class=\"e-con-inner\">\n\t\t\t\t<div class=\"elementor-element elementor-element-5be8ecb elementor-widget elementor-widget-image\" data-id=\"5be8ecb\" data-element_type=\"widget\" data-e-type=\"widget\" data-widget_type=\"image.default\">\n\t\t\t\t<div class=\"elementor-widget-container\">\n\t\t\t\t\t\t\t\t\t\t\t\t\t\t\t\t<a href=\"https:\/\/www.imi.hr\/hr\/\">\n\t\t\t\t\t\t\t<img decoding=\"async\" width=\"300\" height=\"173\" src=\"https:\/\/projekti.imi.hr\/humenhealth\/wp-content\/uploads\/sites\/4\/2024\/02\/znak-i-logo-Boja-HR-2-300x173.jpg\" class=\"attachment-medium size-medium wp-image-610\" alt=\"\" srcset=\"https:\/\/projekti.imi.hr\/humenhealth\/wp-content\/uploads\/sites\/4\/2024\/02\/znak-i-logo-Boja-HR-2-300x173.jpg 300w, https:\/\/projekti.imi.hr\/humenhealth\/wp-content\/uploads\/sites\/4\/2024\/02\/znak-i-logo-Boja-HR-2-1024x590.jpg 1024w, https:\/\/projekti.imi.hr\/humenhealth\/wp-content\/uploads\/sites\/4\/2024\/02\/znak-i-logo-Boja-HR-2-768x442.jpg 768w, https:\/\/projekti.imi.hr\/humenhealth\/wp-content\/uploads\/sites\/4\/2024\/02\/znak-i-logo-Boja-HR-2-1536x885.jpg 1536w, https:\/\/projekti.imi.hr\/humenhealth\/wp-content\/uploads\/sites\/4\/2024\/02\/znak-i-logo-Boja-HR-2.jpg 1663w\" sizes=\"(max-width: 300px) 100vw, 300px\" \/>\t\t\t\t\t\t\t\t<\/a>\n\t\t\t\t\t\t\t\t\t\t\t\t\t\t\t<\/div>\n\t\t\t\t<\/div>\n\t\t\t\t\t<\/div>\n\t\t\t\t<\/div>\n\t\t\t\t\t<\/div>\n\t\t\t\t<\/div>\n\t\t\t\t<\/div>\n\t\t","protected":false},"excerpt":{"rendered":"<p>\u00a0 Vodite ra\u010duna o svome tijelu. To je jedino mjesto gdje mo\u017eete \u017eivjeti. (Jim Rohn) \/*! elementor &#8211; v3.19.0 &#8211; 29-01-2024 *\/ .elementor-widget-divider{&#8211;divider-border-style:none;&#8211;divider-border-width:1px;&#8211;divider-color:#0c0d0e;&#8211;divider-icon-size:20px;&#8211;divider-element-spacing:10px;&#8211;divider-pattern-height:24px;&#8211;divider-pattern-size:20px;&#8211;divider-pattern-url:none;&#8211;divider-pattern-repeat:repeat-x}.elementor-widget-divider .elementor-divider{display:flex}.elementor-widget-divider .elementor-divider__text{font-size:15px;line-height:1;max-width:95%}.elementor-widget-divider .elementor-divider__element{margin:0 var(&#8211;divider-element-spacing);flex-shrink:0}.elementor-widget-divider .elementor-icon{font-size:var(&#8211;divider-icon-size)}.elementor-widget-divider .elementor-divider-separator{display:flex;margin:0;direction:ltr}.elementor-widget-divider&#8211;view-line_icon .elementor-divider-separator,.elementor-widget-divider&#8211;view-line_text .elementor-divider-separator{align-items:center}.elementor-widget-divider&#8211;view-line_icon .elementor-divider-separator:after,.elementor-widget-divider&#8211;view-line_icon .elementor-divider-separator:before,.elementor-widget-divider&#8211;view-line_text .elementor-divider-separator:after,.elementor-widget-divider&#8211;view-line_text .elementor-divider-separator:before{display:block;content:&#8221;&#8221;;border-block-end:0;flex-grow:1;border-block-start:var(&#8211;divider-border-width) var(&#8211;divider-border-style) var(&#8211;divider-color)}.elementor-widget-divider&#8211;element-align-left .elementor-divider .elementor-divider-separator&gt;.elementor-divider__svg:first-of-type{flex-grow:0;flex-shrink:100}.elementor-widget-divider&#8211;element-align-left .elementor-divider-separator:before{content:none}.elementor-widget-divider&#8211;element-align-left .elementor-divider__element{margin-left:0}.elementor-widget-divider&#8211;element-align-right .elementor-divider .elementor-divider-separator&gt;.elementor-divider__svg:last-of-type{flex-grow:0;flex-shrink:100}.elementor-widget-divider&#8211;element-align-right .elementor-divider-separator:after{content:none}.elementor-widget-divider&#8211;element-align-right .elementor-divider__element{margin-right:0}.elementor-widget-divider&#8211;element-align-start .elementor-divider .elementor-divider-separator&gt;.elementor-divider__svg:first-of-type{flex-grow:0;flex-shrink:100}.elementor-widget-divider&#8211;element-align-start .elementor-divider-separator:before{content:none}.elementor-widget-divider&#8211;element-align-start .elementor-divider__element{margin-inline-start:0}.elementor-widget-divider&#8211;element-align-end .elementor-divider .elementor-divider-separator&gt;.elementor-divider__svg:last-of-type{flex-grow:0;flex-shrink:100}.elementor-widget-divider&#8211;element-align-end .elementor-divider-separator:after{content:none}.elementor-widget-divider&#8211;element-align-end .elementor-divider__element{margin-inline-end:0}.elementor-widget-divider:not(.elementor-widget-divider&#8211;view-line_text):not(.elementor-widget-divider&#8211;view-line_icon) .elementor-divider-separator{border-block-start:var(&#8211;divider-border-width) var(&#8211;divider-border-style) [&hellip;]<\/p>\n","protected":false},"author":11,"featured_media":0,"parent":0,"menu_order":0,"comment_status":"closed","ping_status":"closed","template":"","meta":{"footnotes":""},"class_list":["post-173","page","type-page","status-publish","hentry","entry"],"_links":{"self":[{"href":"https:\/\/projekti.imi.hr\/humenhealth\/wp-json\/wp\/v2\/pages\/173","targetHints":{"allow":["GET"]}}],"collection":[{"href":"https:\/\/projekti.imi.hr\/humenhealth\/wp-json\/wp\/v2\/pages"}],"about":[{"href":"https:\/\/projekti.imi.hr\/humenhealth\/wp-json\/wp\/v2\/types\/page"}],"author":[{"embeddable":true,"href":"https:\/\/projekti.imi.hr\/humenhealth\/wp-json\/wp\/v2\/users\/11"}],"replies":[{"embeddable":true,"href":"https:\/\/projekti.imi.hr\/humenhealth\/wp-json\/wp\/v2\/comments?post=173"}],"version-history":[{"count":81,"href":"https:\/\/projekti.imi.hr\/humenhealth\/wp-json\/wp\/v2\/pages\/173\/revisions"}],"predecessor-version":[{"id":617,"href":"https:\/\/projekti.imi.hr\/humenhealth\/wp-json\/wp\/v2\/pages\/173\/revisions\/617"}],"wp:attachment":[{"href":"https:\/\/projekti.imi.hr\/humenhealth\/wp-json\/wp\/v2\/media?parent=173"}],"curies":[{"name":"wp","href":"https:\/\/api.w.org\/{rel}","templated":true}]}}