{"id":84,"date":"2024-01-28T22:26:10","date_gmt":"2024-01-28T22:26:10","guid":{"rendered":"http:\/\/environpolluthealth.000.pe\/?page_id=36"},"modified":"2024-05-15T10:32:39","modified_gmt":"2024-05-15T10:32:39","slug":"o-projektu-2","status":"publish","type":"page","link":"https:\/\/projekti.imi.hr\/environpolluthealth\/?page_id=84","title":{"rendered":"O projektu"},"content":{"rendered":"\n<div class=\"wp-block-group\"><div class=\"wp-block-group__inner-container is-layout-constrained wp-block-group-is-layout-constrained\">\n<div class=\"wp-block-cover\" style=\"min-height:166px;aspect-ratio:unset;\"><span aria-hidden=\"true\" class=\"wp-block-cover__background has-background-dim-60 has-background-dim\"><\/span><img decoding=\"async\" class=\"wp-block-cover__image-background wp-image-554\" alt=\"\" src=\"http:\/\/projekti.imi.hr\/environpolluthealth\/wp-content\/uploads\/sites\/3\/2024\/02\/Test06.jpg\" style=\"object-position:50% 86%\" data-object-fit=\"cover\" data-object-position=\"50% 86%\" \/><div class=\"wp-block-cover__inner-container is-layout-flow wp-block-cover-is-layout-flow\">\n<p class=\"has-text-align-center has-large-font-size\">OSNOVNI PODACI<\/p>\n<\/div><\/div>\n\n\n\n<p><strong>Vrsta projekta:<\/strong><br>Znanstvenoistra\u017eiva\u010dki projekt<\/p>\n\n\n\n<p><strong>Znanstveno podru\u010dje:<\/strong><br>Interdisciplinarno (prirodne, biomedicinske, biotehni\u010dke i ra\u010dunalno-informacijske znanosti)<\/p>\n\n\n\n<p><strong>Naziv projekta:<\/strong><br>One\u010di\u0161\u0107enje okoli\u0161a i ljudsko zdravlje: fizikalno-kemijska analiza, toksi\u010dnost i modeli strojnog u\u010denja<\/p>\n\n\n\n<p><strong>Akronim:<\/strong><br>EnvironPollutHealth<\/p>\n\n\n\n<p><strong>Nositelj:<\/strong><br>Institut za medicinska istra\u017eivanja i medicinu rada (IMI), Ksaverska cesta 2, Zagreb<br>MB 03270475 | OIB 30285469659<br>\ud83c\udf10: <a href=\"http:\/\/www.imi.hr\" data-type=\"link\" data-id=\"www.imi.hr\">www.imi.hr<\/a><\/p>\n\n\n\n<p><strong>Voditelj:<\/strong><br>dr. sc. <a href=\"https:\/\/www.imi.hr\/hr\/djelatnik\/herceg-romanic-snjezana\/\">Snje\u017eana Herceg Romani\u0107<\/a>, Zavod za higijenu okoli\u0161a, IMI<\/p>\n\n\n\n<p><strong>Trajanje:<\/strong><br>1.1.2024. &#8211; 31.12.2027.<\/p>\n\n\n\n<p><strong>Izvor financiranja:<\/strong><br>Europska unija \u2013 NextGenerationEU<br>Programski ugovor od 8. prosinca 2023. <br>KLASA: 643-02\/23-01\/00016, URBROJ: 533-03-23-0006<br><strong>Iznos potpore: <\/strong>460.652,00 EUR<\/p>\n<\/div><\/div>\n\n\n\n<hr class=\"wp-block-separator has-alpha-channel-opacity\" \/>\n\n\n\n<div class=\"wp-block-group\"><div class=\"wp-block-group__inner-container is-layout-constrained wp-block-group-is-layout-constrained\">\n<p class=\"has-text-align-center has-large-font-size\"><strong>CILJ<\/strong><\/p>\n\n\n\n<p class=\"has-medium-font-size\">EnvironPollutHealth predstavlja sveobuhvatno istra\u017eivanje razina, profila, izvora one\u010di\u0161\u0107enja okoli\u0161a te utjecaja one\u010di\u0161\u0107enja na okoli\u0161 i ljudsko zdravlje. Istra\u017euju se najzna\u010dajnija zaga\u0111ivala okoli\u0161a kao \u0161to su policikli\u010dki aromatski ugljikovodici (PAU), du\u0161ikovi oksidi, sumporov dioksid, ozon, te\u0161ki metali, hlapljivi organski spojevi (eng. <em>Volatile Organic Compounds<\/em>, VOC), lebde\u0107e \u010destice (PM<sub>10<\/sub>, PM<sub>2,5<\/sub>, PM<sub>1<\/sub>) i postojana organska zaga\u0111ivala (eng. <em>Persistent Organic Pollutants<\/em>, POPs).<\/p>\n\n\n\n<p class=\"has-medium-font-size\">U istra\u017eivanju me\u0111usobnih odnosa zaga\u0111ivala i njihove ovisnosti o drugim varijablama u okoli\u0161u koristi se umjetna inteligencija (eng. <em>Artificial Intelligence<\/em>, AI) implementirana kroz metode strojnog u\u010denja (eng. <em>Machine Learning<\/em>, ML). U istra\u017eivanju toksi\u010dnosti koristi se <em>in silico<\/em> toksikolo\u0161ki model (engl. <em>Quantitative Structure-Activity Relationship<\/em>, QSAR).<\/p>\n\n\n\n<p class=\"has-medium-font-size\">Poseban cilj ovog projekta je razvijanje i uvo\u0111enje novih analiti\u010dkih i mjernih metoda za one\u010di\u0161\u0107uju\u0107e tvari, kao \u0161to su ultrafine \u010destice promjera &lt; 100 nm (engl. <em>Ultrafine Particles<\/em>, UFP), crni ugljik (engl. <em>Black Carbon<\/em>, BC), mikroplastika, specifi\u010dni VOC, derivati PAU-a i nove klase usporiva\u010da gorenja, u razli\u010ditim matricama okoli\u0161a.<\/p>\n<\/div><\/div>\n\n\n\n<hr class=\"wp-block-separator has-alpha-channel-opacity\" \/>\n\n\n\n<p><strong>RADNI PAKETI PROJEKTA:<\/strong><\/p>\n\n\n\n<p><strong>Istra\u017eivanje vodenog ekosustava<\/strong><\/p>\n\n\n\n<p>U okviru radnog paketa istra\u017euju se poliaromatski ugljikovodici (PAU), postojana organska zaga\u0111ivala (engl. <em>Persistent Organic Pollutants<\/em>; POPs) i razli\u010diti toksi\u010dni i esencijalni elementi (Al, As, B, Ba, Be, Ca, Cd, Cr, Cu, Fe, Ga, K, Li, Mg, Mn, Mo, Na, Ni, P, Pb, S, Sb, Si, Sn, Sr, Ti, V, Zn) u slatkovodnom i morskom dijelu okoli\u0161a. One\u010di\u0161\u0107enje se odre\u0111uje u sedimentu rijeka dunavskog i jadranskog slijeva u Hrvatskoj (podru\u010dja Istre, sredi\u0161nje Hrvatske i rijeka Neretva), ribljim vrstama obi\u010dni klen <em>Squalius cephalus<\/em> (dunavski slijev) i bijeli klen <em>Squalius squalus<\/em> (jadranski slijev), te konzumnoj ribi (\u0161aran <em>Cyprinus carpio<\/em>, \u0161tuka <em>Esox lucius<\/em>, smu\u0111 <em>Sander lucioperca<\/em>, som <em>Silurus glanis<\/em> deverika <em>Abramis brama<\/em> i amur <em>Ctenopharyngodon idella<\/em>). U okviru morskog dijela okoli\u0161a, istra\u017euje se bioakumulacija u ribljim vrstama iz akvakulture.<br>U istra\u017eivanju toksi\u010dnosti koristi se <em>in silico<\/em> toksikolo\u0161ki model (engl. <em>Quantitative Structure-Activity Relationship<\/em>, QSAR).<\/p>\n\n\n\n<p><strong>Humani biomonitoring<\/strong><\/p>\n\n\n\n<p>U okviru radnog paketa istra\u017euju se poliaromatski ugljikovodici (PAU), postojana organska zaga\u0111ivala (engl. <em>Persistent Organic Pollutants<\/em>; POPs) i razli\u010diti toksi\u010dni i esencijalni elementi (Al, As, B, Ba, Be, Ca, Cd, Cr, Cu, Fe, Ga, K, Li, Mg, Mn, Mo, Na, Ni, P, Pb, S, Sb, Si, Sn, Sr, Ti, V, Zn) u maj\u010dinom mlijeku. Obzirom da je maj\u010dino mlijeko neophodno za pravilan rast i razvoj dojen\u010dadi, procjenjuje se rizik po zdravlje dojen\u010dadi. Procjena izlo\u017eenosti toksi\u010dnim spojevima ranjivih skupina jedan od relevantnih javnozdravstvenih prioriteta Europske unije.<\/p>\n\n\n\n<p><strong>Kvaliteta zraka<\/strong><\/p>\n\n\n\n<p>U okviru radnog paketa ispituje se utjecaj donosa saharske pra\u0161ine, razli\u010ditih klimatskih ekstrema (temperaturnih, povi\u0161enih oborina i ostalo), po\u017eara, i eventualnih nesre\u0107a sa svrhom dobivanja saznanja kako specifi\u010dni doga\u0111aji utje\u010du na razine one\u010di\u0161\u0107uju\u0107ih tvari u zraku, \u0161to je osobito va\u017eno s obzirom na klimatske promjene, te utjecaj na ekosustav i ljudsko zdravlje. Sustavna istra\u017eivanja u ovom podru\u010dju do sada nisu provedena u Hrvatskoj, te bi zajedno s detaljnom fizikalno-kemijskom analizom sastava lebde\u0107ih \u010destica, pra\u0107enjem vi\u0161egodi\u0161njih trendova te procjenom zdravstvenog i ekolo\u0161kog rizika i dominantnih izvora one\u010di\u0161\u0107enja osigurala podlogu za izradu smjernica i strategija u podru\u010dju za\u0161tite zraka. Nadalje, istra\u017eivanja uklju\u010duju prou\u010davanje kvalitete unutarnjeg zraka, prou\u010davanje kru\u017eenja one\u010di\u0161\u0107uju\u0107ih tvari u zraku, ukupnoj talo\u017enoj tvari i tlu te razvoj modela primjenom kemometrijskih tehnika i metoda strojnog u\u010denja (eng. <em>Machine Learning<\/em>).<\/p>\n\n\n\n<p><strong>Razvoj analiti\u010dkih metoda i primijenjena istra\u017eivanja<\/strong><\/p>\n\n\n\n<p>Optimizacija analiti\u010dkih metoda za odre\u0111ivanje usporiva\u010da gorenja<br>Primijenjena istra\u017eivanja u agroekologiji<br>Primijenjena istra\u017eivanja senzora za kvalitetu zraka<br>Mjerenja ultrafinih \u010destica (\u010destice promjera &lt; 100 nm)<br>Analiza mikroplastike<br>Analiza aniona organskih kiselina ni\u017eih molekulskih masa i kratkolan\u010danih alkil i alkanol amina<br>Analiza ugljika u zraku<br>Analiza poliaromatskih ugljikovodika vi\u0161ih molekulskih masa i njihovi derivati<br>Optimizacija metoda za analizu metala<br>Optimizacija metoda za analizu hlapljivih organskih spojeva (eng. <em>Volatile Organic Compounds<\/em>, VOC)<\/p>\n\n\n\n<hr class=\"wp-block-separator has-alpha-channel-opacity\" \/>\n\n\n\n<p class=\"has-medium-font-size\"><strong>Vezani projekti<\/strong><\/p>\n\n\n\n<p>EDIAQI \u2013 Evidence Driven Indoor Air Quality Improvement (poveznica: <a href=\"https:\/\/ediaqi.eu\/\">https:\/\/ediaqi.eu\/<\/a>)<\/p>\n","protected":false},"excerpt":{"rendered":"<p>Vrsta projekta:Znanstvenoistra\u017eiva\u010dki projekt Znanstveno podru\u010dje:Interdisciplinarno (prirodne, biomedicinske, biotehni\u010dke i ra\u010dunalno-informacijske znanosti) Naziv projekta:One\u010di\u0161\u0107enje okoli\u0161a i ljudsko zdravlje: fizikalno-kemijska analiza, toksi\u010dnost i modeli strojnog u\u010denja Akronim:EnvironPollutHealth Nositelj:Institut za medicinska istra\u017eivanja i medicinu rada (IMI), Ksaverska cesta 2, ZagrebMB 03270475 | OIB 30285469659\ud83c\udf10: www.imi.hr Voditelj:dr. sc. Snje\u017eana Herceg Romani\u0107, Zavod za higijenu okoli\u0161a, IMI Trajanje:1.1.2024. &#8211; 31.12.2027. &hellip;<br \/><a href=\"https:\/\/projekti.imi.hr\/environpolluthealth\/?page_id=84\" class=\"more-link pen_button pen_element_default pen_icon_arrow_double\">Continue reading <span class=\"screen-reader-text\">O projektu<\/span><\/a><\/p>\n","protected":false},"author":13,"featured_media":0,"parent":85,"menu_order":0,"comment_status":"closed","ping_status":"closed","template":"","meta":{"footnotes":""},"class_list":["post-84","page","type-page","status-publish","hentry"],"_links":{"self":[{"href":"https:\/\/projekti.imi.hr\/environpolluthealth\/index.php?rest_route=\/wp\/v2\/pages\/84","targetHints":{"allow":["GET"]}}],"collection":[{"href":"https:\/\/projekti.imi.hr\/environpolluthealth\/index.php?rest_route=\/wp\/v2\/pages"}],"about":[{"href":"https:\/\/projekti.imi.hr\/environpolluthealth\/index.php?rest_route=\/wp\/v2\/types\/page"}],"author":[{"embeddable":true,"href":"https:\/\/projekti.imi.hr\/environpolluthealth\/index.php?rest_route=\/wp\/v2\/users\/13"}],"replies":[{"embeddable":true,"href":"https:\/\/projekti.imi.hr\/environpolluthealth\/index.php?rest_route=%2Fwp%2Fv2%2Fcomments&post=84"}],"version-history":[{"count":7,"href":"https:\/\/projekti.imi.hr\/environpolluthealth\/index.php?rest_route=\/wp\/v2\/pages\/84\/revisions"}],"predecessor-version":[{"id":895,"href":"https:\/\/projekti.imi.hr\/environpolluthealth\/index.php?rest_route=\/wp\/v2\/pages\/84\/revisions\/895"}],"up":[{"embeddable":true,"href":"https:\/\/projekti.imi.hr\/environpolluthealth\/index.php?rest_route=\/wp\/v2\/pages\/85"}],"wp:attachment":[{"href":"https:\/\/projekti.imi.hr\/environpolluthealth\/index.php?rest_route=%2Fwp%2Fv2%2Fmedia&parent=84"}],"curies":[{"name":"wp","href":"https:\/\/api.w.org\/{rel}","templated":true}]}}