{"id":599,"date":"2024-02-17T21:02:24","date_gmt":"2024-02-17T21:02:24","guid":{"rendered":"https:\/\/projekti.imi.hr\/environpolluthealth\/?page_id=599"},"modified":"2025-10-28T11:24:29","modified_gmt":"2025-10-28T11:24:29","slug":"project-team","status":"publish","type":"page","link":"https:\/\/projekti.imi.hr\/environpolluthealth\/?page_id=599&lang=en","title":{"rendered":"Project Team"},"content":{"rendered":"\n<div class=\"wp-block-columns is-layout-flex wp-container-core-columns-is-layout-9d6595d7 wp-block-columns-is-layout-flex\">\n<div class=\"wp-block-column is-layout-flow wp-block-column-is-layout-flow\" style=\"flex-basis:100%\">\n<p class=\"has-text-align-center has-medium-font-size\">A multidisciplinary research team with experience in the field of natural, biomedical, biotechnical, and computer-information sciences consists of &gt;30 scientists (out of 21 from IMROH) from three public universities (Zagreb and Zadar, Croatia and Belgrade, Serbia) and two scientific research institutes from Zagreb and collaborators from a public institution in Karlovac.<\/p>\n<\/div>\n<\/div>\n\n\n\n<div class=\"wp-block-group alignfull has-background\" style=\"background-color:#6099bf61;margin-top:0;margin-bottom:0;padding-top:var(--wp--preset--spacing--50);padding-right:var(--wp--preset--spacing--50);padding-bottom:var(--wp--preset--spacing--50);padding-left:var(--wp--preset--spacing--50)\"><div class=\"wp-block-group__inner-container is-layout-constrained wp-container-core-group-is-layout-2bafd31c wp-block-group-is-layout-constrained\">\n<div class=\"wp-block-group is-vertical is-content-justification-center is-layout-flex wp-container-core-group-is-layout-7681721f wp-block-group-is-layout-flex\">\n<h2 class=\"wp-block-heading has-text-align-center is-style-default\"><strong>Holder<\/strong><\/h2>\n\n\n\n<figure class=\"wp-block-image size-full is-resized wp-duotone-unset-1\"><img fetchpriority=\"high\" decoding=\"async\" width=\"600\" height=\"600\" src=\"http:\/\/projekti.imi.hr\/environpolluthealth\/wp-content\/uploads\/sites\/3\/2024\/02\/znak-pozitiv-1.png\" alt=\"\" class=\"wp-image-584\" style=\"width:156px;height:auto\" srcset=\"https:\/\/projekti.imi.hr\/environpolluthealth\/wp-content\/uploads\/sites\/3\/2024\/02\/znak-pozitiv-1.png 600w, https:\/\/projekti.imi.hr\/environpolluthealth\/wp-content\/uploads\/sites\/3\/2024\/02\/znak-pozitiv-1-300x300.png 300w, https:\/\/projekti.imi.hr\/environpolluthealth\/wp-content\/uploads\/sites\/3\/2024\/02\/znak-pozitiv-1-150x150.png 150w, https:\/\/projekti.imi.hr\/environpolluthealth\/wp-content\/uploads\/sites\/3\/2024\/02\/znak-pozitiv-1-225x225.png 225w\" sizes=\"(max-width: 600px) 100vw, 600px\" \/><\/figure>\n\n\n\n<p class=\"has-text-align-center\"><a href=\"https:\/\/www.imi.hr\/en\/jedinica\/division-of-environmental-hygiene\/\" target=\"_blank\" rel=\"noreferrer noopener\">Division of Environmental Hygiene<\/a><br>Institute for Medical Research and Occupational Health, Zagreb, Croatia<\/p>\n\n\n\n<div style=\"margin-top:0;margin-bottom:0;height:0px\" aria-hidden=\"true\" class=\"wp-block-spacer wp-container-content-9d1f8957\"><\/div>\n<\/div>\n\n\n\n<div class=\"wp-block-group is-vertical is-content-justification-center is-layout-flex wp-container-core-group-is-layout-7681721f wp-block-group-is-layout-flex\">\n<h2 class=\"wp-block-heading has-text-align-center is-style-asterisk has-body-font-family has-medium-font-size\" style=\"font-style:normal;font-weight:600\"><strong>Project leader:<\/strong><\/h2>\n\n\n\n<hr class=\"wp-block-separator has-alpha-channel-opacity\" \/>\n\n\n\n<div style=\"margin-top:0;margin-bottom:0;height:31px\" aria-hidden=\"true\" class=\"wp-block-spacer wp-container-content-38cd910e\"><\/div>\n\n\n\n<p><a href=\"https:\/\/www.imi.hr\/en\/djelatnik\/herceg-romanic-snjezana-2\/\" target=\"_blank\" rel=\"noreferrer noopener\">Snje\u017eana Herceg Romani\u0107<\/a>, PhD, permanent scientific advisor<\/p>\n<\/div>\n\n\n\n<div style=\"margin-top:0;margin-bottom:0;height:var(--wp--preset--spacing--40)\" aria-hidden=\"true\" class=\"wp-block-spacer\"><\/div>\n\n\n\n<div class=\"wp-block-group is-vertical is-content-justification-center is-layout-flex wp-container-core-group-is-layout-7681721f wp-block-group-is-layout-flex\">\n<h2 class=\"wp-block-heading has-text-align-center is-style-asterisk has-body-font-family has-medium-font-size\" style=\"font-style:normal;font-weight:600\"><strong>Associates:<\/strong><\/h2>\n\n\n\n<hr class=\"wp-block-separator has-alpha-channel-opacity\" \/>\n\n\n\n<div style=\"margin-top:0;margin-bottom:0;height:31px\" aria-hidden=\"true\" class=\"wp-block-spacer wp-container-content-38cd910e\"><\/div>\n<\/div>\n\n\n\n<div class=\"wp-block-group alignwide\"><div class=\"wp-block-group__inner-container is-layout-constrained wp-block-group-is-layout-constrained\">\n<div class=\"wp-block-columns alignwide is-layout-flex wp-container-core-columns-is-layout-2aabe216 wp-block-columns-is-layout-flex\">\n<div class=\"wp-block-column is-layout-flow wp-block-column-is-layout-flow\">\n<p class=\"has-text-align-center\">Assoc. Prof.&nbsp;<a href=\"https:\/\/www.imi.hr\/en\/djelatnik\/pehnec-gordana-2\/\" target=\"_blank\" rel=\"noreferrer noopener\">Gordana Pehnec<\/a>, PhD<br>permanent scientific advisor, head of Division<\/p>\n<\/div>\n\n\n\n<div class=\"wp-block-column is-layout-flow wp-block-column-is-layout-flow\">\n<p class=\"has-text-align-center\"><a href=\"https:\/\/www.imi.hr\/en\/djelatnik\/beslic-ivan-2\/\" target=\"_blank\" rel=\"noreferrer noopener\">Ivan Be\u0161li\u0107<\/a>, PhD<br>scientific advisor<\/p>\n<\/div>\n\n\n\n<div class=\"wp-block-column is-layout-flow wp-block-column-is-layout-flow\">\n<p class=\"has-text-align-center\"><a href=\"https:\/\/www.imi.hr\/en\/djelatnik\/martina-biosic-2\/\" data-type=\"link\" data-id=\"https:\/\/www.imi.hr\/en\/djelatnik\/martina-biosic-2\/\">Martina Bio\u0161i\u0107<\/a>, PhD<br>scientific associate<\/p>\n<\/div>\n<\/div>\n<\/div><\/div>\n\n\n\n<div class=\"wp-block-columns alignwide is-layout-flex wp-container-core-columns-is-layout-2aabe216 wp-block-columns-is-layout-flex\">\n<div class=\"wp-block-column is-layout-flow wp-block-column-is-layout-flow\">\n<p class=\"has-text-align-center\"><a href=\"https:\/\/www.imi.hr\/en\/djelatnik\/godec-ranka-2\/\" target=\"_blank\" rel=\"noreferrer noopener\">Ranka Godec<\/a>, PhD<br>senior scientific associate<\/p>\n<\/div>\n\n\n\n<div class=\"wp-block-column is-layout-flow wp-block-column-is-layout-flow\">\n<p class=\"has-text-align-center\"><a href=\"https:\/\/www.imi.hr\/en\/djelatnik\/klincic-darija-2\/\" target=\"_blank\" rel=\"noreferrer noopener\">Darija Klin\u010di\u0107<\/a>, PhD<br>senior scientific associate<\/p>\n<\/div>\n\n\n\n<div class=\"wp-block-column is-layout-flow wp-block-column-is-layout-flow\">\n<p class=\"has-text-align-center\"><a href=\"https:\/\/www.imi.hr\/en\/djelatnik\/mendas-starcevic-gordana-2\/\" target=\"_blank\" rel=\"noreferrer noopener\">Gordana Menda\u0161 Star\u010devi\u0107<\/a>, PhD<br>senior scientific associate<\/p>\n<\/div>\n<\/div>\n\n\n\n<div class=\"wp-block-columns alignwide is-layout-flex wp-container-core-columns-is-layout-2aabe216 wp-block-columns-is-layout-flex\">\n<div class=\"wp-block-column is-layout-flow wp-block-column-is-layout-flow\">\n<p class=\"has-text-align-center\">Assist. Prof.&nbsp;<a href=\"https:\/\/www.imi.hr\/en\/djelatnik\/stipicevic-sanja-2\/\" target=\"_blank\" rel=\"noreferrer noopener\">Sanja Stipi\u010devi\u0107<\/a>, PhD<br>senior scientific associate<\/p>\n<\/div>\n\n\n\n<div class=\"wp-block-column is-layout-flow wp-block-column-is-layout-flow\">\n<p class=\"has-text-align-center\"><a href=\"https:\/\/www.imi.hr\/en\/djelatnik\/zuzul-silva-2\/\" target=\"_blank\" rel=\"noreferrer noopener\">Silva \u017du\u017eul<\/a>, PhD<br>senior scientific associate<\/p>\n<\/div>\n\n\n\n<div class=\"wp-block-column is-layout-flow wp-block-column-is-layout-flow\">\n<p class=\"has-text-align-center\">Assist. Prof. <a href=\"https:\/\/www.imi.hr\/en\/djelatnik\/davila-silvije-2\/\" target=\"_blank\" rel=\"noreferrer noopener\">Silvije Davila<\/a>, PhD<br>scientific associate<\/p>\n<\/div>\n<\/div>\n\n\n\n<div class=\"wp-block-columns alignwide is-layout-flex wp-container-core-columns-is-layout-2aabe216 wp-block-columns-is-layout-flex\">\n<div class=\"wp-block-column is-layout-flow wp-block-column-is-layout-flow\">\n<p class=\"has-text-align-center\"><a href=\"https:\/\/www.imi.hr\/en\/djelatnik\/dvorscak-marija-2\/\" target=\"_blank\" rel=\"noreferrer noopener\">Marija Dvor\u0161\u010dak<\/a>, PhD<br>scientific associate<\/p>\n<\/div>\n\n\n\n<div class=\"wp-block-column is-layout-flow wp-block-column-is-layout-flow\">\n<p class=\"has-text-align-center\"><a href=\"https:\/\/www.imi.hr\/hr\/djelatnik\/ivana-jakovljevic\/\" target=\"_blank\" rel=\"noreferrer noopener\">I<\/a><a href=\"https:\/\/www.imi.hr\/en\/djelatnik\/ivana-jakovljevic-2\/\" target=\"_blank\" rel=\"noreferrer noopener\">vana Jakovljevi\u0107<\/a>, PhD<br>scientific associate<\/p>\n<\/div>\n\n\n\n<div class=\"wp-block-column is-layout-flow wp-block-column-is-layout-flow\">\n<p class=\"has-text-align-center\"><a href=\"https:\/\/www.imi.hr\/en\/djelatnik\/rinkovec-jasmina-2\/\" target=\"_blank\" rel=\"noreferrer noopener\">Jasmina Rinkovec<\/a>, PhD<br>scientific associate<\/p>\n<\/div>\n<\/div>\n\n\n\n<div class=\"wp-block-columns alignwide is-layout-flex wp-container-core-columns-is-layout-2aabe216 wp-block-columns-is-layout-flex\">\n<div class=\"wp-block-column is-layout-flow wp-block-column-is-layout-flow\">\n<p class=\"has-text-align-center\"><a href=\"https:\/\/www.imi.hr\/en\/djelatnik\/karla-jagic-2\/\" target=\"_blank\" rel=\"noreferrer noopener\">Karla Jag<\/a><a href=\"https:\/\/www.imi.hr\/hr\/djelatnik\/karla-jagic\/\" target=\"_blank\" rel=\"noreferrer noopener\">i\u0107<\/a>, PhD<br>postdoctoral researcher<\/p>\n<\/div>\n\n\n\n<div class=\"wp-block-column is-layout-flow wp-block-column-is-layout-flow\">\n<p class=\"has-text-align-center\"><a href=\"https:\/\/www.imi.hr\/en\/djelatnik\/suzana-sopcic-2\/\" target=\"_blank\" rel=\"noreferrer noopener\">Suzana Sop\u010di\u0107<\/a>, PhD<br>scientific associate<\/p>\n<\/div>\n\n\n\n<div class=\"wp-block-column is-layout-flow wp-block-column-is-layout-flow\">\n<p class=\"has-text-align-center\"><a href=\"https:\/\/www.imi.hr\/en\/djelatnik\/gluscic-valentina-2\/\" target=\"_blank\" rel=\"noreferrer noopener\">Valentina Glu\u0161\u010di\u0107<\/a>,<br>professional associate in science<\/p>\n<\/div>\n<\/div>\n\n\n\n<div class=\"wp-block-columns alignwide is-layout-flex wp-container-core-columns-is-layout-2aabe216 wp-block-columns-is-layout-flex\">\n<div class=\"wp-block-column is-layout-flow wp-block-column-is-layout-flow\">\n<p class=\"has-text-align-center\"><a href=\"https:\/\/www.imi.hr\/en\/djelatnik\/nikolina-racic-2\/\" target=\"_blank\" rel=\"noreferrer noopener\">Nikolina Ra\u010di\u0107<\/a>,<br>professional associate in science<\/p>\n<\/div>\n\n\n\n<div class=\"wp-block-column is-layout-flow wp-block-column-is-layout-flow\">\n<p class=\"has-text-align-center\"><a href=\"https:\/\/www.imi.hr\/en\/djelatnik\/sever-strukil-zdravka-2\/\" target=\"_blank\" rel=\"noreferrer noopener\">Zdravka Sever \u0160trukil<\/a>,<br>professional associate in science<\/p>\n<\/div>\n\n\n\n<div class=\"wp-block-column is-layout-flow wp-block-column-is-layout-flow\">\n<p class=\"has-text-align-center\"><a href=\"https:\/\/www.imi.hr\/en\/djelatnik\/simic-iva-2\/\" target=\"_blank\" rel=\"noreferrer noopener\">Iva Smoljo<\/a>, PhD<br>postdoctoral researcher<\/p>\n\n\n\n<p><br><br><\/p>\n\n\n\n<p><\/p>\n\n\n\n<p class=\"has-text-align-center\">Doctoral students:<br><a href=\"https:\/\/www.imi.hr\/en\/djelatnik\/tajana-horvat-2\/\" target=\"_blank\" rel=\"noreferrer noopener\">Tajana Horvat<\/a><br><a href=\"https:\/\/www.imi.hr\/en\/djelatnik\/marija-jelena-lovric-2\/\" target=\"_blank\" rel=\"noreferrer noopener\">Marija Jelena Lovri\u0107 \u0160tefi\u010dek<\/a><br><\/p>\n<\/div>\n<\/div>\n\n\n\n<div style=\"height:49px\" aria-hidden=\"true\" class=\"wp-block-spacer\"><\/div>\n<\/div><\/div>\n\n\n\n<div class=\"wp-block-group has-white-background-color has-background\"><div class=\"wp-block-group__inner-container is-layout-constrained wp-block-group-is-layout-constrained\">\n<div class=\"wp-block-group is-vertical is-content-justification-center is-layout-flex wp-container-core-group-is-layout-7681721f wp-block-group-is-layout-flex\">\n<div style=\"margin-top:0;margin-bottom:0;height:31px\" aria-hidden=\"true\" class=\"wp-block-spacer wp-container-content-38cd910e\"><\/div>\n\n\n\n<h2 class=\"wp-block-heading has-text-align-center is-style-asterisk has-body-font-family has-medium-font-size\" style=\"font-style:normal;font-weight:600\"><strong><strong><strong>Partners<\/strong><\/strong>:<\/strong><\/h2>\n\n\n\n<hr class=\"wp-block-separator has-alpha-channel-opacity\" \/>\n\n\n\n<div style=\"margin-top:0;margin-bottom:0;height:31px\" aria-hidden=\"true\" class=\"wp-block-spacer wp-container-content-38cd910e\"><\/div>\n<\/div>\n\n\n\n<div class=\"wp-block-group is-vertical is-content-justification-center is-layout-flex wp-container-core-group-is-layout-4b2eccd6 wp-block-group-is-layout-flex\">\n<p class=\"has-text-align-center has-medium-font-size\"><strong>University of Belgrade, Belgrade, Serbia<\/strong><\/p>\n\n\n<div class=\"wp-block-image\">\n<figure class=\"aligncenter size-full is-resized\"><img decoding=\"async\" width=\"225\" height=\"225\" src=\"http:\/\/projekti.imi.hr\/environpolluthealth\/wp-content\/uploads\/sites\/3\/2024\/02\/HF-Beograd.png\" alt=\"\" class=\"wp-image-604\" style=\"width:auto;height:90px\" srcset=\"https:\/\/projekti.imi.hr\/environpolluthealth\/wp-content\/uploads\/sites\/3\/2024\/02\/HF-Beograd.png 225w, https:\/\/projekti.imi.hr\/environpolluthealth\/wp-content\/uploads\/sites\/3\/2024\/02\/HF-Beograd-150x150.png 150w\" sizes=\"(max-width: 225px) 100vw, 225px\" \/><\/figure>\n<\/div>\n\n\n<p class=\"has-text-align-center\"><a href=\"https:\/\/www.chem.bg.ac.rs\/index-en.html\"><\/a><a href=\"https:\/\/www.chem.bg.ac.rs\/index-en.html\"><u>Faculty of Chemistry, Department of Applied Chemistry<\/u><\/a><\/p>\n\n\n\n<p class=\"has-text-align-center\">Associates: <br>Prof. Aleksandar Popovi\u0107, <br>Assoc. Prof. Dubravka Reli\u0107<\/p>\n\n\n<div class=\"wp-block-image is-style-default\">\n<figure class=\"aligncenter size-full is-resized\"><img decoding=\"async\" width=\"225\" height=\"225\" src=\"http:\/\/projekti.imi.hr\/environpolluthealth\/wp-content\/uploads\/sites\/3\/2024\/02\/logo-Institut-fizike-Beograd.png\" alt=\"\" class=\"wp-image-607\" style=\"width:auto;height:90px\" srcset=\"https:\/\/projekti.imi.hr\/environpolluthealth\/wp-content\/uploads\/sites\/3\/2024\/02\/logo-Institut-fizike-Beograd.png 225w, https:\/\/projekti.imi.hr\/environpolluthealth\/wp-content\/uploads\/sites\/3\/2024\/02\/logo-Institut-fizike-Beograd-150x150.png 150w\" sizes=\"(max-width: 225px) 100vw, 225px\" \/><\/figure>\n<\/div>\n\n\n<p class=\"has-text-align-center\"><a href=\"http:\/\/www.envpl.ipb.ac.rs\/\">Institute of Physics, Environmental Physics Laboratory<\/a><\/p>\n\n\n\n<p class=\"has-text-align-center\">Associates: <br>Tijana Mili\u0107evi\u0107, PhD, <br>Gordana Jovanovi\u0107, PhD<\/p>\n<\/div>\n\n\n\n<hr class=\"wp-block-separator has-alpha-channel-opacity\" \/>\n\n\n\n<div class=\"wp-block-group alignwide is-vertical is-content-justification-center is-layout-flex wp-container-core-group-is-layout-4b2eccd6 wp-block-group-is-layout-flex\">\n<p class=\"has-text-align-center has-medium-font-size\"><strong>University of Zadar, Zadar, Croatia<\/strong><\/p>\n\n\n<div class=\"wp-block-image\">\n<figure class=\"aligncenter size-full is-resized\"><img loading=\"lazy\" decoding=\"async\" width=\"550\" height=\"385\" src=\"http:\/\/projekti.imi.hr\/environpolluthealth\/wp-content\/uploads\/sites\/3\/2024\/02\/sveuciliste-zadar.jpg\" alt=\"\" class=\"wp-image-601\" style=\"width:auto;height:90px\" srcset=\"https:\/\/projekti.imi.hr\/environpolluthealth\/wp-content\/uploads\/sites\/3\/2024\/02\/sveuciliste-zadar.jpg 550w, https:\/\/projekti.imi.hr\/environpolluthealth\/wp-content\/uploads\/sites\/3\/2024\/02\/sveuciliste-zadar-300x210.jpg 300w\" sizes=\"(max-width: 550px) 100vw, 550px\" \/><\/figure>\n<\/div>\n\n\n<p class=\"has-text-align-center\"><a href=\"https:\/\/zdravstvo.unizd.hr\/en\/\">Department of Health Studies<\/a><\/p>\n\n\n\n<p class=\"has-text-align-center\">Associate: <br>Prof. Marijana Matek Sari\u0107<\/p>\n\n\n<div class=\"wp-block-image\">\n<figure class=\"aligncenter size-full is-resized\"><img loading=\"lazy\" decoding=\"async\" width=\"550\" height=\"385\" src=\"http:\/\/projekti.imi.hr\/environpolluthealth\/wp-content\/uploads\/sites\/3\/2024\/02\/sveuciliste-zadar.jpg\" alt=\"\" class=\"wp-image-601\" style=\"width:auto;height:90px\" srcset=\"https:\/\/projekti.imi.hr\/environpolluthealth\/wp-content\/uploads\/sites\/3\/2024\/02\/sveuciliste-zadar.jpg 550w, https:\/\/projekti.imi.hr\/environpolluthealth\/wp-content\/uploads\/sites\/3\/2024\/02\/sveuciliste-zadar-300x210.jpg 300w\" sizes=\"(max-width: 550px) 100vw, 550px\" \/><\/figure>\n<\/div>\n\n\n<p class=\"has-text-align-center\"><a href=\"https:\/\/eaa.unizd.hr\/en\/\">Department of Ecology, Agronomy and Aquaculture<\/a><\/p>\n\n\n\n<p class=\"has-text-align-center\">Associates: <br>Slavica \u010colak, PhD, <br>Bosiljka Musta\u0107, PhD<\/p>\n<\/div>\n\n\n\n<hr class=\"wp-block-separator has-alpha-channel-opacity\" \/>\n\n\n\n<div class=\"wp-block-group alignwide is-vertical is-content-justification-center is-layout-flex wp-container-core-group-is-layout-4b2eccd6 wp-block-group-is-layout-flex\">\n<p class=\"has-text-align-center has-medium-font-size\"><strong>University of Zagreb, Zagreb, Croatia<\/strong><\/p>\n\n\n<div class=\"wp-block-image is-style-default\">\n<figure class=\"aligncenter size-full is-resized\"><img loading=\"lazy\" decoding=\"async\" width=\"1024\" height=\"500\" src=\"http:\/\/projekti.imi.hr\/environpolluthealth\/wp-content\/uploads\/sites\/3\/2024\/02\/sveuciliste-zagreb-AF.jpg\" alt=\"\" class=\"wp-image-602\" style=\"width:auto;height:90px\" srcset=\"https:\/\/projekti.imi.hr\/environpolluthealth\/wp-content\/uploads\/sites\/3\/2024\/02\/sveuciliste-zagreb-AF.jpg 1024w, https:\/\/projekti.imi.hr\/environpolluthealth\/wp-content\/uploads\/sites\/3\/2024\/02\/sveuciliste-zagreb-AF-300x146.jpg 300w, https:\/\/projekti.imi.hr\/environpolluthealth\/wp-content\/uploads\/sites\/3\/2024\/02\/sveuciliste-zagreb-AF-768x375.jpg 768w\" sizes=\"(max-width: 1024px) 100vw, 1024px\" \/><\/figure>\n<\/div>\n\n\n<p class=\"has-text-align-center\">Faculty of Agriculture, <a href=\"https:\/\/www.agr.unizg.hr\/en\/group\/355\/Department+of+General+Agronomy\">Department of General Agronomy<\/a><\/p>\n\n\n\n<p class=\"has-text-align-center\">Associate: <br>Prof. \u017deljka Zgorelec<\/p>\n\n\n<div class=\"wp-block-image\">\n<figure class=\"aligncenter size-full is-resized\"><img loading=\"lazy\" decoding=\"async\" width=\"1024\" height=\"500\" src=\"http:\/\/projekti.imi.hr\/environpolluthealth\/wp-content\/uploads\/sites\/3\/2024\/02\/sveuciliste-zagreb-AF.jpg\" alt=\"\" class=\"wp-image-602\" style=\"width:auto;height:90px\" srcset=\"https:\/\/projekti.imi.hr\/environpolluthealth\/wp-content\/uploads\/sites\/3\/2024\/02\/sveuciliste-zagreb-AF.jpg 1024w, https:\/\/projekti.imi.hr\/environpolluthealth\/wp-content\/uploads\/sites\/3\/2024\/02\/sveuciliste-zagreb-AF-300x146.jpg 300w, https:\/\/projekti.imi.hr\/environpolluthealth\/wp-content\/uploads\/sites\/3\/2024\/02\/sveuciliste-zagreb-AF-768x375.jpg 768w\" sizes=\"(max-width: 1024px) 100vw, 1024px\" \/><\/figure>\n<\/div>\n\n\n<p class=\"has-text-align-center\">Faculty of Agriculture, <a href=\"https:\/\/www.agr.unizg.hr\/en\/group\/356\/Department+of+Soil+Amelioration\">Department of Soil Amelioration<\/a> <\/p>\n\n\n\n<p class=\"has-text-align-center\">Associate: <br>Prof. Gabrijel Ondra\u0161ek<\/p>\n\n\n<div class=\"wp-block-image\">\n<figure class=\"aligncenter size-full is-resized\"><img loading=\"lazy\" decoding=\"async\" width=\"500\" height=\"505\" src=\"http:\/\/projekti.imi.hr\/environpolluthealth\/wp-content\/uploads\/sites\/3\/2024\/02\/sumarstvo.png\" alt=\"\" class=\"wp-image-606\" style=\"width:auto;height:90px\" srcset=\"https:\/\/projekti.imi.hr\/environpolluthealth\/wp-content\/uploads\/sites\/3\/2024\/02\/sumarstvo.png 500w, https:\/\/projekti.imi.hr\/environpolluthealth\/wp-content\/uploads\/sites\/3\/2024\/02\/sumarstvo-297x300.png 297w\" sizes=\"(max-width: 500px) 100vw, 500px\" \/><\/figure>\n<\/div>\n\n\n<p class=\"has-text-align-center\">Faculty of Mining Geology and Petroleum Engineering, <a href=\"https:\/\/www.rgn.unizg.hr\/en\/about-the-faculty\/institutes-and-departments\/mineralogy-petrology-and-mineral-resources\">Department of Mineralogy, Petrology and Mineral Resources<\/a><\/p>\n\n\n\n<p class=\"has-text-align-center\">Associate: <br>Assoc. Prof. Stanko Ru\u017ei\u010di\u0107<\/p>\n\n\n<div class=\"wp-block-image\">\n<figure class=\"aligncenter size-full is-resized wp-container-content-4a1b9b5a\"><img loading=\"lazy\" decoding=\"async\" width=\"217\" height=\"216\" src=\"http:\/\/projekti.imi.hr\/environpolluthealth\/wp-content\/uploads\/sites\/3\/2024\/02\/RGN.png\" alt=\"\" class=\"wp-image-608\" style=\"width:auto;height:90px\" srcset=\"https:\/\/projekti.imi.hr\/environpolluthealth\/wp-content\/uploads\/sites\/3\/2024\/02\/RGN.png 217w, https:\/\/projekti.imi.hr\/environpolluthealth\/wp-content\/uploads\/sites\/3\/2024\/02\/RGN-150x150.png 150w\" sizes=\"(max-width: 217px) 100vw, 217px\" \/><\/figure>\n<\/div>\n\n\n<p class=\"has-text-align-center wp-container-content-4a1b9b5a\">Faculty of Forestry and Wood Technology, <a href=\"https:\/\/www.rgn.unizg.hr\/en\/about-the-faculty\/institutes-and-departments\/mineralogy-petrology-and-mineral-resources\">Institute of Processes Engineering<\/a> <\/p>\n\n\n\n<p class=\"has-text-align-center wp-container-content-4a1b9b5a\">Associate: <br>Prof. Anka Ozana \u010cavlovi\u0107<\/p>\n\n\n\n<div style=\"height:0px\" aria-hidden=\"true\" class=\"wp-block-spacer wp-container-content-4a1b9b5a\"><\/div>\n<\/div>\n\n\n\n<hr class=\"wp-block-separator has-alpha-channel-opacity\" \/>\n\n\n\n<div class=\"wp-block-group alignwide is-vertical is-content-justification-center is-layout-flex wp-container-core-group-is-layout-4b2eccd6 wp-block-group-is-layout-flex\"><div class=\"wp-block-image wp-duotone-unset-2\">\n<figure class=\"aligncenter size-full is-resized\"><img loading=\"lazy\" decoding=\"async\" width=\"208\" height=\"80\" src=\"http:\/\/projekti.imi.hr\/environpolluthealth\/wp-content\/uploads\/sites\/3\/2024\/02\/institut_logo_negativ_header_h80.png\" alt=\"\" class=\"wp-image-605\" style=\"width:auto;height:90px\" \/><\/figure>\n<\/div>\n\n\n<p class=\"has-text-align-center\"><strong>Institute for Anthropological Research, Zagreb, Croatia<\/strong><br><a href=\"https:\/\/inantro.hr\/en\/laboratory-for-chemical-analytics\/\">Laboratory for Chemical Analytics<\/a><\/p>\n\n\n\n<p class=\"has-text-align-center\">Associate: <br>Mario Lovri\u0107, PhD<\/p>\n<\/div>\n\n\n\n<hr class=\"wp-block-separator has-alpha-channel-opacity\" \/>\n\n\n\n<div class=\"wp-block-group alignwide is-vertical is-content-justification-center is-layout-flex wp-container-core-group-is-layout-4b2eccd6 wp-block-group-is-layout-flex\"><div class=\"wp-block-image is-style-default\">\n<figure class=\"aligncenter size-full is-resized wp-container-content-4a1b9b5a\"><img loading=\"lazy\" decoding=\"async\" width=\"1209\" height=\"490\" src=\"http:\/\/projekti.imi.hr\/environpolluthealth\/wp-content\/uploads\/sites\/3\/2024\/02\/Logotip-AQUATIKA-10.png\" alt=\"\" class=\"wp-image-617\" style=\"width:auto;height:90px\" srcset=\"https:\/\/projekti.imi.hr\/environpolluthealth\/wp-content\/uploads\/sites\/3\/2024\/02\/Logotip-AQUATIKA-10.png 1209w, https:\/\/projekti.imi.hr\/environpolluthealth\/wp-content\/uploads\/sites\/3\/2024\/02\/Logotip-AQUATIKA-10-300x122.png 300w, https:\/\/projekti.imi.hr\/environpolluthealth\/wp-content\/uploads\/sites\/3\/2024\/02\/Logotip-AQUATIKA-10-1024x415.png 1024w, https:\/\/projekti.imi.hr\/environpolluthealth\/wp-content\/uploads\/sites\/3\/2024\/02\/Logotip-AQUATIKA-10-768x311.png 768w\" sizes=\"(max-width: 1209px) 100vw, 1209px\" \/><\/figure>\n<\/div>\n\n\n<p class=\"has-text-align-center wp-container-content-4a1b9b5a\"><a href=\"https:\/\/www.aquariumkarlovac.com\/en\/homepage\/\"><strong>AQUATIKA \u2013 Karlovac Freshwater Aquarium<\/strong><\/a><strong>, Karlovac, Croatia<\/strong><\/p>\n\n\n\n<p class=\"has-text-align-center wp-container-content-4a1b9b5a\">Associate: <br>Goran Jak\u0161i\u0107, PhD<\/p>\n\n\n\n<div style=\"height:0px\" aria-hidden=\"true\" class=\"wp-block-spacer wp-container-content-4a1b9b5a\"><\/div>\n<\/div>\n<\/div><\/div>\n","protected":false},"excerpt":{"rendered":"<p>A multidisciplinary research team with experience in the field of natural, biomedical, biotechnical, and computer-information sciences consists of &gt;30 scientists (out of 21 from IMROH) from three public universities (Zagreb and Zadar, Croatia and Belgrade, Serbia) and two scientific research institutes from Zagreb and collaborators from a public institution in Karlovac. Holder Division of Environmental &hellip;<br \/><a href=\"https:\/\/projekti.imi.hr\/environpolluthealth\/?page_id=599&#038;lang=en\" class=\"more-link pen_button pen_element_default pen_icon_arrow_double\">Continue reading <span class=\"screen-reader-text\">Project Team<\/span><\/a><\/p>\n","protected":false},"author":13,"featured_media":0,"parent":169,"menu_order":0,"comment_status":"closed","ping_status":"closed","template":"","meta":{"footnotes":""},"class_list":["post-599","page","type-page","status-publish","hentry"],"_links":{"self":[{"href":"https:\/\/projekti.imi.hr\/environpolluthealth\/index.php?rest_route=\/wp\/v2\/pages\/599","targetHints":{"allow":["GET"]}}],"collection":[{"href":"https:\/\/projekti.imi.hr\/environpolluthealth\/index.php?rest_route=\/wp\/v2\/pages"}],"about":[{"href":"https:\/\/projekti.imi.hr\/environpolluthealth\/index.php?rest_route=\/wp\/v2\/types\/page"}],"author":[{"embeddable":true,"href":"https:\/\/projekti.imi.hr\/environpolluthealth\/index.php?rest_route=\/wp\/v2\/users\/13"}],"replies":[{"embeddable":true,"href":"https:\/\/projekti.imi.hr\/environpolluthealth\/index.php?rest_route=%2Fwp%2Fv2%2Fcomments&post=599"}],"version-history":[{"count":16,"href":"https:\/\/projekti.imi.hr\/environpolluthealth\/index.php?rest_route=\/wp\/v2\/pages\/599\/revisions"}],"predecessor-version":[{"id":1298,"href":"https:\/\/projekti.imi.hr\/environpolluthealth\/index.php?rest_route=\/wp\/v2\/pages\/599\/revisions\/1298"}],"up":[{"embeddable":true,"href":"https:\/\/projekti.imi.hr\/environpolluthealth\/index.php?rest_route=\/wp\/v2\/pages\/169"}],"wp:attachment":[{"href":"https:\/\/projekti.imi.hr\/environpolluthealth\/index.php?rest_route=%2Fwp%2Fv2%2Fmedia&parent=599"}],"curies":[{"name":"wp","href":"https:\/\/api.w.org\/{rel}","templated":true}]}}