{"id":176,"date":"2024-02-01T22:35:39","date_gmt":"2024-02-01T21:35:39","guid":{"rendered":"http:\/\/environpolluthealth.000.pe\/?page_id=176"},"modified":"2025-03-20T13:05:55","modified_gmt":"2025-03-20T13:05:55","slug":"environmental-pollution-and-human-health-physicochemical-analysis-toxicity-and-machine-learning-models","status":"publish","type":"page","link":"https:\/\/projekti.imi.hr\/environpolluthealth\/?page_id=176&lang=en","title":{"rendered":"Environmental pollution and human health: physico-chemical analysis, toxicity, and machine learning models"},"content":{"rendered":"\n<div class=\"wp-block-group\"><div class=\"wp-block-group__inner-container is-layout-constrained wp-block-group-is-layout-constrained\"><div id=\"metaslider-id-532\" style=\"width: 100%; margin: 0 auto;\" class=\"ml-slider-3-108-0 metaslider metaslider-flex metaslider-532 ml-slider has-dots-nav ms-theme-blend\" role=\"region\" aria-label=\"Slideshow_home_en\" data-height=\"500\" data-width=\"1000\">\n    <div id=\"metaslider_container_532\">\n        <div id=\"metaslider_532\">\n            <ul class='slides'>\n                <li style=\"display: block; width: 100%;\" class=\"slide-533 ms-image \" aria-roledescription=\"slide\" data-date=\"2024-02-16 12:17:38\" data-filename=\"SF-Sava-most-1-1000x500.jpg\" data-slide-type=\"image\"><img fetchpriority=\"high\" decoding=\"async\" src=\"https:\/\/projekti.imi.hr\/environpolluthealth\/wp-content\/uploads\/sites\/3\/2024\/02\/SF-Sava-most-1-1000x500.jpg\" height=\"500\" width=\"1000\" alt=\"1\" class=\"slider-532 slide-533 msDefaultImage\" title=\"Sava most\" \/><div class=\"caption-wrap\"><div class=\"caption\">Sava River (source: Division for Environmental Hygiene, IMROH)<\/div><\/div><\/li>\n                <li style=\"display: none; width: 100%;\" class=\"slide-534 ms-image \" aria-roledescription=\"slide\" data-date=\"2024-02-16 12:17:38\" data-filename=\"3.-Som-na-sedimentu-1-1-1000x500.jpg\" data-slide-type=\"image\"><img decoding=\"async\" src=\"https:\/\/projekti.imi.hr\/environpolluthealth\/wp-content\/uploads\/sites\/3\/2024\/02\/3.-Som-na-sedimentu-1-1-1000x500.jpg\" height=\"500\" width=\"1000\" alt=\"2\" class=\"slider-532 slide-534 msDefaultImage\" title=\"Som na sedimentu\" \/><div class=\"caption-wrap\"><div class=\"caption\">Catfish on river sediment (source: Aquatika, Karlovac)<\/div><\/div><\/li>\n                <li style=\"display: none; width: 100%;\" class=\"slide-535 ms-image \" aria-roledescription=\"slide\" data-date=\"2024-02-16 12:17:38\" data-filename=\"uzgajaliste-riba-1-1000x500.jpg\" data-slide-type=\"image\"><img decoding=\"async\" src=\"https:\/\/projekti.imi.hr\/environpolluthealth\/wp-content\/uploads\/sites\/3\/2024\/02\/uzgajaliste-riba-1-1000x500.jpg\" height=\"500\" width=\"1000\" alt=\"3\" class=\"slider-532 slide-535 msDefaultImage\" title=\"Uzgajaliste riba\" \/><div class=\"caption-wrap\"><div class=\"caption\">Fish farming (source: University of Zadar, Department of Ecology, Agronomy and Aquaculture)<\/div><\/div><\/li>\n                <li style=\"display: none; width: 100%;\" class=\"slide-536 ms-image \" aria-roledescription=\"slide\" data-date=\"2024-02-16 12:17:38\" data-filename=\"mjerne-stanice-1-1000x500.jpg\" data-slide-type=\"image\"><img loading=\"lazy\" decoding=\"async\" src=\"https:\/\/projekti.imi.hr\/environpolluthealth\/wp-content\/uploads\/sites\/3\/2024\/02\/mjerne-stanice-1-1000x500.jpg\" height=\"500\" width=\"1000\" alt=\"4\" class=\"slider-532 slide-536 msDefaultImage\" title=\"mjerne stanice\" \/><div class=\"caption-wrap\"><div class=\"caption\">Air quality monitoring station (source: Division for Environmental Hygiene, IMROH)<\/div><\/div><\/li>\n                <li style=\"display: none; width: 100%;\" class=\"slide-537 ms-image \" aria-roledescription=\"slide\" data-date=\"2024-02-16 12:17:38\" data-filename=\"filtar3-1-scaled-1000x500.jpeg\" data-slide-type=\"image\"><img loading=\"lazy\" decoding=\"async\" src=\"https:\/\/projekti.imi.hr\/environpolluthealth\/wp-content\/uploads\/sites\/3\/2024\/02\/filtar3-1-scaled-1000x500.jpeg\" height=\"500\" width=\"1000\" alt=\"5\" class=\"slider-532 slide-537 msDefaultImage\" title=\"Filtar\" \/><div class=\"caption-wrap\"><div class=\"caption\">Fine particles collected on a filter (source: Division for Environmental Hygiene, IMROH)<\/div><\/div><\/li>\n                <li style=\"display: none; width: 100%;\" class=\"slide-538 ms-image \" aria-roledescription=\"slide\" data-date=\"2024-02-16 12:17:38\" data-filename=\"GM-lab-equipment-1-1000x500.jpeg\" data-slide-type=\"image\"><img loading=\"lazy\" decoding=\"async\" src=\"https:\/\/projekti.imi.hr\/environpolluthealth\/wp-content\/uploads\/sites\/3\/2024\/02\/GM-lab-equipment-1-1000x500.jpeg\" height=\"500\" width=\"1000\" alt=\"6\" class=\"slider-532 slide-538 msDefaultImage\" title=\"Lab equipment\" \/><div class=\"caption-wrap\"><div class=\"caption\">Analytical laboratory (source: Division for Environmental Hygiene, IMROH)<\/div><\/div><\/li>\n                <li style=\"display: none; width: 100%;\" class=\"slide-539 ms-image \" aria-roledescription=\"slide\" data-date=\"2024-02-16 12:17:38\" data-filename=\"mix2-1000x500.png\" data-slide-type=\"image\"><img loading=\"lazy\" decoding=\"async\" src=\"https:\/\/projekti.imi.hr\/environpolluthealth\/wp-content\/uploads\/sites\/3\/2024\/02\/mix2-1000x500.png\" height=\"500\" width=\"1000\" alt=\"7\" class=\"slider-532 slide-539 msDefaultImage\" title=\"MIX\" \/><div class=\"caption-wrap\"><div class=\"caption\">Human health risk (source: University of Belgrade, Faculty of Chemistry)<\/div><\/div><\/li>\n            <\/ul>\n        <\/div>\n        \n    <\/div>\n<\/div>\n<\/div><\/div>\n\n\n\n<hr class=\"wp-block-separator has-alpha-channel-opacity\" \/>\n\n\n\n<div class=\"wp-block-group\"><div class=\"wp-block-group__inner-container is-layout-constrained wp-block-group-is-layout-constrained\">\n<p class=\"has-medium-font-size\">According to the report of the European Environment Agency (EEA Report\/No 21\/2021), anthropogenic environmental pollution significantly affects the frequency of various diseases in Europe. Given that air pollution is considered a major environmental factor in Europe because it affects both ecosystem health and human health, which is consequently inseparably linked, this project investigates air pollution and other environmental components as well as risk to human health.<\/p>\n\n\n\n<div style=\"height:14px\" aria-hidden=\"true\" class=\"wp-block-spacer\"><\/div>\n<\/div><\/div>\n\n\n<ul class=\"wp-block-latest-posts__list is-grid columns-3 has-dates has-author wp-block-latest-posts\"><li><div class=\"wp-block-latest-posts__featured-image alignleft\"><img loading=\"lazy\" decoding=\"async\" width=\"150\" height=\"150\" src=\"https:\/\/projekti.imi.hr\/environpolluthealth\/wp-content\/uploads\/sites\/3\/2026\/02\/DSC0426-150x150.jpg\" class=\"attachment-thumbnail size-thumbnail wp-post-image\" alt=\"\" style=\"max-width:113px;max-height:113px;\" srcset=\"https:\/\/projekti.imi.hr\/environpolluthealth\/wp-content\/uploads\/sites\/3\/2026\/02\/DSC0426-150x150.jpg 150w, https:\/\/projekti.imi.hr\/environpolluthealth\/wp-content\/uploads\/sites\/3\/2026\/02\/DSC0426-225x225.jpg 225w\" sizes=\"(max-width: 150px) 100vw, 150px\" \/><\/div><a class=\"wp-block-latest-posts__post-title\" href=\"https:\/\/projekti.imi.hr\/environpolluthealth\/?p=1473&#038;lang=en\">Research Results Presented through the Permanent Exhibition at Aquatika-Freshwater Aquarium Karlovac<\/a><div class=\"wp-block-latest-posts__post-author\">by kjagic<\/div><time datetime=\"2026-02-09T12:52:53+00:00\" class=\"wp-block-latest-posts__post-date\">February 9, 2026<\/time><div class=\"wp-block-latest-posts__post-excerpt\">Within the EnvironPollutHealth project, studies were conducted on breast milk, freshwater environments, and air, the results of which are presented in the permanent exhibition \u201c(In)visible World of Microorganisms\u201d, hosted at Aquatika. The exhibition, through interpretative panels and visual displays, showcases the world of aquatic microorganisms, highlighting their role in ecosystem preservation, the impact of pollution, &hellip;<br><a href=\"https:\/\/projekti.imi.hr\/environpolluthealth\/?p=1473&#038;lang=en\" class=\"more-link pen_button pen_element_default pen_icon_arrow_double\">Continue reading <span class=\"screen-reader-text\">Research Results Presented through the Permanent Exhibition at Aquatika-Freshwater Aquarium Karlovac<\/span><\/a><\/div><\/li>\n<li><div class=\"wp-block-latest-posts__featured-image alignleft\"><img loading=\"lazy\" decoding=\"async\" width=\"150\" height=\"150\" src=\"https:\/\/projekti.imi.hr\/environpolluthealth\/wp-content\/uploads\/sites\/3\/2026\/02\/DSC0426-150x150.jpg\" class=\"attachment-thumbnail size-thumbnail wp-post-image\" alt=\"\" style=\"max-width:113px;max-height:113px;\" srcset=\"https:\/\/projekti.imi.hr\/environpolluthealth\/wp-content\/uploads\/sites\/3\/2026\/02\/DSC0426-150x150.jpg 150w, https:\/\/projekti.imi.hr\/environpolluthealth\/wp-content\/uploads\/sites\/3\/2026\/02\/DSC0426-225x225.jpg 225w\" sizes=\"(max-width: 150px) 100vw, 150px\" \/><\/div><a class=\"wp-block-latest-posts__post-title\" href=\"https:\/\/projekti.imi.hr\/environpolluthealth\/?p=1468\">Rezultati istra\u017eivanja predstavljeni kroz stalnu izlo\u017ebu u Aquatici\u2013 Slatkovodni Akvarij Karlovac<\/a><div class=\"wp-block-latest-posts__post-author\">by kjagic<\/div><time datetime=\"2026-02-09T12:51:56+00:00\" class=\"wp-block-latest-posts__post-date\">February 9, 2026<\/time><div class=\"wp-block-latest-posts__post-excerpt\">U okviru projekta EnvironPollutHealth provedena su istra\u017eivanja maj\u010dinog mlijeka, slatkovodnog okoli\u0161a i zraka, \u010diji su rezultati predstavljeni u stalnoj izlo\u017ebi \u201e(Ne)vidljivi svijet mikroorganizama\u201c, postavljenoj u Aquatici. Izlo\u017eba kroz interpretativne panele i vizualne prikaze prikazuje svijet vodenih mikroorganizama, njihovu ulogu u o\u010duvanju ekosustava, utjecaj one\u010di\u0161\u0107enja i povezanost s ljudskim aktivnostima, povezuju\u0107i pritom rezultate projekta s edukativnim &hellip;<br><a href=\"https:\/\/projekti.imi.hr\/environpolluthealth\/?p=1468\" class=\"more-link pen_button pen_element_default pen_icon_arrow_double\">Continue reading <span class=\"screen-reader-text\">Rezultati istra\u017eivanja predstavljeni kroz stalnu izlo\u017ebu u Aquatici\u2013 Slatkovodni Akvarij Karlovac<\/span><\/a><\/div><\/li>\n<li><a class=\"wp-block-latest-posts__post-title\" href=\"https:\/\/projekti.imi.hr\/environpolluthealth\/?p=1450&#038;lang=en\">Our Research Recognized as One of the Top Five Papers of the Year by the Faculty of Medicine, University of Belgrade<\/a><div class=\"wp-block-latest-posts__post-author\">by kjagic<\/div><time datetime=\"2025-12-17T11:36:54+00:00\" class=\"wp-block-latest-posts__post-date\">December 17, 2025<\/time><div class=\"wp-block-latest-posts__post-excerpt\">We are pleased to announce that the scientific paper developed within the EnvironPollutHealth project, entitled \u201cTotal proteome and calcium-binding proteins from human breast milk: Exploring the impact of tobacco smoke exposure and environmental factors\u201d (authors: Medi\u0107, A.; Mili\u0107evi\u0107, T.; Khraibah, A.; Herceg Romani\u0107, S.; Matek Sari\u0107, M.; Li, Y.; D\u2019Mello, R.; Berezovski, M.; Popovi\u0107, A.; &hellip;<br><a href=\"https:\/\/projekti.imi.hr\/environpolluthealth\/?p=1450&#038;lang=en\" class=\"more-link pen_button pen_element_default pen_icon_arrow_double\">Continue reading <span class=\"screen-reader-text\">Our Research Recognized as One of the Top Five Papers of the Year by the Faculty of Medicine, University of Belgrade<\/span><\/a><\/div><\/li>\n<li><a class=\"wp-block-latest-posts__post-title\" href=\"https:\/\/projekti.imi.hr\/environpolluthealth\/?p=1441\">Na\u0161e istra\u017eivanje me\u0111u pet najboljih radova godine \u2013 Medicinski fakultet, Sveu\u010dili\u0161te u Beogradu<\/a><div class=\"wp-block-latest-posts__post-author\">by kjagic<\/div><time datetime=\"2025-12-17T11:35:53+00:00\" class=\"wp-block-latest-posts__post-date\">December 17, 2025<\/time><div class=\"wp-block-latest-posts__post-excerpt\">S ponosom objavljujemo da je znanstveni rad nastao u okviru projekta EnvironPollutHealth, pod naslovom \u201eTotal proteome and calcium-binding proteins from human breast milk: Exploring the impact of tobacco smoke exposure and environmental factors\u201c (autori: Medi\u0107, A.; Mili\u0107evi\u0107, T.; Khraibah, A.; Herceg Romani\u0107, S.; Matek Sari\u0107, M.; Li, Y.; D\u2019Mello, R.; Berezovski, M.; Popovi\u0107, A.; Mini\u0107, &hellip;<br><a href=\"https:\/\/projekti.imi.hr\/environpolluthealth\/?p=1441\" class=\"more-link pen_button pen_element_default pen_icon_arrow_double\">Continue reading <span class=\"screen-reader-text\">Na\u0161e istra\u017eivanje me\u0111u pet najboljih radova godine \u2013 Medicinski fakultet, Sveu\u010dili\u0161te u Beogradu<\/span><\/a><\/div><\/li>\n<li><a class=\"wp-block-latest-posts__post-title\" href=\"https:\/\/projekti.imi.hr\/environpolluthealth\/?p=1409&#038;lang=en\">4th International and 16th National Congress of the Serbian Society of Soil Science&#8221;The Soil Re-Union: Science for Healthy Soils&#8221;<\/a><div class=\"wp-block-latest-posts__post-author\">by kjagic<\/div><time datetime=\"2025-11-25T11:35:28+00:00\" class=\"wp-block-latest-posts__post-date\">November 25, 2025<\/time><div class=\"wp-block-latest-posts__post-excerpt\">At the international event 4th International and 16th National Congress of the Serbian Society of Soil Science &#8220;The Soil Re-Union: Science for Healthy Soils&#8221;, held from 20\u201323 October 2025 (https:\/\/sdpz.rs\/congress\/congress-overview\/) at Fru\u0161ke Terme, Vrdnik, Serbia, Dr. Tijana Mili\u0107evi\u0107 presented a short oral presentation of the following work:<\/div><\/li>\n<\/ul>","protected":false},"excerpt":{"rendered":"<p>According to the report of the European Environment Agency (EEA Report\/No 21\/2021), anthropogenic environmental pollution significantly affects the frequency of various diseases in Europe. Given that air pollution is considered a major environmental factor in Europe because it affects both ecosystem health and human health, which is consequently inseparably linked, this project investigates air pollution &hellip;<br \/><a href=\"https:\/\/projekti.imi.hr\/environpolluthealth\/?page_id=176&#038;lang=en\" class=\"more-link pen_button pen_element_default pen_icon_arrow_double\">Continue reading <span class=\"screen-reader-text\">Environmental pollution and human health: physico-chemical analysis, toxicity, and machine learning models<\/span><\/a><\/p>\n","protected":false},"author":13,"featured_media":0,"parent":0,"menu_order":0,"comment_status":"closed","ping_status":"closed","template":"","meta":{"footnotes":""},"class_list":["post-176","page","type-page","status-publish","hentry"],"_links":{"self":[{"href":"https:\/\/projekti.imi.hr\/environpolluthealth\/index.php?rest_route=\/wp\/v2\/pages\/176","targetHints":{"allow":["GET"]}}],"collection":[{"href":"https:\/\/projekti.imi.hr\/environpolluthealth\/index.php?rest_route=\/wp\/v2\/pages"}],"about":[{"href":"https:\/\/projekti.imi.hr\/environpolluthealth\/index.php?rest_route=\/wp\/v2\/types\/page"}],"author":[{"embeddable":true,"href":"https:\/\/projekti.imi.hr\/environpolluthealth\/index.php?rest_route=\/wp\/v2\/users\/13"}],"replies":[{"embeddable":true,"href":"https:\/\/projekti.imi.hr\/environpolluthealth\/index.php?rest_route=%2Fwp%2Fv2%2Fcomments&post=176"}],"version-history":[{"count":2,"href":"https:\/\/projekti.imi.hr\/environpolluthealth\/index.php?rest_route=\/wp\/v2\/pages\/176\/revisions"}],"predecessor-version":[{"id":1233,"href":"https:\/\/projekti.imi.hr\/environpolluthealth\/index.php?rest_route=\/wp\/v2\/pages\/176\/revisions\/1233"}],"wp:attachment":[{"href":"https:\/\/projekti.imi.hr\/environpolluthealth\/index.php?rest_route=%2Fwp%2Fv2%2Fmedia&parent=176"}],"curies":[{"name":"wp","href":"https:\/\/api.w.org\/{rel}","templated":true}]}}