{"id":121,"date":"2024-01-30T19:40:32","date_gmt":"2024-01-30T18:40:32","guid":{"rendered":"http:\/\/environpolluthealth.000.pe\/?page_id=121"},"modified":"2024-01-30T19:40:32","modified_gmt":"2024-01-30T18:40:32","slug":"kontakt","status":"publish","type":"page","link":"https:\/\/projekti.imi.hr\/environpolluthealth\/?page_id=121","title":{"rendered":"Kontakt"},"content":{"rendered":"\n<p><strong>Voditelj projekta<\/strong><br><strong>Koordinator radnih paketa: Istra\u017eivanje vodenog ekosustava; Humani biomonitoring<\/strong><br>dr. sc. <a href=\"https:\/\/www.imi.hr\/hr\/djelatnik\/herceg-romanic-snjezana\/\">Snje\u017eana Herceg Romani\u0107<\/a>, Zavod za higijenu okoli\u0161a, IMI<br>&#x1f4e7;: <a href=\"mailto:sherceg@imi.hr\">sherceg@imi.hr<\/a>\u00a0\u00a0<br>&#x260e;&#xfe0f;: +385 (1) 4682 553<\/p>\n\n\n\n<p><strong>Koordinator radnih paketa: Kvaliteta zraka; Razvoj analiti\u010dkih metoda i primijenjena istra\u017eivanja<\/strong><br>naslovni izv. prof. dr. sc. <a href=\"https:\/\/www.imi.hr\/hr\/djelatnik\/pehnec-gordana\/\">Gordana Pehnec<\/a>, Zavod za higijenu okoli\u0161a, IMI<br>&#x1f4e7;: <a href=\"mailto:gpehnec@imi.hr\">gpehnec@imi.hr<\/a> <br>&#x260e;&#xfe0f;: +385 (1) 4682 580<\/p>\n\n\n\n<p><strong>Vidljivost i popularizacija rezultata projekta<\/strong><br>naslovni doc. dr. sc. <a href=\"https:\/\/www.imi.hr\/hr\/djelatnik\/stipicevic-sanja\/\">Sanja Stipi\u010devi\u0107<\/a>, Zavod za higijenu okoli\u0161a, IMI<br>&#x1f4e7;: <a href=\"mailto:stipicevic@imi.hr\">stipicevic@imi.hr<\/a> <br>&#x260e;&#xfe0f;: +385 (1) 4682 557<\/p>\n\n\n\n<p><strong>Adresa ustanove nositelja projekta:<\/strong><br>Institut za medicinska istra\u017eivanja i medicinu rada (IMI)<br>&#x1f3e2;: Ksaverska cesta 2, 10000 Zagreb<br>&#x260e;&#xfe0f;: +385 (1) 4682 500<br>&#x1f4e0;: +385 (1) 4682 303<br>&#x1f310;: <a href=\"http:\/\/www.imi.hr\">www.imi.hr<\/a><\/p>\n","protected":false},"excerpt":{"rendered":"<p>Voditelj projektaKoordinator radnih paketa: Istra\u017eivanje vodenog ekosustava; Humani biomonitoringdr. sc. Snje\u017eana Herceg Romani\u0107, Zavod za higijenu okoli\u0161a, IMI&#x1f4e7;: sherceg@imi.hr\u00a0\u00a0&#x260e;&#xfe0f;: +385 (1) 4682 553 Koordinator radnih paketa: Kvaliteta zraka; Razvoj analiti\u010dkih metoda i primijenjena istra\u017eivanjanaslovni izv. prof. dr. sc. Gordana Pehnec, Zavod za higijenu okoli\u0161a, IMI&#x1f4e7;: gpehnec@imi.hr &#x260e;&#xfe0f;: +385 (1) 4682 580 Vidljivost i popularizacija rezultata &hellip;<br \/><a href=\"https:\/\/projekti.imi.hr\/environpolluthealth\/?page_id=121\" class=\"more-link pen_button pen_element_default pen_icon_arrow_double\">Continue reading <span class=\"screen-reader-text\">Kontakt<\/span><\/a><\/p>\n","protected":false},"author":13,"featured_media":0,"parent":85,"menu_order":0,"comment_status":"closed","ping_status":"closed","template":"","meta":{"footnotes":""},"class_list":["post-121","page","type-page","status-publish","hentry"],"_links":{"self":[{"href":"https:\/\/projekti.imi.hr\/environpolluthealth\/index.php?rest_route=\/wp\/v2\/pages\/121","targetHints":{"allow":["GET"]}}],"collection":[{"href":"https:\/\/projekti.imi.hr\/environpolluthealth\/index.php?rest_route=\/wp\/v2\/pages"}],"about":[{"href":"https:\/\/projekti.imi.hr\/environpolluthealth\/index.php?rest_route=\/wp\/v2\/types\/page"}],"author":[{"embeddable":true,"href":"https:\/\/projekti.imi.hr\/environpolluthealth\/index.php?rest_route=\/wp\/v2\/users\/13"}],"replies":[{"embeddable":true,"href":"https:\/\/projekti.imi.hr\/environpolluthealth\/index.php?rest_route=%2Fwp%2Fv2%2Fcomments&post=121"}],"version-history":[{"count":0,"href":"https:\/\/projekti.imi.hr\/environpolluthealth\/index.php?rest_route=\/wp\/v2\/pages\/121\/revisions"}],"up":[{"embeddable":true,"href":"https:\/\/projekti.imi.hr\/environpolluthealth\/index.php?rest_route=\/wp\/v2\/pages\/85"}],"wp:attachment":[{"href":"https:\/\/projekti.imi.hr\/environpolluthealth\/index.php?rest_route=%2Fwp%2Fv2%2Fmedia&parent=121"}],"curies":[{"name":"wp","href":"https:\/\/api.w.org\/{rel}","templated":true}]}}