{"id":43,"date":"2024-06-04T12:45:37","date_gmt":"2024-06-04T12:45:37","guid":{"rendered":"https:\/\/projekti.imi.hr\/ebdiz\/?page_id=43"},"modified":"2024-12-11T09:59:27","modified_gmt":"2024-12-11T09:59:27","slug":"kontakt","status":"publish","type":"page","link":"https:\/\/projekti.imi.hr\/ebdiz\/kontakt\/","title":{"rendered":"Kontakt"},"content":{"rendered":"\n<p>Voditelj projekta<br>dr. sc. Ana Marija Marjanovi\u0107 \u010cermak, Zavod za za\u0161titu od zra\u010denja, IMI<br><img decoding=\"async\" width=\"150\" height=\"150\" class=\"wp-image-135\" style=\"width: 25px\" src=\"http:\/\/projekti.imi.hr\/ebdiz\/wp-content\/uploads\/sites\/2\/2024\/09\/phone.gif\" alt=\"\"> : amarjanovic@imi.hr<br><img decoding=\"async\" width=\"148\" height=\"104\" class=\"wp-image-134\" style=\"width: 25px\" src=\"http:\/\/projekti.imi.hr\/ebdiz\/wp-content\/uploads\/sites\/2\/2024\/09\/mail.gif\" alt=\"\">: +385 (1) 4682 576<\/p>\n\n\n\n\n\n<p>Adresa ustanove nositelja projekta:<br>Institut za medicinska istra\u017eivanja i medicinu rada (IMI)<br>: Ksaverska cesta 2, 10000 Zagreb<br><img decoding=\"async\" style=\"width: 25px\" src=\"http:\/\/projekti.imi.hr\/ebdiz\/wp-content\/uploads\/sites\/2\/2024\/09\/phone.gif\"> : +385 (1) 4682 500<br><img decoding=\"async\" width=\"150\" height=\"150\" class=\"wp-image-136\" style=\"width: 25px\" src=\"http:\/\/projekti.imi.hr\/ebdiz\/wp-content\/uploads\/sites\/2\/2024\/09\/web.gif\" alt=\"\">: www.imi.hr<\/p>\n","protected":false},"excerpt":{"rendered":"<p>Voditelj projektadr. sc. Ana Marija Marjanovi\u0107 \u010cermak, Zavod za za\u0161titu od zra\u010denja, IMI : amarjanovic@imi.hr: +385 (1) 4682 576 Adresa ustanove nositelja projekta:Institut za medicinska istra\u017eivanja i medicinu rada (IMI): Ksaverska cesta 2, 10000 Zagreb : +385 (1) 4682 500: www.imi.hr<\/p>\n","protected":false},"author":6,"featured_media":0,"parent":0,"menu_order":0,"comment_status":"closed","ping_status":"closed","template":"","meta":{"_acf_changed":false,"footnotes":""},"class_list":["post-43","page","type-page","status-publish","hentry"],"acf":[],"_links":{"self":[{"href":"https:\/\/projekti.imi.hr\/ebdiz\/wp-json\/wp\/v2\/pages\/43","targetHints":{"allow":["GET"]}}],"collection":[{"href":"https:\/\/projekti.imi.hr\/ebdiz\/wp-json\/wp\/v2\/pages"}],"about":[{"href":"https:\/\/projekti.imi.hr\/ebdiz\/wp-json\/wp\/v2\/types\/page"}],"author":[{"embeddable":true,"href":"https:\/\/projekti.imi.hr\/ebdiz\/wp-json\/wp\/v2\/users\/6"}],"replies":[{"embeddable":true,"href":"https:\/\/projekti.imi.hr\/ebdiz\/wp-json\/wp\/v2\/comments?post=43"}],"version-history":[{"count":2,"href":"https:\/\/projekti.imi.hr\/ebdiz\/wp-json\/wp\/v2\/pages\/43\/revisions"}],"predecessor-version":[{"id":137,"href":"https:\/\/projekti.imi.hr\/ebdiz\/wp-json\/wp\/v2\/pages\/43\/revisions\/137"}],"wp:attachment":[{"href":"https:\/\/projekti.imi.hr\/ebdiz\/wp-json\/wp\/v2\/media?parent=43"}],"curies":[{"name":"wp","href":"https:\/\/api.w.org\/{rel}","templated":true}]}}