{"id":37,"date":"2024-11-04T11:27:13","date_gmt":"2024-11-04T11:27:13","guid":{"rendered":"https:\/\/projekti.imi.hr\/ebdiz\/?page_id=37"},"modified":"2024-12-11T13:45:39","modified_gmt":"2024-12-11T13:45:39","slug":"it","status":"publish","type":"page","link":"https:\/\/projekti.imi.hr\/ebdiz\/it\/","title":{"rendered":"Istra\u017eiva\u010dki tim"},"content":{"rendered":"\t\t<div data-elementor-type=\"wp-page\" data-elementor-id=\"37\" class=\"elementor elementor-37\">\n\t\t\t\t<div class=\"elementor-element elementor-element-3ecfa11b e-flex e-con-boxed e-con e-parent\" data-id=\"3ecfa11b\" data-element_type=\"container\" data-e-type=\"container\">\n\t\t\t\t\t<div class=\"e-con-inner\">\n\t\t\t\t<div class=\"elementor-element elementor-element-17e5a367 elementor-widget elementor-widget-text-editor\" data-id=\"17e5a367\" data-element_type=\"widget\" data-e-type=\"widget\" data-widget_type=\"text-editor.default\">\n\t\t\t\t<div class=\"elementor-widget-container\">\n\t\t\t\t\t\t\t\t\t\n<p><\/p>\n\n\n\n<figure class=\"wp-block-image size-large\"><img fetchpriority=\"high\" decoding=\"async\" width=\"1024\" height=\"768\" src=\"http:\/\/projekti.imi.hr\/ebdiz\/wp-content\/uploads\/sites\/2\/2024\/06\/20231215_125319-1024x768.jpg\" alt=\"\" class=\"wp-image-117\" srcset=\"https:\/\/projekti.imi.hr\/ebdiz\/wp-content\/uploads\/sites\/2\/2024\/06\/20231215_125319-1024x768.jpg 1024w, https:\/\/projekti.imi.hr\/ebdiz\/wp-content\/uploads\/sites\/2\/2024\/06\/20231215_125319-300x225.jpg 300w, https:\/\/projekti.imi.hr\/ebdiz\/wp-content\/uploads\/sites\/2\/2024\/06\/20231215_125319-768x576.jpg 768w, https:\/\/projekti.imi.hr\/ebdiz\/wp-content\/uploads\/sites\/2\/2024\/06\/20231215_125319.jpg 1280w\" sizes=\"(max-width: 1024px) 100vw, 1024px\" \/><\/figure>\n\n\n\n<p><\/p>\n\t\t\t\t\t\t\t\t<\/div>\n\t\t\t\t<\/div>\n\t\t\t\t\t<\/div>\n\t\t\t\t<\/div>\n\t\t<div class=\"elementor-element elementor-element-5249c4c e-flex e-con-boxed e-con e-parent\" data-id=\"5249c4c\" data-element_type=\"container\" data-e-type=\"container\">\n\t\t\t\t\t<div class=\"e-con-inner\">\n\t\t\t\t<div class=\"elementor-element elementor-element-e69db9e elementor-widget elementor-widget-heading\" data-id=\"e69db9e\" data-element_type=\"widget\" data-e-type=\"widget\" data-widget_type=\"heading.default\">\n\t\t\t\t<div class=\"elementor-widget-container\">\n\t\t\t\t\t<h2 class=\"elementor-heading-title elementor-size-default\">Istra\u017eiva\u010dki tim<\/h2>\t\t\t\t<\/div>\n\t\t\t\t<\/div>\n\t\t\t\t\t<\/div>\n\t\t\t\t<\/div>\n\t\t<div class=\"elementor-element elementor-element-f5eb589 e-con-full e-flex e-con e-parent\" data-id=\"f5eb589\" data-element_type=\"container\" data-e-type=\"container\">\n\t\t\t\t<div class=\"elementor-element elementor-element-718b43b elementor-widget elementor-widget-text-editor\" data-id=\"718b43b\" data-element_type=\"widget\" data-e-type=\"widget\" data-widget_type=\"text-editor.default\">\n\t\t\t\t<div class=\"elementor-widget-container\">\n\t\t\t\t\t\t\t\t\t<p><span style=\"color: var( --e-global-color-text );font-family: var( --e-global-typography-text-font-family ), Sans-serif;font-weight: var( --e-global-typography-text-font-weight );text-align: var(--text-align)\">Ba\u010dani Pula Antonija<\/span><\/p>\n<p>Ili\u0107 Krunoslav<\/p>\n<p>Jazvac Gabriela<\/p>\n<p>Jurdana Mihovil<\/p>\n<p>Kobe\u0161\u0107ak Silvija<\/p>\n<p>Ko\u017euljevi\u0107 Ana Marija<\/p>\n<p>Marjanovi\u0107 \u010cermak Ana Marija<\/p>\n<p>Me\u0161trovi\u0107 Tomislav<\/p>\n<p>Paveli\u0107 Luka<\/p>\n<p>Pavi\u010di\u0107 Ivan<\/p>\n<p>Prli\u0107 Ivica<\/p>\n<p>Sefi\u0107 Selvije<\/p>\n<p>\u0160i\u0161ko Jerko&nbsp;<\/p>\n<p>Buinac Ana<\/p>\n<p><span style=\"color: var( --e-global-color-text );font-family: var( --e-global-typography-text-font-family ), Sans-serif;font-weight: var( --e-global-typography-text-font-weight );text-align: var(--text-align)\">Avdi\u0107 Mak<\/span><\/p>\n<p>Babi\u0107 Dinko&nbsp;<\/p>\n<p>Bituh Tomislav<\/p>\n<p><span style=\"color: var( --e-global-color-text );font-family: var( --e-global-typography-text-font-family ), Sans-serif;font-weight: var( --e-global-typography-text-font-weight );text-align: var(--text-align)\">\u010cvori\u0161\u0107ec Tea<\/span><\/p>\n<p>Franulovi\u0107 Iva<\/p>\n<p>Hasenay Dragutin<\/p>\n<p>Kolar Milica<\/p>\n<p>Petrinec Branko<\/p>\n<p>Petroci Ljerka<\/p>\n<p>Tagliaretti Petra<\/p>\n<p>Zauner Branimir<\/p><p>Marina Seren\u010de\u0161<\/p>\n<p><\/p>\t\t\t\t\t\t\t\t<\/div>\n\t\t\t\t<\/div>\n\t\t\t\t<\/div>\n\t\t\t\t<\/div>\n\t\t","protected":false},"excerpt":{"rendered":"<p>Istra\u017eiva\u010dki tim Ba\u010dani Pula Antonija Ili\u0107 Krunoslav Jazvac Gabriela Jurdana Mihovil Kobe\u0161\u0107ak Silvija Ko\u017euljevi\u0107 Ana Marija Marjanovi\u0107 \u010cermak Ana Marija Me\u0161trovi\u0107 Tomislav Paveli\u0107 Luka Pavi\u010di\u0107 Ivan Prli\u0107 Ivica Sefi\u0107 Selvije \u0160i\u0161ko Jerko&nbsp; Buinac Ana Avdi\u0107 Mak Babi\u0107 Dinko&nbsp; Bituh Tomislav \u010cvori\u0161\u0107ec Tea Franulovi\u0107 Iva Hasenay Dragutin Kolar Milica Petrinec Branko Petroci Ljerka Tagliaretti Petra Zauner &hellip;<br \/><a href=\"https:\/\/projekti.imi.hr\/ebdiz\/it\/\" class=\"more-link pen_button pen_element_default pen_icon_arrow_double\">Continue reading <span class=\"screen-reader-text\">Istra\u017eiva\u010dki tim<\/span><\/a><\/p>\n","protected":false},"author":6,"featured_media":0,"parent":0,"menu_order":0,"comment_status":"closed","ping_status":"closed","template":"","meta":{"_acf_changed":false,"footnotes":""},"class_list":["post-37","page","type-page","status-publish","hentry"],"acf":[],"_links":{"self":[{"href":"https:\/\/projekti.imi.hr\/ebdiz\/wp-json\/wp\/v2\/pages\/37","targetHints":{"allow":["GET"]}}],"collection":[{"href":"https:\/\/projekti.imi.hr\/ebdiz\/wp-json\/wp\/v2\/pages"}],"about":[{"href":"https:\/\/projekti.imi.hr\/ebdiz\/wp-json\/wp\/v2\/types\/page"}],"author":[{"embeddable":true,"href":"https:\/\/projekti.imi.hr\/ebdiz\/wp-json\/wp\/v2\/users\/6"}],"replies":[{"embeddable":true,"href":"https:\/\/projekti.imi.hr\/ebdiz\/wp-json\/wp\/v2\/comments?post=37"}],"version-history":[{"count":23,"href":"https:\/\/projekti.imi.hr\/ebdiz\/wp-json\/wp\/v2\/pages\/37\/revisions"}],"predecessor-version":[{"id":411,"href":"https:\/\/projekti.imi.hr\/ebdiz\/wp-json\/wp\/v2\/pages\/37\/revisions\/411"}],"wp:attachment":[{"href":"https:\/\/projekti.imi.hr\/ebdiz\/wp-json\/wp\/v2\/media?parent=37"}],"curies":[{"name":"wp","href":"https:\/\/api.w.org\/{rel}","templated":true}]}}