{"id":352,"date":"2024-12-11T10:01:35","date_gmt":"2024-12-11T10:01:35","guid":{"rendered":"https:\/\/projekti.imi.hr\/ebdiz\/?page_id=352"},"modified":"2025-12-15T14:09:39","modified_gmt":"2025-12-15T14:09:39","slug":"publication","status":"publish","type":"page","link":"https:\/\/projekti.imi.hr\/ebdiz\/en\/publication\/","title":{"rendered":"Publication"},"content":{"rendered":"\n<figure class=\"wp-block-table\"><table class=\"has-fixed-layout\"><tbody><tr><td><a href=\"https:\/\/www.croris.hr\/crosbi\/publikacija\/resolve\/croris\/843506\" target=\"_blank\" rel=\"noreferrer noopener\">Miljani\u0107, Nora; Zauner, Branimir; Babi\u0107, Dinko; Petrinec, Branko Radiocaesium in mosses from the Kopa\u010dki rit Nature Park in Croatia: searching for undeclared releases from nuclear facilities in war-torn Ukraine \/\/ Arhiv za higijenu rada i toksikologiju, 75 (2024), 2; 155-158. doi: 10.2478\/aiht-2024-75-3853<\/a><\/td><\/tr><tr><td><a href=\"https:\/\/www.croris.hr\/crosbi\/publikacija\/resolve\/croris\/847753\" target=\"_blank\" rel=\"noreferrer noopener\">Bituh, Tomislav; Petrinec, Branko; \u010cvori\u0161\u0107ec, Tea Radon concentrations in Veternica cave &#8211; Croatia \/\/ Book of Abstracts Radon 2024 \/ Katerina Navratilova Rovenska (ur.). Prag: Faculty of Nuclear Sciences and Physical Engineering, 2024. str. 47-47<\/a><\/td><\/tr><tr><td><a href=\"https:\/\/www.croris.hr\/crosbi\/publikacija\/resolve\/croris\/847770\" target=\"_blank\" rel=\"noreferrer noopener\">Bituh, Tomislav; Petrinec, Branko; \u010cvori\u0161\u0107ec, Tea; Popija\u010d, Marina Radon na radnim mjestima &#8211; Edukacijom do manjeg rizika \/\/ Zeleni dodir Medvednice : knjiga sa\u017eetaka 2. znanstveno-stru\u010dnog skupa s me\u0111unarodnim sudjelovanjem \/ Popija\u010d, Marina; Petrinec, Branko (ur.). Zagreb: Javna ustanova Park prirode Medvednice; Hrvatska akademija znanosti i umjetnosti, 2024. str. 132-132<\/a><\/td><\/tr><tr><td><a href=\"https:\/\/www.croris.hr\/crosbi\/publikacija\/resolve\/croris\/847930\" target=\"_blank\" rel=\"noreferrer noopener\">Filipi, Janja; Pr\u0111un, Sa\u0161a; Sekovani\u0107, Ankica; Haneklaus, Nils; Lazarus, Maja; Bituh, Tomislav; Zauner, Branimir; Miljani\u0107, Nora; Petrinec, Branko; Glavan, Gordana Potential use of Honey bees for biomonitoring of powdery phosphogypsum stacks in Croatia \/\/ 10th Congress of Apidology Abstract Book \/ Risto Raimets (ur.). Tallinn: EurBee, 2024. str. 214-214<\/a><\/td><\/tr><tr><td><a href=\"https:\/\/www.croris.hr\/crosbi\/publikacija\/resolve\/croris\/855094\" target=\"_blank\" rel=\"noreferrer noopener\">Petrinec, Branko; Bituh, Tomislav; Frani\u0107, Zdenko; Zauner, Branimir; Babi\u0107, Dinko Long-Term Investigation (1968\u20132023) of 137Cs in Apples \/\/ Environments, 11 (2024), 11; 249-257. doi: https:\/\/doi.org\/10.3390\/environments11110249<\/a><\/td><\/tr><tr><td><a href=\"https:\/\/www.croris.hr\/crosbi\/publikacija\/resolve\/croris\/856613\" target=\"_blank\" rel=\"noreferrer noopener\">Vukoja, Andrea; Bogdanovi\u0107, Tomislav; Ra\u0161eta, Davor; Miljani\u0107, Nora; Ivani\u0161i\u0107 Risek, Iva; Ili\u0107, Krunoslav; Pavi\u010di\u0107, Ivan; Marjanovi\u0107 \u010cermak, Ana Marija; Petrinec, Branko Dragonflies (Odonata) as bioindicators of radioactivity \/\/ Isotopes in environmental and health studies, 31 (2024), 2; 230-238. doi: 10.1080\/10256016.2024.2425070<\/a><\/td><\/tr><tr><td><a href=\"https:\/\/www.croris.hr\/crosbi\/publikacija\/resolve\/croris\/860560\" target=\"_blank\" rel=\"noreferrer noopener\">Bituh, Tomislav; Peco, Josip; Bo\u017ei\u0107evi\u0107 Mihali\u0107, Iva; Gouasmia, Sabrina; Grli\u0107, Marija; Petrinec, Branko Trace element and radiological characterisation of ash and soil at a legacy site in the former Ra\u0161a coal-mining area \/\/ Arhiv za higijenu rada i toksikologiju, 75 (2024), 245-258. doi: 10.2478\/aiht-2024-75-3897<\/a><\/td><\/tr><tr><td><a href=\"https:\/\/www.croris.hr\/crosbi\/publikacija\/resolve\/croris\/860571\" target=\"_blank\" rel=\"noreferrer noopener\">Hasenay, Dragutin; Petrinec, Branko; Franulovi\u0107 Iva; Kova\u010di\u0107, Milica; \u010cvori\u0161\u0107ec Tea; Babi\u0107 Dinko; Zauner Branimir; Bituh Tomislav; Miljani\u0107 Nora; Popija\u010d Marina Cezij-137 i stroncij-90 u oborinama u Zagrebu u 2021., 2022., i 2023. godini \/\/ Zeleni dodir Medvednice : knjiga sa\u017eetaka 2. znanstveno-stru\u010dnog skupa s me\u0111unarodnim sudjelovanjem \/ Popija\u010d, Marina; Petrinec, Branko (ur.). Zagreb: Javna ustanova Park prirode Medvednice; Hrvatska akademija znanosti i umjetnosti, 2024. str. 66-67<\/a><\/td><\/tr><tr><td><a href=\"https:\/\/www.croris.hr\/crosbi\/publikacija\/resolve\/croris\/862614\" target=\"_blank\" rel=\"noreferrer noopener\">Haneklaus, Nils; Kaggwa, Mary; Misihairabgwi, Jane; Abu El-Magd, Sherif; Ahmadi, Naima; Ait Brahim, Jamal; Amasi, Aloyce; Ball\u00e1n\u00e9 Kov\u00e1cs, Andrea; Bartela, \u0141ukasz; Bellefqih, Hajar et al. The phosphorus negotiation game (P-Game): first evaluation of a serious game to support science-policy decision making played in more than 20 countries worldwide \/\/ Discover sustainability, 6 (2025), 1; 1, 16. doi: 10.1007\/s43621-024-00693-6<\/a><\/td><\/tr><tr><td><a href=\"https:\/\/www.croris.hr\/crosbi\/publikacija\/resolve\/croris\/863216\" target=\"_blank\" rel=\"noreferrer noopener\">Tagliaretti, Petra; Petrinec, Branko; \u010cvori\u0161\u0107ec, Tea; Babi\u0107, Dinko; Bituh, Tomislav; Miljani\u0107, Nora; Popija\u010d, Marina Mjerenje radioaktivnosti tla i mahovina na podru\u010dju parka prirode Medvednica \/\/ Zbornik radova 2. znanstveno-stru\u010dnog skupa s me\u0111unarodnim sudjelovanjem ZELENI DODIR MEDVEDNICE \/ Popija\u010d, Marina ; Jurjevi\u0107 Varga, Martina (ur.). Zagreb: Javna ustanova Park prirode Medvednica; Hrvatska akademija znanosti i umjetnosti; Znanstveno vije\u0107e za arhitekturu, urbanizam i ure\u0111enje prostora, 2024. str. 62-63<\/a><\/td><\/tr><tr><td><a href=\"https:\/\/www.croris.hr\/crosbi\/publikacija\/resolve\/croris\/878253\" target=\"_blank\" rel=\"noreferrer noopener\">Bituh, Tomislav; Petrinec, Branko; Novosel, Martina; Babi\u0107, Dinko; Ra\u0161eta, Davor; Hrelja, Iva; Gali\u0107, Marija; Per\u010din, Aleksandra; \u0160iri\u0107, Ivan; Kisi\u0107, Ivica et al. The Physico-Chemical and Radionuclide Characterisation of Soil near a Future Radioactive Waste Management Centre \/\/ Environments, 12 (2025), 4; 121, 14. doi: 10.3390\/environments12040121<\/a><\/td><\/tr><tr><td><a href=\"https:\/\/www.croris.hr\/crosbi\/publikacija\/resolve\/croris\/879970\" target=\"_blank\" rel=\"noreferrer noopener\">Mwimanzi, Jerome M.; Haneklaus, Nils H.; Bituh, Tomislav; Brink, Hendrik; Kiegiel, Katarzyna; Lolila, Farida; Marwa, Janeth J.; Rwiza, Mwemezi J.; Mtei, Kelvin M. Radioactivity distribution in soil, rock and tailings at the Geita Gold Mine in Tanzania \/\/ Journal of Radiation Research and Applied Sciences, 18 (2025), 1-14. doi: 10.1016\/j.jrras.2025.101528<\/a><\/td><\/tr><tr><td><a href=\"https:\/\/www.croris.hr\/crosbi\/publikacija\/resolve\/croris\/880802\" target=\"_blank\" rel=\"noreferrer noopener\">Ili\u0107, Krunoslav; Marjanovi\u0107 \u010cermak, Ana Marija; Pavi\u010di\u0107, Ivan; Micek, Vedran; Paveli\u0107, Luka; Ko\u017euljevi\u0107, Ana Marija; Jazvac, Gabriela; Petrinec, Branko U\u010dinak niskih doza ioniziraju\u0107eg zra\u010denja na stani\u010dni ciklus i oksidacijski stres kod mezenhimskih mati\u010dnih stanica \u0161takora \/\/ Zbornik sa\u017eetaka 14. simpozija Hrvatskog dru\u0161tva za za\u0161titu od zra\u010denja \/ Tucakovi\u0107, Ivana; Magdi\u0107 Ko\u0161i\u010dek, Katja; Coha, Ivana (ur.). Zagreb: HDZZ-CRPA, 2025. str. 73-74<\/a><\/td><\/tr><tr><td><a href=\"https:\/\/www.croris.hr\/crosbi\/publikacija\/resolve\/croris\/880813\" target=\"_blank\" rel=\"noreferrer noopener\">Vukoja, Andrea; Bogdanovi\u0107, Tomislav; Ra\u0161eta, Davor; Ivani\u0161i\u0107 Risek, Iva; Miljani\u0107, Nora; Pavi\u010di\u0107, Ivan; Marjanovi\u0107 \u010cermak, Ana Marija; Ili\u0107, Krunoslav; Petrinec, Branko Analiza nakupljanja radionuklida u vretencima (Odonata) u Parku biosfere Mura-Drava-Dunav \/\/ Zbornik sa\u017eetaka 14. simpozija Hrvatskog dru\u0161tva za za\u0161titu od zra\u010denja \/ Tucakovi\u0107, Ivana; Magdi\u0107 Ko\u0161i\u010dek, Katja; Coha, Ivana (ur.). Zagreb: HDZZ-CRPA, 2025. str. 128-129<\/a><\/td><\/tr><tr><td><a href=\"https:\/\/www.croris.hr\/crosbi\/publikacija\/resolve\/croris\/880815\" target=\"_blank\" rel=\"noreferrer noopener\">Petrinec, Branko; Bogdanovi\u0107, Tomislav; Vukoja, Andrea; Miljani\u0107, Nora; Ra\u0161eta, Davor; Ivani\u0161i\u0107 Risek, Iva; Ili\u0107, Krunoslav; Pavi\u010di\u0107, Ivan; Marjanovi\u0107 \u010cermak, Ana Marija Bioakumulacija 137Cs u vretencima (odonata) u Viroviti\u010dko-podravskoj \u017eupaniji \/\/ Zbornik sa\u017eetaka 14. simpozija Hrvatskog dru\u0161tva za za\u0161titu od zra\u010denja \/ Tucakovi\u0107, Ivana; Magdi\u0107 Ko\u0161i\u010dek, Katja; Coha, Ivana (ur.). Zagreb: HDZZ-CRPA, 2025. str. 114-115<\/a><\/td><\/tr><tr><td><a href=\"https:\/\/www.croris.hr\/crosbi\/publikacija\/resolve\/croris\/881376\" target=\"_blank\" rel=\"noreferrer noopener\">Marjanovi\u0107 \u010cermak, Ana Marija; Ili\u0107, Krunoslav; Pavi\u010di\u0107, Ivan; Micek, Vedran; Paveli\u0107, Luka; Ko\u017euljevi\u0107, Ana Marija; Jazvac, Gabriela; Prli\u0107, Ivica Short-term effects of low dose radiation exposure on mesenchymal stem cells \/\/ Global Conference on Radiation Topics &#8211; Preparedness, Response, Protection and Research \/ Port, Matthias (ur.). M\u00fcnchen: M\u00fcnchen: Bundeswehr Institute of Radiobiology, 2025. str. 72-72<\/a><\/td><\/tr><tr><td><a href=\"https:\/\/www.croris.hr\/crosbi\/publikacija\/resolve\/croris\/881403\" target=\"_blank\" rel=\"noreferrer noopener\">Ili\u0107, Krunoslav; Marjanovi\u0107 \u010cermak, Ana Marija; Paveli\u0107, Luka; Ko\u017euljevi\u0107, Ana-Marija; Jazvac, Gabrijela; Pavi\u010di\u0107, Ivan; Micek, Vedran; Prli\u0107, Ivica Effects of Low Doses of Ionizing Radiation on Neuroblastoma Cells and Mesenchymal Stem Cells \/\/ Global Conference on Radiation Topics &#8211; Preparedness, Response, Protection and Research \/ Port, Matthias (ur.). M\u00fcnchen: M\u00fcnchen: Bundeswehr Institute of Radiobiology, 2025. str. 71-71<\/a><\/td><\/tr><tr><td><a href=\"https:\/\/www.croris.hr\/crosbi\/publikacija\/resolve\/croris\/888096\" target=\"_blank\" rel=\"noreferrer noopener\">Zauner, Branimir; Petrinec, Branko; Bituh, Tomislav; Ceci, Sa\u0161a; Volari\u0107, Nikola; V\u010dev, Aleksandar; Vukoja, Andrea; Babi\u0107, Dinko Theory of random measurement errors: concepts, uses, and misuses \/\/ Arhiv za higijenu rada i toksikologiju, 76 (2025), 79-86. doi: 10.2478\/aiht-2025-76-3977<\/a><\/td><\/tr><tr><td><a href=\"https:\/\/www.croris.hr\/crosbi\/publikacija\/resolve\/croris\/894993\" target=\"_blank\" rel=\"noreferrer noopener\">Paveli\u0107, Luka; Lackovi\u0107, Igor; Jazvac, Gabriela; Ko\u017euljevi\u0107, Ana Marija; Prli\u0107, Ivica Razmatranja u evaluaciji i analizi performansi modernog rendgenskog generatora u okviru uspostave standardnih snopova: preliminarni rezultati studije slu\u010daja \/\/ Zbornik sa\u017eetaka 14. simpozija Hrvatskog dru\u0161tva za za\u0161titu od zra\u010denja \/ Tucakovi\u0107, Ivana; Magdi\u0107 Ko\u0161i\u010dek, Katja; Coha, Ivana (ur.). Zagreb: HDZZ-CRPA, 2025. str. 155-156<\/a><\/td><\/tr><tr><td><a href=\"https:\/\/www.croris.hr\/crosbi\/publikacija\/resolve\/croris\/895025\" target=\"_blank\" rel=\"noreferrer noopener\">Bituh, Tomislav; Petrinec, Branko; Zauner, Branimir; Babi\u0107, Dinko Are apples we eat radioactive? Long-term investigation (1968- 2023) of Cs-137 in apples \/\/ 23rd International Congress of Nutrition of IUNS Pariz, Francuska, 24.08.2025-29.08.2025<\/a><\/td><\/tr><tr><td><a href=\"https:\/\/www.croris.hr\/crosbi\/publikacija\/resolve\/croris\/895033\" target=\"_blank\" rel=\"noreferrer noopener\">Bituh, Tomislav; \u010cvori\u0161\u0107ec, Tea; Zauner, Branimir; Babi\u0107, Dinko; Lovri\u0107 \u0160tefi\u010dek, Marija Jelena; Petrinec, Branko Mjerenje radona u stambenim zgradama u gradu Zagrebu \/\/ Zbornik sa\u017eetaka 14. simpozija Hrvatskog dru\u0161tva za za\u0161titu od zra\u010denja \/ Tucakovi\u0107, Ivana; Magdi\u0107 Ko\u0161i\u010dek, Katja; Coha, Ivana (ur.). Zagreb: HDZZ-CRPA, 2025. str. 136-137<\/a><\/td><\/tr><tr><td><a href=\"https:\/\/www.croris.hr\/crosbi\/publikacija\/resolve\/croris\/895147\" target=\"_blank\" rel=\"noreferrer noopener\">Franulovi\u0107, Iva; Kova\u010di\u0107, Milica; Bituh, Tomislav; Tagliaretti, Petra; \u010cvori\u0161\u0107ec, Tea; Hasenay, Dragutin; Petrinec, Branko; Avdi\u0107, Mak; Petroci, Ljerka Pra\u0107enje 90Sr u sto\u010dnoj hrani u periodu od deset godina (2013-2023) \/\/ Zbornik sa\u017eetaka 14. simpozija Hrvatskog dru\u0161tva za za\u0161titu od zra\u010denja \/ Tucakovi\u0107, Ivana; Magdi\u0107 Ko\u0161i\u010dek, Katja; Coha, Ivana (ur.). Zagreb: HDZZ-CRPA, 2025. str. 81-82<\/a><\/td><\/tr><tr><td><a href=\"https:\/\/www.croris.hr\/crosbi\/publikacija\/resolve\/croris\/895148\" target=\"_blank\" rel=\"noreferrer noopener\">\u010cvori\u0161\u0107ec, Tea; Bituh, Tomislav; Petrinec, Branko; Tagliaretti, Petra; Babi\u0107, Dinko Mjerenje koncentracije radona u \u0161pilji Veternica \/\/ Zbornik sa\u017eetaka 14. simpozija Hrvatskog dru\u0161tva za za\u0161titu od zra\u010denja \/ Tucakovi\u0107, Ivana; Magdi\u0107 Ko\u0161i\u010dek, Katja; Coha, Ivana (ur.). Zagreb: HDZZ-CRPA, 2025. str. 138-139<\/a><\/td><\/tr><tr><td><a href=\"https:\/\/www.croris.hr\/crosbi\/publikacija\/resolve\/croris\/895152\" target=\"_blank\" rel=\"noreferrer noopener\">Tagliaretti, Petra; Petrinec, Branko; Bituh, Tomislav; \u010cvori\u0161\u0107ec, Tea; Zauner, Branimir Procjena radioaktivnosti i sigurnosnog stanja plinskog polja Molve: rezultati i preporuke za 2024. godinu \/\/ Zbornik sa\u017eetaka 14. simpozija Hrvatskog dru\u0161tva za za\u0161titu od zra\u010denja \/ Tucakovi\u0107, Ivana; Magdi\u0107 Ko\u0161i\u010dek, Katja; Coha, Ivana (ur.). Zagreb: HDZZ-CRPA, 2025. str. 118-119<\/a><\/td><\/tr><tr><td><a href=\"https:\/\/www.croris.hr\/crosbi\/publikacija\/resolve\/croris\/895188\" target=\"_blank\" rel=\"noreferrer noopener\">Pavi\u010di\u0107, Ivan; Ana Marija, Marjanovi\u0107 \u010cermak; Ili\u0107, Krunoslav; Prli\u0107, Ivica; The effects of mobile phone RF radiation on cellular protein structures in living cell \/\/ Global Conference on Radiation Topics &#8211; Preparedness, Response, Protection and Research \/ Port, Matthias (ur.). M\u00fcnchen: M\u00fcnchen: Bundeswehr Institute of Radiobiology, 2025. str. 82-82<\/a><\/td><\/tr><tr><td><a href=\"https:\/\/www.croris.hr\/crosbi\/publikacija\/resolve\/croris\/895194\" target=\"_blank\" rel=\"noreferrer noopener\">Pavi\u010di\u0107, Ivan; Ili\u0107, Krunoslav; Marjanovi\u0107 \u010cermak, Ana Marija; Micek, Vedran; Ljubojevi\u0107, Marija; Petrinec, Branko Isolation, differentiation and characterization of rat mesenchymal stem cells as a new model of biological effects of ionizing low-dose radiation \/\/ Zbornik sa\u017eetaka 14. simpozija Hrvatskog dru\u0161tva za za\u0161titu od zra\u010denja \/ Tucakovi\u0107, Ivana; Magdi\u0107 Ko\u0161i\u010dek, Katja; Coha, Ivana (ur.). Zagreb: HDZZ-CRPA, 2025. str. 118-119<\/a><\/td><\/tr><tr><td><a href=\"https:\/\/www.croris.hr\/crosbi\/publikacija\/resolve\/croris\/906711\" target=\"_blank\" rel=\"noreferrer noopener\">Pavi\u010di\u0107, Ivan Detection of asbestos in the ship\u2019s interior \/\/ International conference and 14th Croatian scientific and professional meeting AIR PROTECTION 2025 &#8211; Book of Abstracts \/ Pehnec, Gordana (ur.). Zagreb: Hrvatsko udru\u017eenje za za\u0161titu zraka (HUZZ) \/ Croatian Air Pollution Prevention Association (CAPPA), 2025. str. 75-75<\/a><\/td><\/tr><tr><td><a href=\"https:\/\/www.croris.hr\/crosbi\/publikacija\/resolve\/croris\/912551\" target=\"_blank\" rel=\"noreferrer noopener\">Paveli\u0107, Luka; Lackovi\u0107, Igor; Jazvac, Gabriela; Ko\u017euljevi\u0107, Ana Marija; Paveli\u0107, Lucija Glavak; Prli\u0107, Ivica On measurement standards and techniques in performance evaluation of a modern X-ray generator \/\/ Radiation physics and chemistry (1993), 241 (2026), 1-10. doi: 10.1016\/j.radphyschem.2025.113510<\/a><\/td><\/tr><\/tbody><\/table><\/figure>\n\n\n\n<p><\/p>\n","protected":false},"excerpt":{"rendered":"<p>Miljani\u0107, Nora; Zauner, Branimir; Babi\u0107, Dinko; Petrinec, Branko Radiocaesium in mosses from the Kopa\u010dki rit Nature Park in Croatia: searching for undeclared releases from nuclear facilities in war-torn Ukraine \/\/ Arhiv za higijenu rada i toksikologiju, 75 (2024), 2; 155-158. doi: 10.2478\/aiht-2024-75-3853 Bituh, Tomislav; Petrinec, Branko; \u010cvori\u0161\u0107ec, Tea Radon concentrations in Veternica cave &#8211; Croatia &hellip;<br \/><a href=\"https:\/\/projekti.imi.hr\/ebdiz\/en\/publication\/\" class=\"more-link pen_button pen_element_default pen_icon_arrow_double\">Continue reading <span class=\"screen-reader-text\">Publication<\/span><\/a><\/p>\n","protected":false},"author":6,"featured_media":0,"parent":0,"menu_order":0,"comment_status":"closed","ping_status":"closed","template":"","meta":{"_acf_changed":false,"footnotes":""},"class_list":["post-352","page","type-page","status-publish","hentry"],"acf":[],"_links":{"self":[{"href":"https:\/\/projekti.imi.hr\/ebdiz\/wp-json\/wp\/v2\/pages\/352","targetHints":{"allow":["GET"]}}],"collection":[{"href":"https:\/\/projekti.imi.hr\/ebdiz\/wp-json\/wp\/v2\/pages"}],"about":[{"href":"https:\/\/projekti.imi.hr\/ebdiz\/wp-json\/wp\/v2\/types\/page"}],"author":[{"embeddable":true,"href":"https:\/\/projekti.imi.hr\/ebdiz\/wp-json\/wp\/v2\/users\/6"}],"replies":[{"embeddable":true,"href":"https:\/\/projekti.imi.hr\/ebdiz\/wp-json\/wp\/v2\/comments?post=352"}],"version-history":[{"count":5,"href":"https:\/\/projekti.imi.hr\/ebdiz\/wp-json\/wp\/v2\/pages\/352\/revisions"}],"predecessor-version":[{"id":476,"href":"https:\/\/projekti.imi.hr\/ebdiz\/wp-json\/wp\/v2\/pages\/352\/revisions\/476"}],"wp:attachment":[{"href":"https:\/\/projekti.imi.hr\/ebdiz\/wp-json\/wp\/v2\/media?parent=352"}],"curies":[{"name":"wp","href":"https:\/\/api.w.org\/{rel}","templated":true}]}}