{"id":2,"date":"2024-01-11T08:15:19","date_gmt":"2024-01-11T08:15:19","guid":{"rendered":"https:\/\/projekti.imi.hr\/ebdiz\/?page_id=2"},"modified":"2024-12-11T09:28:24","modified_gmt":"2024-12-11T09:28:24","slug":"ekoloski-bioloski-i-dozimetrijski-aspekti-ionizirajuceg-zracenja-izlozenost-i-zastita-ebdiz-2","status":"publish","type":"page","link":"https:\/\/projekti.imi.hr\/ebdiz\/","title":{"rendered":"Ekolo\u0161ki, biolo\u0161ki i dozimetrijski aspekti ioniziraju\u0107eg zra\u010denja: izlo\u017eenost i za\u0161tita\u00a0\u00a0 (EBDIZ)"},"content":{"rendered":"\n<p>Cilj je projekta nastaviti i znatno unaprijediti dosada\u0161nja institutska istra\u017eivanja razli\u010ditih aspekata utjecaja ioniziraju\u0107eg zra\u010denja na okoli\u0161 i ljudsko zdravlje. Time se osigurava trajna kompetencija u tom podru\u010dju, ne samo sa znanstvenog stajali\u0161ta &nbsp;ve\u0107 i u smislu za\u0161tite cijelog dru\u0161tva od postoje\u0107ih i potencijalnih radiolo\u0161kih ugroza. Projekt na komplementaran na\u010din objedinjuje tri najva\u017enija podru\u010dja u tim istra\u017eivanjima \u2013 radioekologiju, radiobiologiju i dozimetriju \u2013 te omogu\u0107uje sveobuhvatan pristup problematici ioniziraju\u0107eg zra\u010denja kojem su ljudi i biota izlo\u017eeni. Glavni cilj projekta su znanstvena istra\u017eivanja koja rezultiraju znanstvenim publikacijama u kompetitivnim \u010dasopisima, edukacijom osoblja s potencijalom izrade doktorskih radova i drugim vrstama diseminacije znanstvenih rezultata (npr. na znanstvenim skupovima ili kroz razli\u010dite medije). Ostali ciljevi su razvoj mjernih metoda i tehnologija u podru\u010dju detekcije ioniziraju\u0107eg zra\u010denja te popularizacijske i edukativne aktivnosti. &nbsp;&nbsp;&nbsp;&nbsp;<\/p>\n\n\n<div class=\"wp-block-image\">\n<figure class=\"aligncenter size-full is-resized\"><img fetchpriority=\"high\" decoding=\"async\" width=\"400\" height=\"300\" src=\"https:\/\/projekti.imi.hr\/ebdiz\/wp-content\/uploads\/sites\/2\/2024\/12\/ozracivanje_stanica-web.jpg\" alt=\"\" class=\"wp-image-231\" style=\"width:523px;height:auto\" srcset=\"https:\/\/projekti.imi.hr\/ebdiz\/wp-content\/uploads\/sites\/2\/2024\/12\/ozracivanje_stanica-web.jpg 400w, https:\/\/projekti.imi.hr\/ebdiz\/wp-content\/uploads\/sites\/2\/2024\/12\/ozracivanje_stanica-web-300x225.jpg 300w\" sizes=\"(max-width: 400px) 100vw, 400px\" \/><\/figure>\n<\/div>","protected":false},"excerpt":{"rendered":"<p>Cilj je projekta nastaviti i znatno unaprijediti dosada\u0161nja institutska istra\u017eivanja razli\u010ditih aspekata utjecaja ioniziraju\u0107eg zra\u010denja na okoli\u0161 i ljudsko zdravlje. Time se osigurava trajna kompetencija u tom podru\u010dju, ne samo sa znanstvenog stajali\u0161ta &nbsp;ve\u0107 i u smislu za\u0161tite cijelog dru\u0161tva od postoje\u0107ih i potencijalnih radiolo\u0161kih ugroza. Projekt na komplementaran na\u010din objedinjuje tri najva\u017enija podru\u010dja u &hellip;<br \/><a href=\"https:\/\/projekti.imi.hr\/ebdiz\/\" class=\"more-link pen_button pen_element_default pen_icon_arrow_double\">Continue reading <span class=\"screen-reader-text\">Ekolo\u0161ki, biolo\u0161ki i dozimetrijski aspekti ioniziraju\u0107eg zra\u010denja: izlo\u017eenost i za\u0161tita\u00a0\u00a0 (EBDIZ)<\/span><\/a><\/p>\n","protected":false},"author":6,"featured_media":0,"parent":0,"menu_order":0,"comment_status":"closed","ping_status":"closed","template":"","meta":{"_acf_changed":false,"footnotes":""},"class_list":["post-2","page","type-page","status-publish","hentry"],"acf":[],"_links":{"self":[{"href":"https:\/\/projekti.imi.hr\/ebdiz\/wp-json\/wp\/v2\/pages\/2","targetHints":{"allow":["GET"]}}],"collection":[{"href":"https:\/\/projekti.imi.hr\/ebdiz\/wp-json\/wp\/v2\/pages"}],"about":[{"href":"https:\/\/projekti.imi.hr\/ebdiz\/wp-json\/wp\/v2\/types\/page"}],"author":[{"embeddable":true,"href":"https:\/\/projekti.imi.hr\/ebdiz\/wp-json\/wp\/v2\/users\/6"}],"replies":[{"embeddable":true,"href":"https:\/\/projekti.imi.hr\/ebdiz\/wp-json\/wp\/v2\/comments?post=2"}],"version-history":[{"count":8,"href":"https:\/\/projekti.imi.hr\/ebdiz\/wp-json\/wp\/v2\/pages\/2\/revisions"}],"predecessor-version":[{"id":286,"href":"https:\/\/projekti.imi.hr\/ebdiz\/wp-json\/wp\/v2\/pages\/2\/revisions\/286"}],"wp:attachment":[{"href":"https:\/\/projekti.imi.hr\/ebdiz\/wp-json\/wp\/v2\/media?parent=2"}],"curies":[{"name":"wp","href":"https:\/\/api.w.org\/{rel}","templated":true}]}}