{"id":83,"date":"2024-02-16T13:31:40","date_gmt":"2024-02-16T13:31:40","guid":{"rendered":"https:\/\/projekti.imi.hr\/biomoltox\/?page_id=83"},"modified":"2026-02-04T10:00:01","modified_gmt":"2026-02-04T10:00:01","slug":"suradnici-na-projektu","status":"publish","type":"page","link":"https:\/\/projekti.imi.hr\/biomoltox\/suradnici-na-projektu\/","title":{"rendered":"Istra\u017eiva\u010dki tim"},"content":{"rendered":"\n<div class=\"wp-block-group has-large-font-size is-vertical is-layout-flex wp-container-core-group-is-layout-8cf370e7 wp-block-group-is-layout-flex\" style=\"border-style:none;border-width:0px;border-radius:0px\">\n<h1 class=\"wp-block-heading has-text-align-left\" style=\"font-size:1.3rem\"><strong>Procjena u\u010dinkovitosti i toksi\u010dnosti biolo\u0161ki aktivnih tvari \u2013 BioMolTox<\/strong><\/h1>\n\n\n\n<p class=\"has-text-align-left\" style=\"font-size:1.1rem\"><strong>Voditeljica projekta<\/strong>: dr. sc. <a href=\"https:\/\/www.croris.hr\/osobe\/profil\/30325\" data-type=\"link\" data-id=\"https:\/\/www.croris.hr\/osobe\/profil\/30325\" target=\"_blank\" rel=\"noreferrer noopener\">Nikolina Ma\u010dek Hrvat<\/a>, vi\u0161i znan. sur.<\/p>\n\n\n\n<div style=\"height:0px\" aria-hidden=\"true\" class=\"wp-block-spacer wp-container-content-62aae154\"><\/div>\n<\/div>\n\n\n\n<div class=\"wp-block-group alignwide has-small-font-size\" style=\"border-style:none;border-width:0px;border-radius:0px;margin-top:0;margin-bottom:0;padding-top:var(--wp--preset--spacing--20);padding-right:var(--wp--preset--spacing--60);padding-bottom:var(--wp--preset--spacing--20);padding-left:var(--wp--preset--spacing--60)\"><div class=\"wp-block-group__inner-container is-layout-constrained wp-container-core-group-is-layout-25a01fb5 wp-block-group-is-layout-constrained\">\n<div class=\"wp-block-columns alignwide has-medium-font-size is-layout-flex wp-container-core-columns-is-layout-cd5bca90 wp-block-columns-is-layout-flex\" style=\"margin-top:0;margin-bottom:0;padding-top:0;padding-right:var(--wp--preset--spacing--10);padding-bottom:0;padding-left:var(--wp--preset--spacing--10)\">\n<div class=\"wp-block-column is-layout-flow wp-block-column-is-layout-flow\">\n<div class=\"wp-block-group is-vertical is-content-justification-center is-nowrap is-layout-flex wp-container-core-group-is-layout-d7ec9006 wp-block-group-is-layout-flex\">\n<figure class=\"wp-block-image size-full is-resized\"><img decoding=\"async\" width=\"81\" height=\"72\" src=\"https:\/\/projekti.imi.hr\/biomoltox\/wp-content\/uploads\/sites\/5\/2024\/03\/Biokemija.jpg\" alt=\"\" class=\"wp-image-111\" style=\"width:113px;height:auto\" \/><\/figure>\n\n\n\n<div style=\"margin-top:0;margin-bottom:0;height:0px\" aria-hidden=\"true\" class=\"wp-block-spacer wp-container-content-9760934e\"><\/div>\n\n\n\n<div style=\"height:0px\" aria-hidden=\"true\" class=\"wp-block-spacer wp-container-content-cf2db169\"><\/div>\n\n\n\n<p class=\"has-text-align-center\"><strong>Radni paket 1<em> <\/em><\/strong><\/p>\n<\/div>\n\n\n\n<p class=\"has-text-align-center\" style=\"font-size:18px\"><a href=\"https:\/\/www.croris.hr\/osobe\/profil\/1318\" data-type=\"link\" data-id=\"https:\/\/www.croris.hr\/osobe\/profil\/1318\" target=\"_blank\" rel=\"noreferrer noopener\">Maja Katalini\u0107<\/a> (koordinatorica)<\/p>\n\n\n\n<p class=\"has-text-align-center\" style=\"font-size:18px\"><a href=\"https:\/\/www.croris.hr\/osobe\/profil\/5247\" data-type=\"link\" data-id=\"https:\/\/www.croris.hr\/osobe\/profil\/5247\" target=\"_blank\" rel=\"noreferrer noopener\">Zrinka Kovarik<\/a><br><a href=\"https:\/\/www.croris.hr\/osobe\/profil\/4322\" data-type=\"link\" data-id=\"https:\/\/www.croris.hr\/osobe\/profil\/4322\" target=\"_blank\" rel=\"noreferrer noopener\">Goran \u0160inko<br><\/a><a href=\"https:\/\/www.croris.hr\/osobe\/profil\/3072\" data-type=\"link\" data-id=\"https:\/\/www.croris.hr\/osobe\/profil\/3072\" target=\"_blank\" rel=\"noreferrer noopener\">Anita Bosak<br><\/a><a href=\"https:\/\/www.croris.hr\/osobe\/profil\/30325\" data-type=\"link\" data-id=\"https:\/\/www.croris.hr\/osobe\/profil\/30325\" target=\"_blank\" rel=\"noreferrer noopener\">Nikolina Ma\u010dek Hrvat<br><\/a><a href=\"https:\/\/www.croris.hr\/osobe\/profil\/30575\" data-type=\"link\" data-id=\"https:\/\/www.croris.hr\/osobe\/profil\/30575\" target=\"_blank\" rel=\"noreferrer noopener\">Nikola Marakovi\u0107<br><\/a><a href=\"https:\/\/www.croris.hr\/osobe\/profil\/33450\" data-type=\"link\" data-id=\"https:\/\/www.croris.hr\/osobe\/profil\/33450\" target=\"_blank\" rel=\"noreferrer noopener\">Antonio Zandona<br><\/a><a href=\"https:\/\/www.croris.hr\/osobe\/profil\/35038\" data-type=\"link\" data-id=\"https:\/\/www.croris.hr\/osobe\/profil\/35038\" target=\"_blank\" rel=\"noreferrer noopener\">Tena \u010cade\u017e<br><\/a><a href=\"https:\/\/www.croris.hr\/osobe\/profil\/35037\" data-type=\"link\" data-id=\"https:\/\/www.croris.hr\/osobe\/profil\/35037\" target=\"_blank\" rel=\"noreferrer noopener\">Ana Mato\u0161evi\u0107<br><\/a><a href=\"https:\/\/www.croris.hr\/osobe\/profil\/36221\" data-type=\"link\" data-id=\"https:\/\/www.croris.hr\/osobe\/profil\/36221\" target=\"_blank\" rel=\"noreferrer noopener\">Dora Koli\u0107<br><\/a><a href=\"https:\/\/www.croris.hr\/osobe\/profil\/40190\" data-type=\"link\" data-id=\"https:\/\/www.croris.hr\/osobe\/profil\/40190\" target=\"_blank\" rel=\"noreferrer noopener\">Marija Bartoli\u0107<\/a> <br><a href=\"https:\/\/www.croris.hr\/osobe\/profil\/47936\" data-type=\"link\" data-id=\"https:\/\/www.croris.hr\/osobe\/profil\/47936\" target=\"_blank\" rel=\"noreferrer noopener\">Lucija Marceli\u0107<\/a><br><a href=\"https:\/\/www.croris.hr\/osobe\/profil\/50902\" data-type=\"link\" data-id=\"https:\/\/www.croris.hr\/osobe\/profil\/50902\" target=\"_blank\" rel=\"noreferrer noopener\">Petra Tuksar<br><\/a><a href=\"https:\/\/www.croris.hr\/osobe\/profil\/34867\" data-type=\"link\" data-id=\"https:\/\/www.croris.hr\/osobe\/profil\/34867\" target=\"_blank\" rel=\"noreferrer noopener\">Matea Kurtovi\u0107 Kod\u017eoman<\/a><br><a href=\"https:\/\/www.croris.hr\/osobe\/profil\/51185\" data-type=\"link\" data-id=\"https:\/\/www.croris.hr\/osobe\/profil\/51185\" target=\"_blank\" rel=\"noreferrer noopener\">Katja Vukovi\u0107<br><\/a><a href=\"https:\/\/www.croris.hr\/osobe\/profil\/51176\" data-type=\"link\" data-id=\"https:\/\/www.croris.hr\/osobe\/profil\/51176\" target=\"_blank\" rel=\"noreferrer noopener\">Petar Naki\u0107<br><\/a><a href=\"https:\/\/www.croris.hr\/osobe\/profil\/34867\" data-type=\"link\" data-id=\"https:\/\/www.croris.hr\/osobe\/profil\/34867\" target=\"_blank\" rel=\"noreferrer noopener\"><br><\/a>\u017deljka Pun\u010dec<br><br><strong>ALUMNI<\/strong><br><a href=\"https:\/\/www.croris.hr\/osobe\/profil\/5058\" data-type=\"link\" data-id=\"https:\/\/www.croris.hr\/osobe\/profil\/5058\" target=\"_blank\" rel=\"noreferrer noopener\">Davor \u017delje\u017ei\u0107<\/a> \u271f<br><a href=\"https:\/\/www.croris.hr\/osobe\/profil\/36356\" data-type=\"link\" data-id=\"https:\/\/www.croris.hr\/osobe\/profil\/36356\" target=\"_blank\" rel=\"noreferrer noopener\">Ana-Marija Luli\u0107<\/a><\/p>\n<\/div>\n\n\n\n<div class=\"wp-block-column is-layout-flow wp-block-column-is-layout-flow\">\n<div class=\"wp-block-group is-vertical is-content-justification-center is-nowrap is-layout-flex wp-container-core-group-is-layout-d7ec9006 wp-block-group-is-layout-flex\">\n<figure class=\"wp-block-image size-full is-resized\"><img decoding=\"async\" width=\"73\" height=\"72\" src=\"https:\/\/projekti.imi.hr\/biomoltox\/wp-content\/uploads\/sites\/5\/2024\/03\/Toksikologija.jpg\" alt=\"\" class=\"wp-image-116\" style=\"width:100px;height:auto\" \/><\/figure>\n\n\n\n<div style=\"margin-top:0;margin-bottom:0;height:0px\" aria-hidden=\"true\" class=\"wp-block-spacer wp-container-content-9760934e\"><\/div>\n\n\n\n<div style=\"height:0px\" aria-hidden=\"true\" class=\"wp-block-spacer wp-container-content-cf2db169\"><\/div>\n\n\n\n<p class=\"has-text-align-center\"><strong>Radni paket 2<em> <\/em><\/strong><\/p>\n<\/div>\n\n\n\n<p class=\"has-text-align-center\" style=\"font-size:18px\"><a href=\"https:\/\/www.croris.hr\/osobe\/profil\/633\" data-type=\"link\" data-id=\"https:\/\/www.croris.hr\/osobe\/profil\/633\" target=\"_blank\" rel=\"noreferrer noopener\">Suzana \u017dunec<\/a> (koordinatorica)<\/p>\n\n\n\n<p class=\"has-text-align-center\" style=\"font-size:18px\"><a href=\"https:\/\/www.croris.hr\/osobe\/profil\/7310\" data-type=\"link\" data-id=\"https:\/\/www.croris.hr\/osobe\/profil\/7310\" target=\"_blank\" rel=\"noreferrer noopener\">Ana Luci\u0107 Vrdoljak<\/a><br><a href=\"https:\/\/www.croris.hr\/osobe\/profil\/3312\" data-type=\"link\" data-id=\"https:\/\/www.croris.hr\/osobe\/profil\/3312\" target=\"_blank\" rel=\"noreferrer noopener\">Irena Br\u010di\u0107 Kara\u010donji<br><\/a><a href=\"https:\/\/www.croris.hr\/osobe\/profil\/16514\" data-type=\"link\" data-id=\"https:\/\/www.croris.hr\/osobe\/profil\/16514\" target=\"_blank\" rel=\"noreferrer noopener\">Ivana Novak Jovanovi\u0107<br><\/a><a href=\"https:\/\/www.croris.hr\/osobe\/profil\/28391\" data-type=\"link\" data-id=\"https:\/\/www.croris.hr\/osobe\/profil\/28391\" target=\"_blank\" rel=\"noreferrer noopener\">Anja Kati\u0107<br><\/a><a href=\"https:\/\/www.croris.hr\/osobe\/profil\/28099\" data-type=\"link\" data-id=\"https:\/\/www.croris.hr\/osobe\/profil\/28099\" target=\"_blank\" rel=\"noreferrer noopener\">Dubravka Ra\u0161i\u0107<br><\/a><a href=\"https:\/\/www.croris.hr\/osobe\/profil\/29617\" data-type=\"link\" data-id=\"https:\/\/www.croris.hr\/osobe\/profil\/29617\" target=\"_blank\" rel=\"noreferrer noopener\">Blanka Tariba Lovakovi\u0107<br><\/a><a href=\"https:\/\/www.croris.hr\/osobe\/profil\/33511\" data-type=\"link\" data-id=\"https:\/\/www.croris.hr\/osobe\/profil\/33511\" target=\"_blank\" rel=\"noreferrer noopener\">Andreja Juri\u010d<\/a><br><a href=\"https:\/\/www.croris.hr\/osobe\/profil\/51102\" data-type=\"link\" data-id=\"https:\/\/www.croris.hr\/osobe\/profil\/51102\" target=\"_blank\" rel=\"noreferrer noopener\">Lucija Kutle\u0161a<\/a><br><a href=\"https:\/\/www.croris.hr\/osobe\/profil\/51102\" data-type=\"link\" data-id=\"https:\/\/www.croris.hr\/osobe\/profil\/51102\"><br><\/a>Jasna Milekovi\u0107<br>Lea Stan\u010din<\/p>\n<\/div>\n\n\n\n<div class=\"wp-block-column is-layout-flow wp-block-column-is-layout-flow\">\n<div class=\"wp-block-group is-vertical is-content-justification-center is-nowrap is-layout-flex wp-container-core-group-is-layout-d7ec9006 wp-block-group-is-layout-flex\">\n<figure class=\"wp-block-image size-full is-resized\"><img decoding=\"async\" width=\"74\" height=\"74\" src=\"https:\/\/projekti.imi.hr\/biomoltox\/wp-content\/uploads\/sites\/5\/2024\/03\/Analiticka-toksikologija-i-mineralni-metabolizam.jpg\" alt=\"\" class=\"wp-image-119\" style=\"width:97px;height:auto\" \/><\/figure>\n\n\n\n<div style=\"margin-top:0;margin-bottom:0;height:0px\" aria-hidden=\"true\" class=\"wp-block-spacer wp-container-content-9760934e\"><\/div>\n\n\n\n<div style=\"height:0px\" aria-hidden=\"true\" class=\"wp-block-spacer wp-container-content-cf2db169\"><\/div>\n\n\n\n<p class=\"has-text-align-center\"><strong>Radni paket 3<em> <\/em><\/strong><\/p>\n<\/div>\n\n\n\n<p class=\"has-text-align-center\" style=\"font-size:18px\"><a href=\"https:\/\/www.croris.hr\/osobe\/profil\/20202\" data-type=\"link\" data-id=\"https:\/\/www.croris.hr\/osobe\/profil\/20202\" target=\"_blank\" rel=\"noreferrer noopener\">Ivana Vinkovi\u0107 Vr\u010dek <\/a>(koordinatorica)<\/p>\n\n\n\n<p class=\"has-text-align-center\" style=\"font-size:18px\"><a href=\"https:\/\/www.croris.hr\/osobe\/profil\/37182\" data-type=\"link\" data-id=\"https:\/\/www.croris.hr\/osobe\/profil\/37182\" target=\"_blank\" rel=\"noreferrer noopener\">Nikolina Kal\u010dec<br><\/a><a href=\"https:\/\/www.croris.hr\/osobe\/profil\/35364\" data-type=\"link\" data-id=\"https:\/\/www.croris.hr\/osobe\/profil\/35364\" target=\"_blank\" rel=\"noreferrer noopener\">Ivona Capjak<br><\/a><a href=\"https:\/\/www.croris.hr\/osobe\/profil\/36357\" data-type=\"link\" data-id=\"https:\/\/www.croris.hr\/osobe\/profil\/36357\" target=\"_blank\" rel=\"noreferrer noopener\">Lucija Bo\u017ei\u010devi\u0107<br><\/a><a href=\"https:\/\/www.croris.hr\/osobe\/profil\/37705\" data-type=\"link\" data-id=\"https:\/\/www.croris.hr\/osobe\/profil\/37705\" target=\"_blank\" rel=\"noreferrer noopener\">Nikolina Perani\u0107<br><\/a><a href=\"https:\/\/www.croris.hr\/osobe\/profil\/45697\" data-type=\"link\" data-id=\"https:\/\/www.croris.hr\/osobe\/profil\/45697\" target=\"_blank\" rel=\"noreferrer noopener\">Anamaria Gojanovi\u0107 Raji\u0107<\/a><br><a href=\"https:\/\/www.croris.hr\/osobe\/profil\/47892\" data-type=\"link\" data-id=\"https:\/\/www.croris.hr\/osobe\/profil\/47892\" target=\"_blank\" rel=\"noreferrer noopener\">Mateo Celini\u0107<\/a><br>Danijela Benkovi\u0107<br><br><strong>ALUMNI<\/strong><br><a href=\"https:\/\/www.croris.hr\/osobe\/profil\/15990\" data-type=\"link\" data-id=\"https:\/\/www.croris.hr\/osobe\/profil\/15990\" target=\"_blank\" rel=\"noreferrer noopener\">Mariastefania Antica<\/a><a href=\"https:\/\/www.croris.hr\/osobe\/profil\/45697\" data-type=\"link\" data-id=\"https:\/\/www.croris.hr\/osobe\/profil\/45697\" target=\"_blank\" rel=\"noreferrer noopener\"><br><\/a><\/p>\n<\/div>\n\n\n\n<div class=\"wp-block-column is-layout-flow wp-block-column-is-layout-flow\">\n<div class=\"wp-block-group is-vertical is-content-justification-center is-nowrap is-layout-flex wp-container-core-group-is-layout-d7ec9006 wp-block-group-is-layout-flex\">\n<figure class=\"wp-block-image size-full is-resized\"><img loading=\"lazy\" decoding=\"async\" width=\"75\" height=\"75\" src=\"https:\/\/projekti.imi.hr\/biomoltox\/wp-content\/uploads\/sites\/5\/2024\/03\/Molekulska-toksikologija.jpg\" alt=\"\" class=\"wp-image-124\" style=\"width:97px;height:auto\" \/><\/figure>\n\n\n\n<div style=\"margin-top:0;margin-bottom:0;height:0px\" aria-hidden=\"true\" class=\"wp-block-spacer wp-container-content-9760934e\"><\/div>\n\n\n\n<div style=\"height:0px\" aria-hidden=\"true\" class=\"wp-block-spacer wp-container-content-cf2db169\"><\/div>\n\n\n\n<p class=\"has-text-align-center\"><strong>Radni paket 4<em> <\/em><\/strong><\/p>\n<\/div>\n\n\n\n<p class=\"has-text-align-center\" style=\"font-size:18px\"><a href=\"https:\/\/www.croris.hr\/osobe\/profil\/5512\" data-type=\"link\" data-id=\"https:\/\/www.croris.hr\/osobe\/profil\/5512\" target=\"_blank\" rel=\"noreferrer noopener\">Davorka Breljak<\/a> (koordinatorica)<\/p>\n\n\n\n<p class=\"has-text-align-center\" style=\"font-size:18px\"><a href=\"https:\/\/www.croris.hr\/osobe\/profil\/3440\" data-type=\"link\" data-id=\"https:\/\/www.croris.hr\/osobe\/profil\/3440\" target=\"_blank\" rel=\"noreferrer noopener\">Marija Ljubojevi\u0107<\/a><a href=\"https:\/\/www.croris.hr\/osobe\/profil\/5247\" data-type=\"link\" data-id=\"https:\/\/www.croris.hr\/osobe\/profil\/5247\"><br><\/a><a href=\"https:\/\/www.croris.hr\/osobe\/profil\/30326\" data-type=\"link\" data-id=\"https:\/\/www.croris.hr\/osobe\/profil\/30326\" target=\"_blank\" rel=\"noreferrer noopener\">Ivana Vrhovac Maduni\u0107<\/a><br><a href=\"https:\/\/www.croris.hr\/osobe\/profil\/29352\" data-type=\"link\" data-id=\"https:\/\/www.croris.hr\/osobe\/profil\/29352\" target=\"_blank\" rel=\"noreferrer noopener\">Josip Maduni\u0107<\/a><br><a href=\"https:\/\/www.croris.hr\/osobe\/profil\/46985\" data-type=\"link\" data-id=\"https:\/\/www.croris.hr\/osobe\/profil\/46985\" target=\"_blank\" rel=\"noreferrer noopener\">Vedran Micek<\/a><br><a href=\"https:\/\/www.croris.hr\/osobe\/profil\/33590\" data-type=\"link\" data-id=\"https:\/\/www.croris.hr\/osobe\/profil\/33590\" target=\"_blank\" rel=\"noreferrer noopener\">Jelena Dragojevi\u0107<\/a><br><a href=\"https:\/\/www.croris.hr\/osobe\/profil\/33590\" data-type=\"link\" data-id=\"https:\/\/www.croris.hr\/osobe\/profil\/33590\" target=\"_blank\" rel=\"noreferrer noopener\"><br><\/a>Ljiljana Babi\u0107<\/p>\n<\/div>\n\n\n\n<div class=\"wp-block-column is-layout-flow wp-block-column-is-layout-flow\">\n<div class=\"wp-block-group is-vertical is-content-justification-center is-nowrap is-layout-flex wp-container-core-group-is-layout-d7ec9006 wp-block-group-is-layout-flex\">\n<figure class=\"wp-block-image size-full is-resized\"><img loading=\"lazy\" decoding=\"async\" width=\"76\" height=\"75\" src=\"https:\/\/projekti.imi.hr\/biomoltox\/wp-content\/uploads\/sites\/5\/2024\/03\/Mutageneza-1.jpg\" alt=\"\" class=\"wp-image-128\" style=\"width:96px;height:auto\" \/><\/figure>\n\n\n\n<div style=\"margin-top:0;margin-bottom:0;height:0px\" aria-hidden=\"true\" class=\"wp-block-spacer wp-container-content-9760934e\"><\/div>\n\n\n\n<div style=\"height:0px\" aria-hidden=\"true\" class=\"wp-block-spacer wp-container-content-cf2db169\"><\/div>\n\n\n\n<p class=\"has-text-align-center\"><strong>Radni paket 5<em> <\/em><\/strong><\/p>\n<\/div>\n\n\n\n<p class=\"has-text-align-center\" style=\"font-size:18px\"><a href=\"https:\/\/www.croris.hr\/osobe\/profil\/26562\" data-type=\"link\" data-id=\"https:\/\/www.croris.hr\/osobe\/profil\/26562\" target=\"_blank\" rel=\"noreferrer noopener\">Mirta Mili\u0107<\/a> (koordinatorica)<\/p>\n\n\n\n<p class=\"has-text-align-center\" style=\"font-size:18px\"><a href=\"https:\/\/www.croris.hr\/osobe\/profil\/8016\" data-type=\"link\" data-id=\"https:\/\/www.croris.hr\/osobe\/profil\/8016\" target=\"_blank\" rel=\"noreferrer noopener\">Nevenka Kopjar<br><\/a><a href=\"https:\/\/www.croris.hr\/osobe\/profil\/27796\" data-type=\"link\" data-id=\"https:\/\/www.croris.hr\/osobe\/profil\/27796\" target=\"_blank\" rel=\"noreferrer noopener\">Goran Gajski<br><\/a><a href=\"https:\/\/www.croris.hr\/osobe\/profil\/30323\" data-type=\"link\" data-id=\"https:\/\/www.croris.hr\/osobe\/profil\/30323\" target=\"_blank\" rel=\"noreferrer noopener\">Marko Geri\u0107<\/a><br><a href=\"https:\/\/www.croris.hr\/osobe\/profil\/33600\" data-type=\"link\" data-id=\"https:\/\/www.croris.hr\/osobe\/profil\/33600\" target=\"_blank\" rel=\"noreferrer noopener\">Lucia Nani\u0107<br><\/a><a href=\"https:\/\/www.croris.hr\/osobe\/profil\/40297\" data-type=\"link\" data-id=\"https:\/\/www.croris.hr\/osobe\/profil\/40297\" target=\"_blank\" rel=\"noreferrer noopener\">Katarina Matkovi\u0107<br><\/a><a href=\"https:\/\/www.croris.hr\/osobe\/profil\/44711\" data-type=\"link\" data-id=\"https:\/\/www.croris.hr\/osobe\/profil\/44711\" target=\"_blank\" rel=\"noreferrer noopener\">Luka Kazensky<\/a><br><a href=\"https:\/\/www.croris.hr\/osobe\/profil\/50774\" data-type=\"link\" data-id=\"https:\/\/www.croris.hr\/osobe\/profil\/50774\" target=\"_blank\" rel=\"noreferrer noopener\">Bruno Beki\u0107<\/a><br><a href=\"https:\/\/www.croris.hr\/osobe\/profil\/44711\" data-type=\"link\" data-id=\"https:\/\/www.croris.hr\/osobe\/profil\/44711\" target=\"_blank\" rel=\"noreferrer noopener\"><br><\/a>Maja Nikoli\u0107<br>Maja Me\u0161trovi\u0107<br><br><strong>ALUMNI<\/strong><br><a href=\"https:\/\/www.croris.hr\/osobe\/profil\/15990\" data-type=\"link\" data-id=\"https:\/\/www.croris.hr\/osobe\/profil\/15990\" target=\"_blank\" rel=\"noreferrer noopener\">Davor \u017delje\u017ei\u0107<\/a> \u271f<br><a href=\"https:\/\/www.croris.hr\/osobe\/profil\/13950\" data-type=\"link\" data-id=\"https:\/\/www.croris.hr\/osobe\/profil\/13950\" target=\"_blank\" rel=\"noreferrer noopener\">Vilena Ka\u0161uba<\/a><br><\/p>\n<\/div>\n<\/div>\n<\/div><\/div>\n\n\n\n<p style=\"font-size:20px\"><strong>Vanjski suradnici:<\/strong><\/p>\n\n\n\n<p class=\"has-medium-font-size\"><strong>RP1<\/strong><br>Ines Primo\u017ei\u010d, Prirodoslovno &#8211; matemati\u010dki fakultet Sveu\u010dili\u0161ta u Zagrebu, Kemijski odsjek<br>Kristina Mlinac Jerkovi\u0107, Medicinski fakultet Sveu\u010dili\u0161ta u Zagrebu<br>Borna Puljko, Medicinski fakultet Sveu\u010dili\u0161ta u Zagrebu<\/p>\n\n\n\n<p style=\"font-size:20px\"><strong>RP2<\/strong><br>Ksenija Durgo, Prehrambeno &#8211; biotehnolo\u0161ki fakultet Sveu\u010dili\u0161ta u Zagrebu<br>Ana Hu\u0111ek Turkovi\u0107, Prehrambeno &#8211; biotehnolo\u0161ki fakultet Sveu\u010dili\u0161ta u Zagrebu<br>Ana Katu\u0161i\u0107 Bojanac, Medicinski fakultet Sveu\u010dili\u0161ta u Zagrebu<br>Predrag Putnik, Sveu\u010dili\u0161te Sjever<\/p>\n\n\n\n<p style=\"font-size:20px\"><strong>RP4<\/strong><br>Mladen Tzvetkov, Department of General Pharmacology, Greifswald University, Njema\u010dka<br>Tvrtko Smital, Institut Ru\u0111er Bo\u0161kovi\u0107, Zagreb<br>Bojana \u017degura, Department of Genetic Toxicology and Cancer Biology, National Institute of Biology, Ljubljana, Slovenija<br>Marko Mo\u010dibob, Prirodoslovno &#8211; matemati\u010dki fakultet Sveu\u010dili\u0161ta u Zagrebu, Kemijski odsjek<\/p>\n\n\n\n<p style=\"font-size:20px\"><strong>RP5<\/strong><br>Martina Matovinovi\u0107, Zavod za endokrinologiju, KBC Zagreb<br>Antonija Tadin, Medicinski fakultet Sveu\u010dili\u0161ta u Zagrebu<br>Nada Gali\u0107, Stomatolo\u0161ki fakultet Sveu\u010dili\u0161ta u Zagrebu<\/p>\n\n\n\n<p><\/p>\n","protected":false},"excerpt":{"rendered":"<p>Procjena u\u010dinkovitosti i toksi\u010dnosti biolo\u0161ki aktivnih tvari \u2013 BioMolTox Voditeljica projekta: dr. sc. Nikolina Ma\u010dek Hrvat, vi\u0161i znan. sur. Radni paket 1 Maja Katalini\u0107 (koordinatorica) Zrinka KovarikGoran \u0160inkoAnita BosakNikolina Ma\u010dek HrvatNikola Marakovi\u0107Antonio ZandonaTena \u010cade\u017eAna Mato\u0161evi\u0107Dora Koli\u0107Marija Bartoli\u0107 Lucija Marceli\u0107Petra TuksarMatea Kurtovi\u0107 Kod\u017eomanKatja Vukovi\u0107Petar Naki\u0107\u017deljka Pun\u010dec ALUMNIDavor \u017delje\u017ei\u0107 \u271fAna-Marija Luli\u0107 Radni paket 2 Suzana \u017dunec (koordinatorica) &hellip;<br \/><a href=\"https:\/\/projekti.imi.hr\/biomoltox\/suradnici-na-projektu\/\" class=\"more-link pen_button pen_element_default pen_icon_arrow_double\">Continue reading <span class=\"screen-reader-text\">Istra\u017eiva\u010dki tim<\/span><\/a><\/p>\n","protected":false},"author":12,"featured_media":0,"parent":0,"menu_order":0,"comment_status":"closed","ping_status":"closed","template":"","meta":{"_acf_changed":false,"footnotes":""},"class_list":["post-83","page","type-page","status-publish","hentry"],"acf":[],"_links":{"self":[{"href":"https:\/\/projekti.imi.hr\/biomoltox\/wp-json\/wp\/v2\/pages\/83","targetHints":{"allow":["GET"]}}],"collection":[{"href":"https:\/\/projekti.imi.hr\/biomoltox\/wp-json\/wp\/v2\/pages"}],"about":[{"href":"https:\/\/projekti.imi.hr\/biomoltox\/wp-json\/wp\/v2\/types\/page"}],"author":[{"embeddable":true,"href":"https:\/\/projekti.imi.hr\/biomoltox\/wp-json\/wp\/v2\/users\/12"}],"replies":[{"embeddable":true,"href":"https:\/\/projekti.imi.hr\/biomoltox\/wp-json\/wp\/v2\/comments?post=83"}],"version-history":[{"count":69,"href":"https:\/\/projekti.imi.hr\/biomoltox\/wp-json\/wp\/v2\/pages\/83\/revisions"}],"predecessor-version":[{"id":883,"href":"https:\/\/projekti.imi.hr\/biomoltox\/wp-json\/wp\/v2\/pages\/83\/revisions\/883"}],"wp:attachment":[{"href":"https:\/\/projekti.imi.hr\/biomoltox\/wp-json\/wp\/v2\/media?parent=83"}],"curies":[{"name":"wp","href":"https:\/\/api.w.org\/{rel}","templated":true}]}}