{"id":354,"date":"2024-06-22T18:01:15","date_gmt":"2024-06-22T18:01:15","guid":{"rendered":"https:\/\/projekti.imi.hr\/biomoltox\/?page_id=354"},"modified":"2024-07-12T12:23:16","modified_gmt":"2024-07-12T12:23:16","slug":"naslovna","status":"publish","type":"page","link":"https:\/\/projekti.imi.hr\/biomoltox\/","title":{"rendered":"Naslovna"},"content":{"rendered":"<div id=\"metaslider-id-504\" style=\"width: 100%;\" class=\"ml-slider-3-107-0 metaslider metaslider-flex metaslider-504 ml-slider ms-theme-default nav-hidden\" role=\"region\" aria-label=\"HR_Naslovnica\" data-height=\"500\" data-width=\"1000\">\n    <div id=\"metaslider_container_504\">\n        <div id=\"metaslider_504\">\n            <ul class='slides'>\n                <li style=\"display: block; width: 100%;\" class=\"slide-506 ms-image \" aria-roledescription=\"slide\" data-date=\"2024-07-12 12:22:24\" data-filename=\"predlozak-1000x500-1.jpg\" data-slide-type=\"image\"><img fetchpriority=\"high\" decoding=\"async\" src=\"https:\/\/projekti.imi.hr\/biomoltox\/wp-content\/uploads\/sites\/5\/2024\/07\/predlozak-1000x500-1.jpg\" height=\"500\" width=\"1000\" alt=\"\" class=\"slider-504 slide-506 msDefaultImage\" title=\"predlozak-1000x500\" \/><\/li>\n                <li style=\"display: none; width: 100%;\" class=\"slide-515 ms-image \" aria-roledescription=\"slide\" data-date=\"2024-07-15 13:55:20\" data-filename=\"cropped-cropped-znak-pozitiv-300x150-4-362x181.png\" data-slide-type=\"image\"><img decoding=\"async\" src=\"https:\/\/projekti.imi.hr\/biomoltox\/wp-content\/uploads\/sites\/5\/2024\/07\/cropped-cropped-znak-pozitiv-300x150-4-362x181.png\" height=\"500\" width=\"1000\" alt=\"\" class=\"slider-504 slide-515 msDefaultImage\" title=\"cropped-cropped-znak-pozitiv-300x150-4.png\" \/><\/li>\n                <li style=\"display: none; width: 100%;\" class=\"slide-698 ms-image \" aria-roledescription=\"slide\" data-date=\"2025-03-31 16:39:21\" data-filename=\"1-640x320.jpg\" data-slide-type=\"image\"><img decoding=\"async\" src=\"https:\/\/projekti.imi.hr\/biomoltox\/wp-content\/uploads\/sites\/5\/2024\/05\/1-640x320.jpg\" height=\"500\" width=\"1000\" alt=\"\" class=\"slider-504 slide-698 msDefaultImage\" title=\"1\" \/><\/li>\n                <li style=\"display: none; width: 100%;\" class=\"slide-699 ms-image \" aria-roledescription=\"slide\" data-date=\"2025-03-31 16:39:33\" data-filename=\"biof2048-fig-0002-m-1000x500.jpg\" data-slide-type=\"image\"><img loading=\"lazy\" decoding=\"async\" src=\"https:\/\/projekti.imi.hr\/biomoltox\/wp-content\/uploads\/sites\/5\/2024\/03\/biof2048-fig-0002-m-1000x500.jpg\" height=\"500\" width=\"1000\" alt=\"\" class=\"slider-504 slide-699 msDefaultImage\" title=\"biof2048-fig-0002-m\" \/><\/li>\n            <\/ul>\n        <\/div>\n        \n    <\/div>\n<\/div>\n\n\n\n<h2 class=\"wp-block-heading has-text-align-center\"><strong>Procjena u\u010dinkovitosti i toksi\u010dnosti biolo\u0161ki aktivnih tvari<\/strong><\/h2>\n\n\n\n<p class=\"has-text-align-center\">Glavni cilj projekta je sveobuhvatnom analizom u\u010dinaka biolo\u0161ki aktivnih tvari prirodnog i\/ili sintetskog porijekla odrediti mehanizam djelovanja i biolo\u0161ke mete te procijeniti rizike \u0161tetnosti djelovanja tih tvari na organizam.<\/p>\n\n\n\n<div class=\"wp-block-buttons alignwide is-content-justification-center is-layout-flex wp-container-core-buttons-is-layout-5590e8cb wp-block-buttons-is-layout-flex\">\n<div class=\"wp-block-button\"><a class=\"wp-block-button__link has-white-color has-vivid-green-cyan-background-color has-text-color has-background has-link-color has-text-align-center wp-element-button\" href=\"https:\/\/projekti.imi.hr\/biomoltox\/o-projektu\/\" style=\"border-radius:9px\">O PROJEKTU<\/a><\/div>\n<\/div>\n\n\n<div class=\"wp-block-image\">\n<figure class=\"aligncenter size-full is-resized\"><img loading=\"lazy\" decoding=\"async\" width=\"1293\" height=\"863\" src=\"https:\/\/projekti.imi.hr\/biomoltox\/wp-content\/uploads\/sites\/5\/2024\/03\/IMROH-1.jpg\" alt=\"\" class=\"wp-image-141\" style=\"width:954px;height:auto\" srcset=\"https:\/\/projekti.imi.hr\/biomoltox\/wp-content\/uploads\/sites\/5\/2024\/03\/IMROH-1.jpg 1293w, https:\/\/projekti.imi.hr\/biomoltox\/wp-content\/uploads\/sites\/5\/2024\/03\/IMROH-1-300x200.jpg 300w, https:\/\/projekti.imi.hr\/biomoltox\/wp-content\/uploads\/sites\/5\/2024\/03\/IMROH-1-1024x683.jpg 1024w, https:\/\/projekti.imi.hr\/biomoltox\/wp-content\/uploads\/sites\/5\/2024\/03\/IMROH-1-768x513.jpg 768w\" sizes=\"(max-width: 1293px) 100vw, 1293px\" \/><\/figure>\n<\/div>\n\n\n<div style=\"height:25px\" aria-hidden=\"true\" class=\"wp-block-spacer\"><\/div>\n\n\n\n<h2 class=\"wp-block-heading has-text-align-center has-large-font-size\">NOVOSTI <\/h2>\n\n\n\n<div class=\"wp-block-query is-layout-flow wp-block-query-is-layout-flow\"><ul class=\"columns-3 wp-block-post-template is-layout-grid wp-container-core-post-template-is-layout-2fc57c17 wp-block-post-template-is-layout-grid\"><li class=\"wp-block-post post-858 post type-post status-publish format-standard hentry category-news-hr\">\n\n<div class=\"wp-block-group\" style=\"padding-top:30px;padding-right:30px;padding-bottom:30px;padding-left:30px\"><div class=\"wp-block-group__inner-container is-layout-flow wp-block-group-is-layout-flow\"><h2 class=\"has-link-color wp-elements-92d80a79489b18f7beb36d53c3072307 wp-block-post-title has-text-color has-black-color\"><a href=\"https:\/\/projekti.imi.hr\/biomoltox\/2026\/01\/20\/odrzan-dan-biomoltox-projekta\/\" target=\"_self\" >Odr\u017ean Dan BioMolTox projekta<\/a><\/h2>\n\n<div class=\"wp-block-post-excerpt\"><p class=\"wp-block-post-excerpt__excerpt\">Suradnici BioMolTox projekta su 21. studenog 2025. godine u Institutu za medicinska istra\u017eivanja i medicinu rada predstavili dosada\u0161nji istra\u017eiva\u010dki napredak u okviru jednodnevnog radnog sastanka \u2013 Dana BioMolTox projekta. Tijekom pet tematskih sesija suradnici pojedinih radnih paketa odr\u017eali su predavanja&hellip; <\/p><\/div>\n\n<a class=\"wp-block-read-more\" href=\"https:\/\/projekti.imi.hr\/biomoltox\/2026\/01\/20\/odrzan-dan-biomoltox-projekta\/\" target=\"_self\">Read more<span class=\"screen-reader-text\">: Odr\u017ean Dan BioMolTox projekta<\/span><\/a>\n\n<div class=\"wp-block-post-date\"><time datetime=\"2026-01-20T08:05:35+00:00\">January 20, 2026<\/time><\/div><\/div><\/div>\n\n<\/li><li class=\"wp-block-post post-787 post type-post status-publish format-standard hentry category-news-hr\">\n\n<div class=\"wp-block-group\" style=\"padding-top:30px;padding-right:30px;padding-bottom:30px;padding-left:30px\"><div class=\"wp-block-group__inner-container is-layout-flow wp-block-group-is-layout-flow\"><h2 class=\"has-link-color wp-elements-92d80a79489b18f7beb36d53c3072307 wp-block-post-title has-text-color has-black-color\"><a href=\"https:\/\/projekti.imi.hr\/biomoltox\/2025\/09\/12\/%f0%9f%93%a2-call-for-papers-international-journal-of-molecular-sciences-ijms-special-issue-current-research-in-membrane-transporters-channels-and-receptors\/\" target=\"_self\" >\ud83d\udce2 Call for Papers:\u00a0\u00a0International Journal of Molecular Sciences\u00a0 (IJMS) &#8211;\u00a0Special Issue:\u00a0Current Research in Membrane Transporters, Channels, and Receptors\u00a0\ud83e\uddec\u00a0(IF 4.9)<\/a><\/h2>\n\n<div class=\"wp-block-post-excerpt\"><p class=\"wp-block-post-excerpt__excerpt\">Website Link:&nbsp;https:\/\/www.mdpi.com\/journal\/ijms\/special_issues\/S4S2384S0G Submit original research or reviews by&nbsp;30 November 2025 Guest Editor: Dr. Ivana Vrhovac Madunic Contribute your work and join this dynamic field! hashtag#MembraneTransporters&nbsp;hashtag#CellMembrane&nbsp;hashtag#TransmembraneProteins&nbsp;hashtag#GlucoseTransport&nbsp;hashtag#IonChannels&nbsp;hashtag#CellularReceptors&nbsp;hashtag#SignalTransductionhashtag#Pathophysiology&nbsp;hashtag#DiabetesResearch&nbsp;hashtag#AgingResearch&nbsp;hashtag#IJMS <\/p><\/div>\n\n<a class=\"wp-block-read-more\" href=\"https:\/\/projekti.imi.hr\/biomoltox\/2025\/09\/12\/%f0%9f%93%a2-call-for-papers-international-journal-of-molecular-sciences-ijms-special-issue-current-research-in-membrane-transporters-channels-and-receptors\/\" target=\"_self\">Read more<span class=\"screen-reader-text\">: \ud83d\udce2 Call for Papers:\u00a0\u00a0International Journal of Molecular Sciences\u00a0 (IJMS) &#8211;\u00a0Special Issue:\u00a0Current Research in Membrane Transporters, Channels, and Receptors\u00a0\ud83e\uddec\u00a0(IF 4.9)<\/span><\/a>\n\n<div class=\"wp-block-post-date\"><time datetime=\"2025-09-12T08:03:06+00:00\">September 12, 2025<\/time><\/div><\/div><\/div>\n\n<\/li><li class=\"wp-block-post post-745 post type-post status-publish format-standard hentry category-news-hr\">\n\n<div class=\"wp-block-group\" style=\"padding-top:30px;padding-right:30px;padding-bottom:30px;padding-left:30px\"><div class=\"wp-block-group__inner-container is-layout-flow wp-block-group-is-layout-flow\"><h2 class=\"has-link-color wp-elements-92d80a79489b18f7beb36d53c3072307 wp-block-post-title has-text-color has-black-color\"><a href=\"https:\/\/projekti.imi.hr\/biomoltox\/2025\/05\/15\/imi-na-festivalu-znanosti-6-svibnja-2025\/\" target=\"_self\" >IMI na Festivalu znanosti \u2013 6. svibnja 2025.<\/a><\/h2>\n\n<div class=\"wp-block-post-excerpt\"><p class=\"wp-block-post-excerpt__excerpt\">U sklopu ovogodi\u0161njeg&nbsp;Festivala znanosti, koji se odr\u017eavao od 5. do 10. svibnja 2025. pod sloganom:&nbsp;\u201eUmre\u017eite se sa znano\u0161\u0107u&#8221;, na temu&nbsp;&#8220;Mre\u017ee&#8221;, znanstvenice IMI-ja sudjelovale su s radionicom&nbsp;\u201eLjudske stanice kao modeli u istra\u017eivanju novih lijekova&#8221;&nbsp;u&nbsp;Tehni\u010dkom muzeju Nikola Tesla&nbsp;u Zagrebu. Dr. sc. Maja&hellip; <\/p><\/div>\n\n<a class=\"wp-block-read-more\" href=\"https:\/\/projekti.imi.hr\/biomoltox\/2025\/05\/15\/imi-na-festivalu-znanosti-6-svibnja-2025\/\" target=\"_self\">Read more<span class=\"screen-reader-text\">: IMI na Festivalu znanosti \u2013 6. svibnja 2025.<\/span><\/a>\n\n<div class=\"wp-block-post-date\"><time datetime=\"2025-05-15T10:38:54+00:00\">May 15, 2025<\/time><\/div><\/div><\/div>\n\n<\/li><li class=\"wp-block-post post-719 post type-post status-publish format-standard hentry category-news-hr\">\n\n<div class=\"wp-block-group\" style=\"padding-top:30px;padding-right:30px;padding-bottom:30px;padding-left:30px\"><div class=\"wp-block-group__inner-container is-layout-flow wp-block-group-is-layout-flow\"><h2 class=\"has-link-color wp-elements-92d80a79489b18f7beb36d53c3072307 wp-block-post-title has-text-color has-black-color\"><a href=\"https:\/\/projekti.imi.hr\/biomoltox\/2025\/04\/08\/dr-zrinka-kovarik-receives-2025-febs-israel-pecht-award\/\" target=\"_self\" >Dr. Zrinka Kovarik dobitnica FEBS Israel Pecht nagrade za 2025. godinu<\/a><\/h2>\n\n<div class=\"wp-block-post-excerpt\"><p class=\"wp-block-post-excerpt__excerpt\">S ponosom objavljujemo da je dr. Zrinka Kovarik, na prijedlog Hrvatskog dru\u0161tva za biokemiju i molekularnu biologiju (HDBMB), dobitnica Israel Pecht nagrade za 2025. godinu koju dodjeljuje Federacija europskih biokemijskih dru\u0161tava (FEBS). Nagrada je ustanovljena 2024. godine povodom 60. obljetnice&hellip; <\/p><\/div>\n\n<a class=\"wp-block-read-more\" href=\"https:\/\/projekti.imi.hr\/biomoltox\/2025\/04\/08\/dr-zrinka-kovarik-receives-2025-febs-israel-pecht-award\/\" target=\"_self\">Read more<span class=\"screen-reader-text\">: Dr. Zrinka Kovarik dobitnica FEBS Israel Pecht nagrade za 2025. godinu<\/span><\/a>\n\n<div class=\"wp-block-post-date\"><time datetime=\"2025-04-08T15:45:35+00:00\">April 8, 2025<\/time><\/div><\/div><\/div>\n\n<\/li><li class=\"wp-block-post post-666 post type-post status-publish format-standard hentry category-news-hr\">\n\n<div class=\"wp-block-group\" style=\"padding-top:30px;padding-right:30px;padding-bottom:30px;padding-left:30px\"><div class=\"wp-block-group__inner-container is-layout-flow wp-block-group-is-layout-flow\"><h2 class=\"has-link-color wp-elements-92d80a79489b18f7beb36d53c3072307 wp-block-post-title has-text-color has-black-color\"><a href=\"https:\/\/projekti.imi.hr\/biomoltox\/2025\/03\/07\/znanstvena-suradnja-s-dvostrukim-nobelovcem-k-barryjem-sharplessom\/\" target=\"_self\" >Znanstvena suradnja s dvostrukim nobelovcem K. Barryjem Sharplessom<\/a><\/h2>\n\n<div class=\"wp-block-post-excerpt\"><p class=\"wp-block-post-excerpt__excerpt\">Djelatnici na\u0161eg Instituta, u suradnji s dvostrukim dobitnikom Nobelove nagrade iz kemije K. Barryjem Sharplessom, objavili su rad u vrhunskom \u010dasopisu Archieves of Toxicology: Click-chemistry-derived oxime library reveals efficient reactivators of nerve agent-inhibited butyrylcholinesterase suitable for pseudo-catalytic bioscavenging Rad je&hellip; <\/p><\/div>\n\n<a class=\"wp-block-read-more\" href=\"https:\/\/projekti.imi.hr\/biomoltox\/2025\/03\/07\/znanstvena-suradnja-s-dvostrukim-nobelovcem-k-barryjem-sharplessom\/\" target=\"_self\">Read more<span class=\"screen-reader-text\">: Znanstvena suradnja s dvostrukim nobelovcem K. Barryjem Sharplessom<\/span><\/a>\n\n<div class=\"wp-block-post-date\"><time datetime=\"2025-03-07T12:20:37+00:00\">March 7, 2025<\/time><\/div><\/div><\/div>\n\n<\/li><li class=\"wp-block-post post-237 post type-post status-publish format-standard has-post-thumbnail hentry category-news-hr\">\n\n<div class=\"wp-block-group\" style=\"padding-top:30px;padding-right:30px;padding-bottom:30px;padding-left:30px\"><div class=\"wp-block-group__inner-container is-layout-flow wp-block-group-is-layout-flow\"><h2 class=\"has-link-color wp-elements-92d80a79489b18f7beb36d53c3072307 wp-block-post-title has-text-color has-black-color\"><a href=\"https:\/\/projekti.imi.hr\/biomoltox\/2024\/05\/02\/u-turskoj-odrzana-konferencija-febs-education-and-training-conference-shaping-the-future-of-molecular-life-sciences-through-education\/\" target=\"_self\" >U Turskoj odr\u017eana konferencija \u201cFEBS &#8211; Education and Training Conference: Shaping the Future of Molecular Life Sciences through Education\u201d<\/a><\/h2>\n\n<div class=\"wp-block-post-excerpt\"><p class=\"wp-block-post-excerpt__excerpt\">FEBS Education and Training Academy po prvi je puta organizirala konferenciju \u201cFEBS &#8211; Education and Training Conference: Shaping the Future of Molecular Life Sciences through Education\u201d u Antalyi, Turska od 20.-23. o\u017eujka 2024. Osim \u0161to je Zrinka Kovarik imala postersko&hellip; <\/p><\/div>\n\n<a class=\"wp-block-read-more\" href=\"https:\/\/projekti.imi.hr\/biomoltox\/2024\/05\/02\/u-turskoj-odrzana-konferencija-febs-education-and-training-conference-shaping-the-future-of-molecular-life-sciences-through-education\/\" target=\"_self\">Read more<span class=\"screen-reader-text\">: U Turskoj odr\u017eana konferencija \u201cFEBS &#8211; Education and Training Conference: Shaping the Future of Molecular Life Sciences through Education\u201d<\/span><\/a>\n\n<div class=\"wp-block-post-date\"><time datetime=\"2024-05-02T08:52:21+00:00\">May 2, 2024<\/time><\/div><\/div><\/div>\n\n<\/li><\/ul><\/div>\n\n\n\n<div class=\"wp-block-query is-layout-flow wp-block-query-is-layout-flow\"><\/div>\n","protected":false},"excerpt":{"rendered":"<p>Procjena u\u010dinkovitosti i toksi\u010dnosti biolo\u0161ki aktivnih tvari Glavni cilj projekta je sveobuhvatnom analizom u\u010dinaka biolo\u0161ki aktivnih tvari prirodnog i\/ili sintetskog porijekla odrediti mehanizam djelovanja i biolo\u0161ke mete te procijeniti rizike \u0161tetnosti djelovanja tih tvari na organizam. NOVOSTI<\/p>\n","protected":false},"author":14,"featured_media":0,"parent":0,"menu_order":0,"comment_status":"closed","ping_status":"closed","template":"","meta":{"_acf_changed":false,"footnotes":""},"class_list":["post-354","page","type-page","status-publish","hentry"],"acf":[],"_links":{"self":[{"href":"https:\/\/projekti.imi.hr\/biomoltox\/wp-json\/wp\/v2\/pages\/354","targetHints":{"allow":["GET"]}}],"collection":[{"href":"https:\/\/projekti.imi.hr\/biomoltox\/wp-json\/wp\/v2\/pages"}],"about":[{"href":"https:\/\/projekti.imi.hr\/biomoltox\/wp-json\/wp\/v2\/types\/page"}],"author":[{"embeddable":true,"href":"https:\/\/projekti.imi.hr\/biomoltox\/wp-json\/wp\/v2\/users\/14"}],"replies":[{"embeddable":true,"href":"https:\/\/projekti.imi.hr\/biomoltox\/wp-json\/wp\/v2\/comments?post=354"}],"version-history":[{"count":20,"href":"https:\/\/projekti.imi.hr\/biomoltox\/wp-json\/wp\/v2\/pages\/354\/revisions"}],"predecessor-version":[{"id":507,"href":"https:\/\/projekti.imi.hr\/biomoltox\/wp-json\/wp\/v2\/pages\/354\/revisions\/507"}],"wp:attachment":[{"href":"https:\/\/projekti.imi.hr\/biomoltox\/wp-json\/wp\/v2\/media?parent=354"}],"curies":[{"name":"wp","href":"https:\/\/api.w.org\/{rel}","templated":true}]}}