{"id":145,"date":"2024-03-01T14:18:22","date_gmt":"2024-03-01T14:18:22","guid":{"rendered":"https:\/\/projekti.imi.hr\/biomoltox\/?page_id=145"},"modified":"2024-07-09T13:40:28","modified_gmt":"2024-07-09T13:40:28","slug":"o-projektu","status":"publish","type":"page","link":"https:\/\/projekti.imi.hr\/biomoltox\/o-projektu\/","title":{"rendered":"O projektu"},"content":{"rendered":"\n<h2 class=\"wp-block-heading\"><strong>Procjena u\u010dinkovitosti i toksi\u010dnosti biolo\u0161ki aktivnih tvari \u2013 BioMolTox<\/strong><\/h2>\n\n\n\n<p><strong>Nositelj:<\/strong><br>Institut za medicinska istra\u017eivanja i medicinu rada (IMI), Ksaverska cesta 2, Zagreb<br>www.imi.hr<\/p>\n\n\n\n<p><strong>Voditeljica projekta: dr. sc. Nikolina Ma\u010dek Hrvat, vi\u0161i znan. sur.<\/strong><\/p>\n\n\n\n<p><strong>Trajanje:<\/strong><br>1.1.2024. \u2013 31.12.2027.<\/p>\n\n\n\n<p>Financira Europska unija \u2013 NextGenerationEU (Programski ugovor od 8. prosinca 2023. KLASA: 643-02\/23-01\/00016, URBROJ: 533-03-23-0006).<\/p>\n\n\n\n<p>Financira Europska unija \u2013 NextGenerationEU. Izneseni stavovi i mi\u0161ljenja samo su autorova i ne odra\u017eavaju nu\u017eno slu\u017ebena stajali\u0161ta Europske unije ili Europske komisije. Ni Europska unija ni Europska komisija ne mogu se smatrati odgovornima za njih.<\/p>\n\n\n\n<p>Projekt BioMolTox usmjeren je na istra\u017eivanje mehanizma djelovanja biolo\u0161ki aktivnih molekula koje trenutno predstavljaju op\u0107e-zdravstveni problem poput organskih one\u010distila, sintetskih droga i nano\u010destica, ali i njihovih kompleksnih smjesa koje su prisutne u okoli\u0161u i organizmima. Poznavanje mehanizma djelovanja ovih tvari prirodnog i\/ili sintetskog porijekla, kojima smo izlo\u017eeni kratkoro\u010dno ili dugoro\u010dno u svakodnevnom \u017eivotu, od iznimne je va\u017enosti za procjenu mogu\u0107ih negativnih u\u010dinaka na zdravlje ljudi i okoli\u0161a.<\/p>\n\n\n\n<p>Istra\u017eivanja \u0107e se odvijati u \u010detiri smjera:<\/p>\n\n\n\n<p>1) Odre\u0111ivanje u\u010dinaka odabranih ksenobiotika na \u017eivi organizam.<\/p>\n\n\n\n<p>2) Razvoj i procjena djelovanja potencijalnih novih lijekova.<\/p>\n\n\n\n<p>3) Razvoj i implementacija novih metoda istra\u017eivanja.<\/p>\n\n\n\n<p>4) Biomonitoring populacije.<\/p>\n\n\n\n<p>Multidisciplinarnost projekta omogu\u0107it \u0107e bolju karakterizaciju u\u010dinaka odabranih biolo\u0161ki aktivnih tvari primjenom metoda kemijske analize, enzimske kinetike, genetike i molekularne toksikologije te toksikologije <em>in vivo<\/em>.<\/p>\n\n\n\n<p>Predlo\u017eena istra\u017eivanja u skladu su sa smjernicama Europske unije koje uklju\u010duju za\u0161titu zdravlja ljudi i okoli\u0161a kao jedan od glavnih ciljeva strategije za odr\u017eivo klimatski neutralno i kru\u017eno gospodarstvo.<\/p>\n\n\n\n<p><strong>Glavni cilj<\/strong> projekta je sveobuhvatnom analizom u\u010dinaka biolo\u0161ki aktivnih tvari prirodnog i\/ili sintetskog podrijetla odrediti mehanizam djelovanja i biolo\u0161ke mete te procijeniti rizike \u0161tetnosti djelovanja tih tvari na organizam.<\/p>\n\n\n\n<p>Istra\u017eiva\u010dki tim projekta \u010dine suradnici iz <a href=\"https:\/\/www.imi.hr\/hr\/jedinica\/zavod-za-toksikologiju\/\" data-type=\"link\" data-id=\"https:\/\/www.imi.hr\/hr\/jedinica\/zavod-za-toksikologiju\/\" target=\"_blank\" rel=\"noreferrer noopener\">Zavoda za toksikologiju<\/a>, Instituta za medicinska istra\u017eivanja i medicinu rada (IMI) te suradnici s drugih institucija.<\/p>\n\n\n\n<p>U svrhu \u0161to uspje\u0161nije provedbe projekta, projekt je podijeljen u pet radnih paketa (RP).&nbsp;&nbsp;&nbsp;&nbsp;&nbsp;&nbsp;&nbsp;&nbsp;&nbsp;&nbsp;&nbsp;&nbsp;&nbsp;&nbsp;&nbsp;&nbsp;&nbsp;&nbsp;&nbsp;&nbsp;&nbsp;&nbsp;&nbsp;&nbsp;&nbsp;&nbsp;&nbsp;&nbsp;&nbsp;&nbsp;&nbsp;&nbsp;&nbsp;&nbsp;&nbsp;&nbsp;&nbsp;&nbsp;<\/p>\n\n\n\n<div style=\"height:30px\" aria-hidden=\"true\" class=\"wp-block-spacer\"><\/div>\n\n\n\n<figure class=\"wp-block-image size-full\"><img decoding=\"async\" width=\"81\" height=\"72\" src=\"https:\/\/projekti.imi.hr\/biomoltox\/wp-content\/uploads\/sites\/5\/2024\/03\/Biokemija-3.jpg\" alt=\"\" class=\"wp-image-204\" \/><\/figure>\n\n\n\n<p><strong>RP1: Utjecaj biolo\u0161ki aktivnih molekula na \u017eiv\u010dani sustav<\/strong><\/p>\n\n\n\n<p>Istra\u017eivanja predvi\u0111ena ovim radnim paketom usmjerena su na prou\u010davanje djelovanja organofosfornih spojeva (OP) koji se koriste kao pesticidi i usporiva\u010di gorenja ili su \u017eiv\u010dani bojni otrovi na kolinergi\u010dki sustav i na razvoj novih u\u010dinkovitijih terapija kod otrovanja nakon akutnog i\/ili kroni\u010dnog izlaganja OP-ima te na razvoj novih potencijalnih lijekova za lije\u010denje neurodegenerativnih bolesti.<\/p>\n\n\n\n<p>U okviru RP1 predvi\u0111amo:<\/p>\n\n\n\n<p>i) Istra\u017eiti djelovanje odabranih OP na kolinergi\u010dni sustav uz razvoj novih terapija kod otrovanja OP spojevima.&nbsp;&nbsp;&nbsp;&nbsp;<\/p>\n\n\n\n<p>ii) Razviti nove molekule s farmakolo\u0161ki va\u017enim djelovanjem na kolinergi\u010dki sustav.<strong>&nbsp;<\/strong><\/p>\n\n\n\n<div style=\"height:30px\" aria-hidden=\"true\" class=\"wp-block-spacer\"><\/div>\n\n\n\n<figure class=\"wp-block-image size-full\"><img decoding=\"async\" width=\"73\" height=\"72\" src=\"https:\/\/projekti.imi.hr\/biomoltox\/wp-content\/uploads\/sites\/5\/2024\/03\/Toksikologija-1.jpg\" alt=\"\" class=\"wp-image-205\" \/><\/figure>\n\n\n\n<p><strong>RP2:<\/strong> <strong>Razvoj naprednih analiti\u010dkih metoda za karakterizaciju biolo\u0161ki aktivnih molekula te procjena njihove aktivnosti i toksi\u010dnosti integriranim kemijsko-biokemijskim pristupom<\/strong><\/p>\n\n\n\n<p>Istra\u017eivanja predvi\u0111ena ovim radnim paketom usmjerena su na utjecaje organskih one\u010distila iz okoli\u0161a, prirodno prisutnih mikotoksina i novih psihoaktivnih tvari, s posebnim naglaskom na njihovo me\u0111udjelovanje.<\/p>\n\n\n\n<p>U okviru RP2 predvi\u0111amo:<\/p>\n\n\n\n<p>i) Razvoj novih analiti\u010dkih metoda za identifikaciju i kvantifikaciju biolo\u0161ki aktivnih spojeva (organskih one\u010distila, psihoaktivnih tvari, mikotoksina, spojeva dizajniranih kao reverzibilnih liganada kolinesteraza) i odgovaraju\u0107ih metabolita u biolo\u0161kim uzorcima (npr. urin, krv, stani\u010dni medij).<\/p>\n\n\n\n<p>ii) Kemijsko-biokemijsku validaciju mehanizama djelovanja (redoks procesi, antioksidacijski\/oksidacijski status, endokrina disrupcija) biolo\u0161ki aktivnih spojeva.<\/p>\n\n\n\n<div style=\"height:30px\" aria-hidden=\"true\" class=\"wp-block-spacer\"><\/div>\n\n\n\n<figure class=\"wp-block-image size-full\"><img decoding=\"async\" width=\"74\" height=\"74\" src=\"https:\/\/projekti.imi.hr\/biomoltox\/wp-content\/uploads\/sites\/5\/2024\/03\/Analiticka-toksikologija-i-mineralni-metabolizam-1.jpg\" alt=\"\" class=\"wp-image-206\" \/><\/figure>\n\n\n\n<p><strong>RP3:<\/strong> <strong>Razvoj naprednih <em>in vitro <\/em>metoda za procjenu u\u010dinkovitosti i sigurnosti kompleksnih smjesa biolo\u0161ki aktivnih spojeva<\/strong><\/p>\n\n\n\n<p>Istra\u017eivanja predvi\u0111ena ovim radnim paketom usmjerena su na prou\u010davanje biolo\u0161kih u\u010dinaka kompleksnih smjesa organskih one\u010distila i nano\u010destica (NP) i razvoj <em>in vitro<\/em> metoda za njihovo pra\u0107enje. Te\u017ei\u0161te je usmjereno na razvoj inovativne <em>in vitro<\/em> metodolo\u0161ke platforme za pouzdanu procjenu rizika kompleksnih smjesa koje sadr\u017ee NP.<\/p>\n\n\n\n<p>U okviru RP3 predvi\u0111amo:<\/p>\n\n\n\n<p>i) Opisati abioti\u010dke i bioti\u010dke interakcije NP unutar odre\u0111enih simuliranih eksperimentalnih i biolo\u0161kih matrica.<\/p>\n\n\n\n<p>ii) Provesti testiranje, harmonizaciju i standardizaciju biokemijskih metoda za procjenu u\u010dinkovitosti i sigurnosti kompleksnih smjesa s NP.<\/p>\n\n\n\n<div style=\"height:30px\" aria-hidden=\"true\" class=\"wp-block-spacer\"><\/div>\n\n\n\n<figure class=\"wp-block-image size-full\"><img loading=\"lazy\" decoding=\"async\" width=\"75\" height=\"75\" src=\"https:\/\/projekti.imi.hr\/biomoltox\/wp-content\/uploads\/sites\/5\/2024\/03\/Molekulska-toksikologija-1.jpg\" alt=\"\" class=\"wp-image-207\" \/><\/figure>\n\n\n\n<p><strong>RP4:<\/strong> <strong>Membranski prijenosnici: klju\u010dni proteini u dispoziciji, u\u010dinkovitosti i toksi\u010dnosti biolo\u0161ki aktivnih tvari<\/strong><\/p>\n\n\n\n<p>Istra\u017eivanja predvi\u0111ena ovim radnim paketom usmjerena su na prou\u010davanje ekspresije i funkcije membranskih prijenosnika biolo\u0161ki aktivnih tvari u pokusnim modelima \u017eivotinja <em>in<\/em> <em>vivo\/ex vivo<\/em> i stani\u010dnim modelima <em>in vitro<\/em>.<\/p>\n\n\n\n<p>U okviru RP4 predvi\u0111amo:<\/p>\n\n\n\n<p>i) Istra\u017eiti ekspresiju i funkciju membranskih prijenosnika biolo\u0161ki aktivnih tvari na razini mRNA i proteina u stani\u010dnim linijama in vitro i tkivima\/organima pokusnih \u017eivotinja in vivo\/ex vivo te analizirati ulogu membranskih prijenosnika u metabolizmu biolo\u0161ki aktivnih tvari kori\u0161tenjem stani\u010dnih linija koje prekomjerno eksprimiraju prijenosnike.<\/p>\n\n\n\n<p>&nbsp;ii) Implementirati novi tip istra\u017eivanja genske\/proteinske ekspresije membranskih prijenosnika biolo\u0161ki aktivnih tvari u pokusnom modelu&nbsp; zebrice, razviti nove stani\u010dne modele za analizu u\u010dinaka biolo\u0161ki aktivnih tvari na membranske prijenosnike te uspostaviti model 3D stani\u010dnih kultura kao sustava za procjenu toksi\u010dnosti biolo\u0161ki aktivnih tvari.<\/p>\n\n\n\n<div style=\"height:30px\" aria-hidden=\"true\" class=\"wp-block-spacer\"><\/div>\n\n\n\n<figure class=\"wp-block-image size-full\"><img loading=\"lazy\" decoding=\"async\" width=\"76\" height=\"75\" src=\"https:\/\/projekti.imi.hr\/biomoltox\/wp-content\/uploads\/sites\/5\/2024\/03\/Mutageneza-2.jpg\" alt=\"\" class=\"wp-image-208\" \/><\/figure>\n\n\n\n<p><strong>RP5:<\/strong> <strong>Ekogeneti\u010dka istra\u017eivanja u biomonitoringu populacija, <em>in vitro<\/em> i <em>in vivo<\/em> uvjetima<\/strong><\/p>\n\n\n\n<p>Istra\u017eivanja predvi\u0111ena ovim radnim paketom usmjerena su na procijenu genotoksi\u010dnog potencijala biolo\u0161ki aktivnih molekula i pra\u0107enje razine genomskih o\u0161te\u0107enja posebice za osjetljive populacije ljudi, kako bi se omogu\u0107ili podaci za procjenu rizika oboljenja od malignih bolesti te na istra\u017eivanja protektivnih u\u010dinaka pojedinih molekula kako bi se smanjili negativni u\u010dinci poznatih genotoksikanata. Istra\u017eivanja obuhva\u0107aju ekogeneti\u010dke studije i biomonitoring populacije.<\/p>\n\n\n\n<p>U okviru RP5 predvi\u0111amo:<\/p>\n\n\n\n<p>i) Odrediti protektivne i cito\/genotoksi\u010dne u\u010dinke kemijskih tvari i njihovih mje\u0161avina te fizikalnih tvari. ii) Uspostaviti bazu podataka potrebnu za znanstveno utemeljenu procjenu rizika ljudske populacije izlo\u017eene opasnim biolo\u0161ki aktivnim molekulama i\/ili kroni\u010dnim stanjima i odrediti referentne vrijednosti o\u0161te\u0107enja DNA.<\/p>\n","protected":false},"excerpt":{"rendered":"<p>Procjena u\u010dinkovitosti i toksi\u010dnosti biolo\u0161ki aktivnih tvari \u2013 BioMolTox Nositelj:Institut za medicinska istra\u017eivanja i medicinu rada (IMI), Ksaverska cesta 2, Zagrebwww.imi.hr Voditeljica projekta: dr. sc. Nikolina Ma\u010dek Hrvat, vi\u0161i znan. sur. Trajanje:1.1.2024. \u2013 31.12.2027. Financira Europska unija \u2013 NextGenerationEU (Programski ugovor od 8. prosinca 2023. KLASA: 643-02\/23-01\/00016, URBROJ: 533-03-23-0006). Financira Europska unija \u2013 NextGenerationEU. Izneseni &hellip;<br \/><a href=\"https:\/\/projekti.imi.hr\/biomoltox\/o-projektu\/\" class=\"more-link pen_button pen_element_default pen_icon_arrow_double\">Continue reading <span class=\"screen-reader-text\">O projektu<\/span><\/a><\/p>\n","protected":false},"author":12,"featured_media":0,"parent":0,"menu_order":0,"comment_status":"closed","ping_status":"closed","template":"","meta":{"_acf_changed":false,"footnotes":""},"class_list":["post-145","page","type-page","status-publish","hentry"],"acf":[],"_links":{"self":[{"href":"https:\/\/projekti.imi.hr\/biomoltox\/wp-json\/wp\/v2\/pages\/145","targetHints":{"allow":["GET"]}}],"collection":[{"href":"https:\/\/projekti.imi.hr\/biomoltox\/wp-json\/wp\/v2\/pages"}],"about":[{"href":"https:\/\/projekti.imi.hr\/biomoltox\/wp-json\/wp\/v2\/types\/page"}],"author":[{"embeddable":true,"href":"https:\/\/projekti.imi.hr\/biomoltox\/wp-json\/wp\/v2\/users\/12"}],"replies":[{"embeddable":true,"href":"https:\/\/projekti.imi.hr\/biomoltox\/wp-json\/wp\/v2\/comments?post=145"}],"version-history":[{"count":9,"href":"https:\/\/projekti.imi.hr\/biomoltox\/wp-json\/wp\/v2\/pages\/145\/revisions"}],"predecessor-version":[{"id":482,"href":"https:\/\/projekti.imi.hr\/biomoltox\/wp-json\/wp\/v2\/pages\/145\/revisions\/482"}],"wp:attachment":[{"href":"https:\/\/projekti.imi.hr\/biomoltox\/wp-json\/wp\/v2\/media?parent=145"}],"curies":[{"name":"wp","href":"https:\/\/api.w.org\/{rel}","templated":true}]}}